{"id":159,"date":"2014-01-28T00:48:03","date_gmt":"2014-01-28T02:48:03","guid":{"rendered":"http:\/\/marigeuer.com\/coach\/?page_id=159"},"modified":"2017-06-26T17:26:04","modified_gmt":"2017-06-26T20:26:04","slug":"videos-2","status":"publish","type":"page","link":"https:\/\/marigeuer.com\/equilibrio\/videos-2\/","title":{"rendered":"Videos"},"content":{"rendered":"<h2><span style=\"color: #000080;\">Medita\u00e7\u00e3o do Perd\u00e3o<\/span><\/h2>\n<p>Essa medita\u00e7\u00e3o do perd\u00e3o \u00e9 para auxili\u00e1-lo na reconex\u00e3o com a Fonte, no reencontro consigo mesmo (seu Eu Interior) e nas pessoas com as quais tem conflitos. Escolha um lugar tranq\u00fcilo&#8230;<\/p>\n<p>Est\u00e1 pronto? Ent\u00e3o, aproveite este relaxamento e perdoe&#8230; deixe ir tudo aquilo que n\u00e3o te serve mais.<\/p>\n<p><iframe loading=\"lazy\" title=\"Medita\u00e7\u00e3o do Perd\u00e3o\" width=\"550\" height=\"413\" src=\"https:\/\/www.youtube.com\/embed\/6zUPkmRrKXQ?feature=oembed\" frameborder=\"0\" allow=\"accelerometer; autoplay; clipboard-write; encrypted-media; gyroscope; picture-in-picture; web-share\" referrerpolicy=\"strict-origin-when-cross-origin\" allowfullscreen><\/iframe><\/p>\n<h2><\/h2>\n<h2><span style=\"color: #000080;\">Medita\u00e7\u00e3o do Perd\u00e3o de Kahuna<\/span><\/h2>\n<p>Interpreta\u00e7\u00e3o Mari Geuer<br \/>\nEsta \u00e9 a ora\u00e7\u00e3o do Perd\u00e3o dos Kahunas Havaianos, o mais indicado \u00e9 faz\u00ea-lo por 21 dias consecutivos.<\/p>\n<p>Se voc\u00ea deixar de fazer um dia \u00e9 preciso recome\u00e7ar. O 21 \u00e9 considerado um n\u00famero padr\u00e3o para a troca de vibra\u00e7\u00e3o.<\/p>\n<p><iframe loading=\"lazy\" title=\"Ora\u00e7\u00e3o Perd\u00e3o de Kahuna\" width=\"550\" height=\"309\" src=\"https:\/\/www.youtube.com\/embed\/pvNpH4PWQQ0?feature=oembed\" frameborder=\"0\" allow=\"accelerometer; autoplay; clipboard-write; encrypted-media; gyroscope; picture-in-picture; web-share\" referrerpolicy=\"strict-origin-when-cross-origin\" allowfullscreen><\/iframe><\/p>\n<p>&nbsp;<\/p>\n<h2><span style=\"color: #000080;\">Exercicio de Merecimento<\/span><\/h2>\n<p>Tratamento de Merecimento de Louise Hay<br \/>\nIdeal se praticado durante 21 dias consecutivos.<\/p>\n<p><iframe loading=\"lazy\" title=\"Louise Hay Tratamento de Merecimento\" width=\"550\" height=\"309\" src=\"https:\/\/www.youtube.com\/embed\/2EKJWc0cotk?feature=oembed\" frameborder=\"0\" allow=\"accelerometer; autoplay; clipboard-write; encrypted-media; gyroscope; picture-in-picture; web-share\" referrerpolicy=\"strict-origin-when-cross-origin\" allowfullscreen><\/iframe><\/p>\n<h2><span style=\"color: #000080;\"><strong>Pilotagem para Emagrecimento<\/strong><\/span><\/h2>\n<p style=\"text-align: justify;\">Modelo baseado no Exerc\u00edcio de pilotagem para o emagrecimento que fiz para me auxiliar neste processo e espero ajudar mais pessoas. Com o exercicio de pilotagem (um m\u00e9todo de Grabovoi &#8211; Cientista Russo) \u00e9 possivel alcan\u00e7ar o desejo com mais rapidez e trazer uma nova realidade.<\/p>\n<p>Neste modelo de exerc\u00edcio de pilotagem de emagrecimento voc\u00ea poder\u00e1 criar uma nova realidade, a realidade de seu peso ideal. Segue as sequencias num\u00e9ricas que usei neste escercicio:<\/p>\n<p>Sequencia Num\u00e9rica de Grabovoi Emagrecer : 4812412<br \/>\nSequencia Num\u00e9rica de Grabovoi para meta : 894 719 78 48<br \/>\n<iframe loading=\"lazy\" src=\"https:\/\/www.youtube.com\/embed\/roEn77fDWNc\" width=\"420\" height=\"315\" frameborder=\"0\" allowfullscreen=\"allowfullscreen\"><\/iframe><br \/>\n&nbsp;<\/p>\n<h2><span style=\"color: #000080;\">1\u00aa Dia de Medita\u00e7\u00e3o da Abundancia<\/span><\/h2>\n<p>1\u00aa Dia A Realidade da Abundancia<br \/>\nVeja o texto completo em :<br \/>\n<a href=\"http:\/\/marigeuer.com\/equilibrio\/1o-dia-da-meditacao-a-realidade-da-abundancia\/\">http:\/\/marigeuer.com\/equilibrio\/1o-dia-da-meditacao-a-realidade-da-abundancia\/<\/a><\/p>\n<p>Inscreva-se em http:\/\/www.marigeuer.com\/equilibrio para receber os 21 dias de Medita\u00e7\u00e3o Criando a Abundancia.<\/p>\n<p>Musica &#8211; Yanni- Until The Last Moment<\/p>\n<p><iframe loading=\"lazy\" title=\"A Realidade da Abundancia - Deepak Chopra\" width=\"550\" height=\"309\" src=\"https:\/\/www.youtube.com\/embed\/wQvV2uz07pE?feature=oembed\" frameborder=\"0\" allow=\"accelerometer; autoplay; clipboard-write; encrypted-media; gyroscope; picture-in-picture; web-share\" referrerpolicy=\"strict-origin-when-cross-origin\" allowfullscreen><\/iframe><\/p>\n<p>&nbsp;<\/p>\n<p>Mais v\u00eddeos da Mari Geuer no Youtube<br \/>\n<a title=\"Canal Youtube Mari Geuer\" href=\"http:\/\/youtube.com\/marigeuer\" target=\"_blank\">Clique aqui, acesse e inscreva-se!<\/a><\/p>\n","protected":false},"excerpt":{"rendered":"<p>Medita\u00e7\u00e3o do Perd\u00e3o Essa medita\u00e7\u00e3o do perd\u00e3o \u00e9 para auxili\u00e1-lo na reconex\u00e3o com a Fonte, no reencontro consigo &#8230; <a class=\"more-link\" href=\"https:\/\/marigeuer.com\/equilibrio\/videos-2\/\">Read More &raquo;<\/a><\/p>\n","protected":false},"author":7,"featured_media":0,"parent":0,"menu_order":0,"comment_status":"open","ping_status":"open","template":"","meta":{"sfsi_plus_gutenberg_text_before_share":"","sfsi_plus_gutenberg_show_text_before_share":"","sfsi_plus_gutenberg_icon_type":"","sfsi_plus_gutenberg_icon_alignemt":"","sfsi_plus_gutenburg_max_per_row":"","footnotes":""},"class_list":["post-159","page","type-page","status-publish","hentry"],"yoast_head":"<!-- This site is optimized with the Yoast SEO plugin v27.2 - https:\/\/yoast.com\/product\/yoast-seo-wordpress\/ -->\n<title>Videos - Equil\u00edbrio Interior e Bem-Estar<\/title>\n<meta name=\"robots\" content=\"index, follow, max-snippet:-1, max-image-preview:large, max-video-preview:-1\" \/>\n<link rel=\"canonical\" href=\"https:\/\/marigeuer.com\/equilibrio\/videos-2\/\" \/>\n<meta property=\"og:locale\" content=\"pt_PT\" \/>\n<meta property=\"og:type\" content=\"article\" \/>\n<meta property=\"og:title\" content=\"Videos - Equil\u00edbrio Interior e Bem-Estar\" \/>\n<meta property=\"og:description\" content=\"Medita\u00e7\u00e3o do Perd\u00e3o Essa medita\u00e7\u00e3o do perd\u00e3o \u00e9 para auxili\u00e1-lo na reconex\u00e3o com a Fonte, no reencontro consigo ... Read More &raquo;\" \/>\n<meta property=\"og:url\" content=\"https:\/\/marigeuer.com\/equilibrio\/videos-2\/\" \/>\n<meta property=\"og:site_name\" content=\"Equil\u00edbrio Interior e Bem-Estar\" \/>\n<meta property=\"article:modified_time\" content=\"2017-06-26T20:26:04+00:00\" \/>\n<meta name=\"twitter:card\" content=\"summary_large_image\" \/>\n<meta name=\"twitter:label1\" content=\"Tempo estimado de leitura\" \/>\n\t<meta name=\"twitter:data1\" content=\"2 minutos\" \/>\n<script type=\"application\/ld+json\" class=\"yoast-schema-graph\">{\"@context\":\"https:\/\/schema.org\",\"@graph\":[{\"@type\":\"WebPage\",\"@id\":\"https:\/\/marigeuer.com\/equilibrio\/videos-2\/\",\"url\":\"https:\/\/marigeuer.com\/equilibrio\/videos-2\/\",\"name\":\"Videos - Equil\u00edbrio Interior e Bem-Estar\",\"isPartOf\":{\"@id\":\"https:\/\/marigeuer.com\/equilibrio\/#website\"},\"datePublished\":\"2014-01-28T02:48:03+00:00\",\"dateModified\":\"2017-06-26T20:26:04+00:00\",\"breadcrumb\":{\"@id\":\"https:\/\/marigeuer.com\/equilibrio\/videos-2\/#breadcrumb\"},\"inLanguage\":\"pt-PT\",\"potentialAction\":[{\"@type\":\"ReadAction\",\"target\":[\"https:\/\/marigeuer.com\/equilibrio\/videos-2\/\"]}]},{\"@type\":\"BreadcrumbList\",\"@id\":\"https:\/\/marigeuer.com\/equilibrio\/videos-2\/#breadcrumb\",\"itemListElement\":[{\"@type\":\"ListItem\",\"position\":1,\"name\":\"In\u00edcio\",\"item\":\"https:\/\/marigeuer.com\/equilibrio\/\"},{\"@type\":\"ListItem\",\"position\":2,\"name\":\"Videos\"}]},{\"@type\":\"WebSite\",\"@id\":\"https:\/\/marigeuer.com\/equilibrio\/#website\",\"url\":\"https:\/\/marigeuer.com\/equilibrio\/\",\"name\":\"Equil\u00edbrio Interior e Bem-Estar\",\"description\":\"Pr\u00e1ticas de Transforma\u00e7\u00f5es para voc\u00ea | Mari Geuer\",\"potentialAction\":[{\"@type\":\"SearchAction\",\"target\":{\"@type\":\"EntryPoint\",\"urlTemplate\":\"https:\/\/marigeuer.com\/equilibrio\/?s={search_term_string}\"},\"query-input\":{\"@type\":\"PropertyValueSpecification\",\"valueRequired\":true,\"valueName\":\"search_term_string\"}}],\"inLanguage\":\"pt-PT\"}]}<\/script>\n<!-- \/ Yoast SEO plugin. -->","yoast_head_json":{"title":"Videos - Equil\u00edbrio Interior e Bem-Estar","robots":{"index":"index","follow":"follow","max-snippet":"max-snippet:-1","max-image-preview":"max-image-preview:large","max-video-preview":"max-video-preview:-1"},"canonical":"https:\/\/marigeuer.com\/equilibrio\/videos-2\/","og_locale":"pt_PT","og_type":"article","og_title":"Videos - Equil\u00edbrio Interior e Bem-Estar","og_description":"Medita\u00e7\u00e3o do Perd\u00e3o Essa medita\u00e7\u00e3o do perd\u00e3o \u00e9 para auxili\u00e1-lo na reconex\u00e3o com a Fonte, no reencontro consigo ... Read More &raquo;","og_url":"https:\/\/marigeuer.com\/equilibrio\/videos-2\/","og_site_name":"Equil\u00edbrio Interior e Bem-Estar","article_modified_time":"2017-06-26T20:26:04+00:00","twitter_card":"summary_large_image","twitter_misc":{"Tempo estimado de leitura":"2 minutos"},"schema":{"@context":"https:\/\/schema.org","@graph":[{"@type":"WebPage","@id":"https:\/\/marigeuer.com\/equilibrio\/videos-2\/","url":"https:\/\/marigeuer.com\/equilibrio\/videos-2\/","name":"Videos - Equil\u00edbrio Interior e Bem-Estar","isPartOf":{"@id":"https:\/\/marigeuer.com\/equilibrio\/#website"},"datePublished":"2014-01-28T02:48:03+00:00","dateModified":"2017-06-26T20:26:04+00:00","breadcrumb":{"@id":"https:\/\/marigeuer.com\/equilibrio\/videos-2\/#breadcrumb"},"inLanguage":"pt-PT","potentialAction":[{"@type":"ReadAction","target":["https:\/\/marigeuer.com\/equilibrio\/videos-2\/"]}]},{"@type":"BreadcrumbList","@id":"https:\/\/marigeuer.com\/equilibrio\/videos-2\/#breadcrumb","itemListElement":[{"@type":"ListItem","position":1,"name":"In\u00edcio","item":"https:\/\/marigeuer.com\/equilibrio\/"},{"@type":"ListItem","position":2,"name":"Videos"}]},{"@type":"WebSite","@id":"https:\/\/marigeuer.com\/equilibrio\/#website","url":"https:\/\/marigeuer.com\/equilibrio\/","name":"Equil\u00edbrio Interior e Bem-Estar","description":"Pr\u00e1ticas de Transforma\u00e7\u00f5es para voc\u00ea | Mari Geuer","potentialAction":[{"@type":"SearchAction","target":{"@type":"EntryPoint","urlTemplate":"https:\/\/marigeuer.com\/equilibrio\/?s={search_term_string}"},"query-input":{"@type":"PropertyValueSpecification","valueRequired":true,"valueName":"search_term_string"}}],"inLanguage":"pt-PT"}]}},"_links":{"self":[{"href":"https:\/\/marigeuer.com\/equilibrio\/wp-json\/wp\/v2\/pages\/159","targetHints":{"allow":["GET"]}}],"collection":[{"href":"https:\/\/marigeuer.com\/equilibrio\/wp-json\/wp\/v2\/pages"}],"about":[{"href":"https:\/\/marigeuer.com\/equilibrio\/wp-json\/wp\/v2\/types\/page"}],"author":[{"embeddable":true,"href":"https:\/\/marigeuer.com\/equilibrio\/wp-json\/wp\/v2\/users\/7"}],"replies":[{"embeddable":true,"href":"https:\/\/marigeuer.com\/equilibrio\/wp-json\/wp\/v2\/comments?post=159"}],"version-history":[{"count":7,"href":"https:\/\/marigeuer.com\/equilibrio\/wp-json\/wp\/v2\/pages\/159\/revisions"}],"predecessor-version":[{"id":6509,"href":"https:\/\/marigeuer.com\/equilibrio\/wp-json\/wp\/v2\/pages\/159\/revisions\/6509"}],"wp:attachment":[{"href":"https:\/\/marigeuer.com\/equilibrio\/wp-json\/wp\/v2\/media?parent=159"}],"curies":[{"name":"wp","href":"https:\/\/api.w.org\/{rel}","templated":true}]}}