{"id":18,"date":"2012-07-13T08:47:05","date_gmt":"2012-07-13T05:47:05","guid":{"rendered":"http:\/\/marigeuer.com\/blog\/?page_id=18"},"modified":"2018-01-01T17:28:47","modified_gmt":"2018-01-01T20:28:47","slug":"feng-shui","status":"publish","type":"page","link":"https:\/\/marigeuer.com\/equilibrio\/feng-shui\/","title":{"rendered":"Feng Shui"},"content":{"rendered":"<p style=\"text-align: justify;\">Eu, Mari Geuer, ofere\u00e7o <strong>consultoria para a organiza\u00e7\u00e3o do espa\u00e7os f\u00edsicos residenciais e empresariais<\/strong>, por meio dos estudos do Feng Shui.<\/p>\n<p style=\"text-align: justify;\">O <strong><span style=\"color: #ff0000;\">Feng Shui<\/span><\/strong>, <strong><span style=\"color: #ff0000;\">Radiestesia<\/span> <\/strong>e a <strong><span style=\"color: #ff0000;\"><a href=\"http:\/\/marigeuer.com\/equilibrio\/numerologia-cabalistica\/numerologia-cabalistica-mapa-pessoal\/\" target=\"_blank\"><span style=\"color: #ff0000;\">Numerologia<\/span><\/a><\/span><\/strong> auxiliam sua <strong>casa, sua empresa e seu ambiente de trabalho<\/strong> a encontrar equil\u00edbrio e harmonia para a sua vida pessoal e para maximizar os talentos e a\u00a0produtividade de sua empresa.<\/p>\n<h2><a href=\"http:\/\/marigeuer.com\/equilibrio\/feng-shui\/residencial\/\" target=\"_blank\">Consultoria Residencial<\/a><\/h2>\n<h2><a href=\"http:\/\/marigeuer.com\/equilibrio\/feng-shui\/empresarial\/\" target=\"_blank\">Consultoria Empresarial<\/a><\/h2>\n<p>&nbsp;<\/p>\n<h4>Curso online de Feng Shui<br \/>\ninforma\u00e7\u00f5es contato@marigeuer.com<\/h4>\n<p>&nbsp;<\/p>\n<p>&nbsp;<\/p>\n<p>&nbsp;<\/p>\n","protected":false},"excerpt":{"rendered":"<p>Eu, Mari Geuer, ofere\u00e7o consultoria para a organiza\u00e7\u00e3o do espa\u00e7os f\u00edsicos residenciais e empresariais, por meio dos estudos &#8230; <a class=\"more-link\" href=\"https:\/\/marigeuer.com\/equilibrio\/feng-shui\/\">Read More &raquo;<\/a><\/p>\n","protected":false},"author":2,"featured_media":0,"parent":0,"menu_order":0,"comment_status":"open","ping_status":"open","template":"","meta":{"sfsi_plus_gutenberg_text_before_share":"","sfsi_plus_gutenberg_show_text_before_share":"","sfsi_plus_gutenberg_icon_type":"","sfsi_plus_gutenberg_icon_alignemt":"","sfsi_plus_gutenburg_max_per_row":"","footnotes":""},"class_list":["post-18","page","type-page","status-publish","hentry"],"yoast_head":"<!-- This site is optimized with the Yoast SEO plugin v27.2 - https:\/\/yoast.com\/product\/yoast-seo-wordpress\/ -->\n<title>Feng Shui - Equil\u00edbrio Interior e Bem-Estar<\/title>\n<meta name=\"robots\" content=\"index, follow, max-snippet:-1, max-image-preview:large, max-video-preview:-1\" \/>\n<link rel=\"canonical\" href=\"https:\/\/marigeuer.com\/equilibrio\/feng-shui\/\" \/>\n<meta property=\"og:locale\" content=\"pt_PT\" \/>\n<meta property=\"og:type\" content=\"article\" \/>\n<meta property=\"og:title\" content=\"Feng Shui - Equil\u00edbrio Interior e Bem-Estar\" \/>\n<meta property=\"og:description\" content=\"Eu, Mari Geuer, ofere\u00e7o consultoria para a organiza\u00e7\u00e3o do espa\u00e7os f\u00edsicos residenciais e empresariais, por meio dos estudos ... Read More &raquo;\" \/>\n<meta property=\"og:url\" content=\"https:\/\/marigeuer.com\/equilibrio\/feng-shui\/\" \/>\n<meta property=\"og:site_name\" content=\"Equil\u00edbrio Interior e Bem-Estar\" \/>\n<meta property=\"article:modified_time\" content=\"2018-01-01T20:28:47+00:00\" \/>\n<meta name=\"twitter:card\" content=\"summary_large_image\" \/>\n<script type=\"application\/ld+json\" class=\"yoast-schema-graph\">{\"@context\":\"https:\/\/schema.org\",\"@graph\":[{\"@type\":\"WebPage\",\"@id\":\"https:\/\/marigeuer.com\/equilibrio\/feng-shui\/\",\"url\":\"https:\/\/marigeuer.com\/equilibrio\/feng-shui\/\",\"name\":\"Feng Shui - Equil\u00edbrio Interior e Bem-Estar\",\"isPartOf\":{\"@id\":\"https:\/\/marigeuer.com\/equilibrio\/#website\"},\"datePublished\":\"2012-07-13T05:47:05+00:00\",\"dateModified\":\"2018-01-01T20:28:47+00:00\",\"breadcrumb\":{\"@id\":\"https:\/\/marigeuer.com\/equilibrio\/feng-shui\/#breadcrumb\"},\"inLanguage\":\"pt-PT\",\"potentialAction\":[{\"@type\":\"ReadAction\",\"target\":[\"https:\/\/marigeuer.com\/equilibrio\/feng-shui\/\"]}]},{\"@type\":\"BreadcrumbList\",\"@id\":\"https:\/\/marigeuer.com\/equilibrio\/feng-shui\/#breadcrumb\",\"itemListElement\":[{\"@type\":\"ListItem\",\"position\":1,\"name\":\"In\u00edcio\",\"item\":\"https:\/\/marigeuer.com\/equilibrio\/\"},{\"@type\":\"ListItem\",\"position\":2,\"name\":\"Feng Shui\"}]},{\"@type\":\"WebSite\",\"@id\":\"https:\/\/marigeuer.com\/equilibrio\/#website\",\"url\":\"https:\/\/marigeuer.com\/equilibrio\/\",\"name\":\"Equil\u00edbrio Interior e Bem-Estar\",\"description\":\"Pr\u00e1ticas de Transforma\u00e7\u00f5es para voc\u00ea | Mari Geuer\",\"potentialAction\":[{\"@type\":\"SearchAction\",\"target\":{\"@type\":\"EntryPoint\",\"urlTemplate\":\"https:\/\/marigeuer.com\/equilibrio\/?s={search_term_string}\"},\"query-input\":{\"@type\":\"PropertyValueSpecification\",\"valueRequired\":true,\"valueName\":\"search_term_string\"}}],\"inLanguage\":\"pt-PT\"}]}<\/script>\n<!-- \/ Yoast SEO plugin. -->","yoast_head_json":{"title":"Feng Shui - Equil\u00edbrio Interior e Bem-Estar","robots":{"index":"index","follow":"follow","max-snippet":"max-snippet:-1","max-image-preview":"max-image-preview:large","max-video-preview":"max-video-preview:-1"},"canonical":"https:\/\/marigeuer.com\/equilibrio\/feng-shui\/","og_locale":"pt_PT","og_type":"article","og_title":"Feng Shui - Equil\u00edbrio Interior e Bem-Estar","og_description":"Eu, Mari Geuer, ofere\u00e7o consultoria para a organiza\u00e7\u00e3o do espa\u00e7os f\u00edsicos residenciais e empresariais, por meio dos estudos ... Read More &raquo;","og_url":"https:\/\/marigeuer.com\/equilibrio\/feng-shui\/","og_site_name":"Equil\u00edbrio Interior e Bem-Estar","article_modified_time":"2018-01-01T20:28:47+00:00","twitter_card":"summary_large_image","schema":{"@context":"https:\/\/schema.org","@graph":[{"@type":"WebPage","@id":"https:\/\/marigeuer.com\/equilibrio\/feng-shui\/","url":"https:\/\/marigeuer.com\/equilibrio\/feng-shui\/","name":"Feng Shui - Equil\u00edbrio Interior e Bem-Estar","isPartOf":{"@id":"https:\/\/marigeuer.com\/equilibrio\/#website"},"datePublished":"2012-07-13T05:47:05+00:00","dateModified":"2018-01-01T20:28:47+00:00","breadcrumb":{"@id":"https:\/\/marigeuer.com\/equilibrio\/feng-shui\/#breadcrumb"},"inLanguage":"pt-PT","potentialAction":[{"@type":"ReadAction","target":["https:\/\/marigeuer.com\/equilibrio\/feng-shui\/"]}]},{"@type":"BreadcrumbList","@id":"https:\/\/marigeuer.com\/equilibrio\/feng-shui\/#breadcrumb","itemListElement":[{"@type":"ListItem","position":1,"name":"In\u00edcio","item":"https:\/\/marigeuer.com\/equilibrio\/"},{"@type":"ListItem","position":2,"name":"Feng Shui"}]},{"@type":"WebSite","@id":"https:\/\/marigeuer.com\/equilibrio\/#website","url":"https:\/\/marigeuer.com\/equilibrio\/","name":"Equil\u00edbrio Interior e Bem-Estar","description":"Pr\u00e1ticas de Transforma\u00e7\u00f5es para voc\u00ea | Mari Geuer","potentialAction":[{"@type":"SearchAction","target":{"@type":"EntryPoint","urlTemplate":"https:\/\/marigeuer.com\/equilibrio\/?s={search_term_string}"},"query-input":{"@type":"PropertyValueSpecification","valueRequired":true,"valueName":"search_term_string"}}],"inLanguage":"pt-PT"}]}},"_links":{"self":[{"href":"https:\/\/marigeuer.com\/equilibrio\/wp-json\/wp\/v2\/pages\/18","targetHints":{"allow":["GET"]}}],"collection":[{"href":"https:\/\/marigeuer.com\/equilibrio\/wp-json\/wp\/v2\/pages"}],"about":[{"href":"https:\/\/marigeuer.com\/equilibrio\/wp-json\/wp\/v2\/types\/page"}],"author":[{"embeddable":true,"href":"https:\/\/marigeuer.com\/equilibrio\/wp-json\/wp\/v2\/users\/2"}],"replies":[{"embeddable":true,"href":"https:\/\/marigeuer.com\/equilibrio\/wp-json\/wp\/v2\/comments?post=18"}],"version-history":[{"count":10,"href":"https:\/\/marigeuer.com\/equilibrio\/wp-json\/wp\/v2\/pages\/18\/revisions"}],"predecessor-version":[{"id":7153,"href":"https:\/\/marigeuer.com\/equilibrio\/wp-json\/wp\/v2\/pages\/18\/revisions\/7153"}],"wp:attachment":[{"href":"https:\/\/marigeuer.com\/equilibrio\/wp-json\/wp\/v2\/media?parent=18"}],"curies":[{"name":"wp","href":"https:\/\/api.w.org\/{rel}","templated":true}]}}