{"id":1846,"date":"2012-11-05T07:18:57","date_gmt":"2012-11-05T10:18:57","guid":{"rendered":"http:\/\/marigeuer.com\/blog\/?page_id=1846"},"modified":"2014-02-25T10:49:47","modified_gmt":"2014-02-25T13:49:47","slug":"agenda","status":"publish","type":"page","link":"https:\/\/marigeuer.com\/equilibrio\/agenda\/","title":{"rendered":"Agenda"},"content":{"rendered":"<h1 style=\"text-align: center;\"><strong>Acompanhe e programe-se para nossos cursos em\u00a0<\/strong><strong>Mar\u00e7o \/ 2014<\/strong><\/h1>\n<h2><\/h2>\n<h2><strong><span style=\"color: #000080;\">Feng Shui Harmonia e Prosperidade em Sua Vida<\/span><\/strong><\/h2>\n<h3>Palestra Fechada &#8211; Empresa -dia 14\/03\/2014 &#8211; 10h30<\/h3>\n<p>&nbsp;<\/p>\n<h2><strong><span style=\"color: #000080;\">Conquiste Sua Autonomia Financeira <\/span><\/strong><\/h2>\n<h2><strong><span style=\"color: #000080;\">Grupo de Estudos &#8211; 17\/03\/2014<\/span><\/strong><\/h2>\n<p>Palestra Aberta dia 17\/03 \u00e0s 20h<\/p>\n<p>Entenda que a sa\u00fade financeira \u00e9 um alicerce para que as sa\u00fade f\u00edsica, mental e espiritual fique em equil\u00edbrio<\/p>\n<p>Inscri\u00e7\u00f5es : contato@marigeuer.com ou fone (19) 33246904 \/ 99214.6726<\/p>\n<p>Local: Espa\u00e7o Equilibrio Interior &#8211; Bar\u00e3o Geraldo \/ Campinas<\/p>\n<p>============================================================<\/p>\n<h4><strong><\/strong><strong style=\"font-size: 1.8em;\"><span style=\"color: #000080;\">15\/03\/2014 &#8211; Curso de Vitral Intensivo\u00a0<\/span><\/strong><\/h4>\n<h3><a style=\"font-size: 12px;\" href=\"http:\/\/3.bp.blogspot.com\/-ToB-1cCcRzI\/TXwwf82B7gI\/AAAAAAAAALg\/FRaOYQun404\/s1600\/Monte+Verde+Jan11+183.jpg\" target=\"_blank\"><img loading=\"lazy\" decoding=\"async\" class=\"alignleft\" style=\"border: 0px;\" alt=\"\" src=\"http:\/\/3.bp.blogspot.com\/-ToB-1cCcRzI\/TXwwf82B7gI\/AAAAAAAAALg\/FRaOYQun404\/s200\/Monte+Verde+Jan11+183.jpg\" width=\"198\" height=\"200\" border=\"0\" \/><\/a><\/h3>\n<div>\n<div>\u00a0<b><i>VITRAL \u2013 ARTE E TRADI\u00c7\u00c3O<\/i><\/b><i>\u00a0<\/i><\/div>\n<div>\n<p><b><i>Viaje com suas m\u00e3os atrav\u00e9s dos s\u00e9culos, tendo contato com esta arte milenar.<\/i><\/b><\/p>\n<div>\u00c9 uma composi\u00e7\u00e3o art\u00edstica, cujo material usado s\u00e3o os vidros transparentes, coloridos, lisos ou com texturas, montados interligando perfis de chumbo e soldados com estanho.<\/div>\n<div><\/div>\n<div><\/div>\n<div><\/div>\n<div><\/div>\n<div><strong>Local\u00a0 &#8211;\u00a0<i>Campinas\/SP<\/i><\/strong><\/div>\n<div>\n<div><strong>Intensivo (1 dia) \u00a0<\/strong><\/div>\n<div><strong>hor\u00e1rio: 9:00 \u00e0s 17:00h (intervalo para almo\u00e7o) \u00a0<\/strong><\/div>\n<div><strong>\u00a0<\/strong><\/div>\n<\/div>\n<\/div>\n<div><strong>Inscri\u00e7\u00e3o\/Informa\u00e7\u00e3o<\/strong><\/div>\n<div><strong><a href=\"mailto:mari.geuer@gmail.com\">mari.geuer@gmail.com<\/a><\/strong><\/div>\n<div><strong>fone 19 3324.6904<\/strong><\/div>\n<div><strong>tinekegeuer@ig.com.br<\/strong><\/div>\n<\/div>\n<p>=============================================================<\/p>\n<h2><strong><span style=\"font-family: Tahoma; font-size: medium; color: #000080;\">\u00a0<\/span><\/strong><\/h2>\n","protected":false},"excerpt":{"rendered":"<p>Acompanhe e programe-se para nossos cursos em\u00a0Mar\u00e7o \/ 2014 Feng Shui Harmonia e Prosperidade em Sua Vida Palestra &#8230; <a class=\"more-link\" href=\"https:\/\/marigeuer.com\/equilibrio\/agenda\/\">Read More &raquo;<\/a><\/p>\n","protected":false},"author":2,"featured_media":0,"parent":0,"menu_order":0,"comment_status":"open","ping_status":"open","template":"","meta":{"sfsi_plus_gutenberg_text_before_share":"","sfsi_plus_gutenberg_show_text_before_share":"","sfsi_plus_gutenberg_icon_type":"","sfsi_plus_gutenberg_icon_alignemt":"","sfsi_plus_gutenburg_max_per_row":"","footnotes":""},"class_list":["post-1846","page","type-page","status-publish","hentry"],"yoast_head":"<!-- This site is optimized with the Yoast SEO plugin v27.2 - https:\/\/yoast.com\/product\/yoast-seo-wordpress\/ -->\n<title>Agenda - Equil\u00edbrio Interior e Bem-Estar<\/title>\n<meta name=\"robots\" content=\"index, follow, max-snippet:-1, max-image-preview:large, max-video-preview:-1\" \/>\n<link rel=\"canonical\" href=\"https:\/\/marigeuer.com\/equilibrio\/agenda\/\" \/>\n<meta property=\"og:locale\" content=\"pt_PT\" \/>\n<meta property=\"og:type\" content=\"article\" \/>\n<meta property=\"og:title\" content=\"Agenda - Equil\u00edbrio Interior e Bem-Estar\" \/>\n<meta property=\"og:description\" content=\"Acompanhe e programe-se para nossos cursos em\u00a0Mar\u00e7o \/ 2014 Feng Shui Harmonia e Prosperidade em Sua Vida Palestra ... Read More &raquo;\" \/>\n<meta property=\"og:url\" content=\"https:\/\/marigeuer.com\/equilibrio\/agenda\/\" \/>\n<meta property=\"og:site_name\" content=\"Equil\u00edbrio Interior e Bem-Estar\" \/>\n<meta property=\"article:modified_time\" content=\"2014-02-25T13:49:47+00:00\" \/>\n<meta property=\"og:image\" content=\"http:\/\/3.bp.blogspot.com\/-ToB-1cCcRzI\/TXwwf82B7gI\/AAAAAAAAALg\/FRaOYQun404\/s200\/Monte+Verde+Jan11+183.jpg\" \/>\n<meta name=\"twitter:card\" content=\"summary_large_image\" \/>\n<meta name=\"twitter:label1\" content=\"Tempo estimado de leitura\" \/>\n\t<meta name=\"twitter:data1\" content=\"1 minuto\" \/>\n<script type=\"application\/ld+json\" class=\"yoast-schema-graph\">{\"@context\":\"https:\/\/schema.org\",\"@graph\":[{\"@type\":\"WebPage\",\"@id\":\"https:\/\/marigeuer.com\/equilibrio\/agenda\/\",\"url\":\"https:\/\/marigeuer.com\/equilibrio\/agenda\/\",\"name\":\"Agenda - Equil\u00edbrio Interior e Bem-Estar\",\"isPartOf\":{\"@id\":\"https:\/\/marigeuer.com\/equilibrio\/#website\"},\"primaryImageOfPage\":{\"@id\":\"https:\/\/marigeuer.com\/equilibrio\/agenda\/#primaryimage\"},\"image\":{\"@id\":\"https:\/\/marigeuer.com\/equilibrio\/agenda\/#primaryimage\"},\"thumbnailUrl\":\"http:\/\/3.bp.blogspot.com\/-ToB-1cCcRzI\/TXwwf82B7gI\/AAAAAAAAALg\/FRaOYQun404\/s200\/Monte+Verde+Jan11+183.jpg\",\"datePublished\":\"2012-11-05T10:18:57+00:00\",\"dateModified\":\"2014-02-25T13:49:47+00:00\",\"breadcrumb\":{\"@id\":\"https:\/\/marigeuer.com\/equilibrio\/agenda\/#breadcrumb\"},\"inLanguage\":\"pt-PT\",\"potentialAction\":[{\"@type\":\"ReadAction\",\"target\":[\"https:\/\/marigeuer.com\/equilibrio\/agenda\/\"]}]},{\"@type\":\"ImageObject\",\"inLanguage\":\"pt-PT\",\"@id\":\"https:\/\/marigeuer.com\/equilibrio\/agenda\/#primaryimage\",\"url\":\"http:\/\/3.bp.blogspot.com\/-ToB-1cCcRzI\/TXwwf82B7gI\/AAAAAAAAALg\/FRaOYQun404\/s200\/Monte+Verde+Jan11+183.jpg\",\"contentUrl\":\"http:\/\/3.bp.blogspot.com\/-ToB-1cCcRzI\/TXwwf82B7gI\/AAAAAAAAALg\/FRaOYQun404\/s200\/Monte+Verde+Jan11+183.jpg\"},{\"@type\":\"BreadcrumbList\",\"@id\":\"https:\/\/marigeuer.com\/equilibrio\/agenda\/#breadcrumb\",\"itemListElement\":[{\"@type\":\"ListItem\",\"position\":1,\"name\":\"In\u00edcio\",\"item\":\"https:\/\/marigeuer.com\/equilibrio\/\"},{\"@type\":\"ListItem\",\"position\":2,\"name\":\"Agenda\"}]},{\"@type\":\"WebSite\",\"@id\":\"https:\/\/marigeuer.com\/equilibrio\/#website\",\"url\":\"https:\/\/marigeuer.com\/equilibrio\/\",\"name\":\"Equil\u00edbrio Interior e Bem-Estar\",\"description\":\"Pr\u00e1ticas de Transforma\u00e7\u00f5es para voc\u00ea | Mari Geuer\",\"potentialAction\":[{\"@type\":\"SearchAction\",\"target\":{\"@type\":\"EntryPoint\",\"urlTemplate\":\"https:\/\/marigeuer.com\/equilibrio\/?s={search_term_string}\"},\"query-input\":{\"@type\":\"PropertyValueSpecification\",\"valueRequired\":true,\"valueName\":\"search_term_string\"}}],\"inLanguage\":\"pt-PT\"}]}<\/script>\n<!-- \/ Yoast SEO plugin. -->","yoast_head_json":{"title":"Agenda - Equil\u00edbrio Interior e Bem-Estar","robots":{"index":"index","follow":"follow","max-snippet":"max-snippet:-1","max-image-preview":"max-image-preview:large","max-video-preview":"max-video-preview:-1"},"canonical":"https:\/\/marigeuer.com\/equilibrio\/agenda\/","og_locale":"pt_PT","og_type":"article","og_title":"Agenda - Equil\u00edbrio Interior e Bem-Estar","og_description":"Acompanhe e programe-se para nossos cursos em\u00a0Mar\u00e7o \/ 2014 Feng Shui Harmonia e Prosperidade em Sua Vida Palestra ... Read More &raquo;","og_url":"https:\/\/marigeuer.com\/equilibrio\/agenda\/","og_site_name":"Equil\u00edbrio Interior e Bem-Estar","article_modified_time":"2014-02-25T13:49:47+00:00","og_image":[{"url":"http:\/\/3.bp.blogspot.com\/-ToB-1cCcRzI\/TXwwf82B7gI\/AAAAAAAAALg\/FRaOYQun404\/s200\/Monte+Verde+Jan11+183.jpg","type":"","width":"","height":""}],"twitter_card":"summary_large_image","twitter_misc":{"Tempo estimado de leitura":"1 minuto"},"schema":{"@context":"https:\/\/schema.org","@graph":[{"@type":"WebPage","@id":"https:\/\/marigeuer.com\/equilibrio\/agenda\/","url":"https:\/\/marigeuer.com\/equilibrio\/agenda\/","name":"Agenda - Equil\u00edbrio Interior e Bem-Estar","isPartOf":{"@id":"https:\/\/marigeuer.com\/equilibrio\/#website"},"primaryImageOfPage":{"@id":"https:\/\/marigeuer.com\/equilibrio\/agenda\/#primaryimage"},"image":{"@id":"https:\/\/marigeuer.com\/equilibrio\/agenda\/#primaryimage"},"thumbnailUrl":"http:\/\/3.bp.blogspot.com\/-ToB-1cCcRzI\/TXwwf82B7gI\/AAAAAAAAALg\/FRaOYQun404\/s200\/Monte+Verde+Jan11+183.jpg","datePublished":"2012-11-05T10:18:57+00:00","dateModified":"2014-02-25T13:49:47+00:00","breadcrumb":{"@id":"https:\/\/marigeuer.com\/equilibrio\/agenda\/#breadcrumb"},"inLanguage":"pt-PT","potentialAction":[{"@type":"ReadAction","target":["https:\/\/marigeuer.com\/equilibrio\/agenda\/"]}]},{"@type":"ImageObject","inLanguage":"pt-PT","@id":"https:\/\/marigeuer.com\/equilibrio\/agenda\/#primaryimage","url":"http:\/\/3.bp.blogspot.com\/-ToB-1cCcRzI\/TXwwf82B7gI\/AAAAAAAAALg\/FRaOYQun404\/s200\/Monte+Verde+Jan11+183.jpg","contentUrl":"http:\/\/3.bp.blogspot.com\/-ToB-1cCcRzI\/TXwwf82B7gI\/AAAAAAAAALg\/FRaOYQun404\/s200\/Monte+Verde+Jan11+183.jpg"},{"@type":"BreadcrumbList","@id":"https:\/\/marigeuer.com\/equilibrio\/agenda\/#breadcrumb","itemListElement":[{"@type":"ListItem","position":1,"name":"In\u00edcio","item":"https:\/\/marigeuer.com\/equilibrio\/"},{"@type":"ListItem","position":2,"name":"Agenda"}]},{"@type":"WebSite","@id":"https:\/\/marigeuer.com\/equilibrio\/#website","url":"https:\/\/marigeuer.com\/equilibrio\/","name":"Equil\u00edbrio Interior e Bem-Estar","description":"Pr\u00e1ticas de Transforma\u00e7\u00f5es para voc\u00ea | Mari Geuer","potentialAction":[{"@type":"SearchAction","target":{"@type":"EntryPoint","urlTemplate":"https:\/\/marigeuer.com\/equilibrio\/?s={search_term_string}"},"query-input":{"@type":"PropertyValueSpecification","valueRequired":true,"valueName":"search_term_string"}}],"inLanguage":"pt-PT"}]}},"_links":{"self":[{"href":"https:\/\/marigeuer.com\/equilibrio\/wp-json\/wp\/v2\/pages\/1846","targetHints":{"allow":["GET"]}}],"collection":[{"href":"https:\/\/marigeuer.com\/equilibrio\/wp-json\/wp\/v2\/pages"}],"about":[{"href":"https:\/\/marigeuer.com\/equilibrio\/wp-json\/wp\/v2\/types\/page"}],"author":[{"embeddable":true,"href":"https:\/\/marigeuer.com\/equilibrio\/wp-json\/wp\/v2\/users\/2"}],"replies":[{"embeddable":true,"href":"https:\/\/marigeuer.com\/equilibrio\/wp-json\/wp\/v2\/comments?post=1846"}],"version-history":[{"count":32,"href":"https:\/\/marigeuer.com\/equilibrio\/wp-json\/wp\/v2\/pages\/1846\/revisions"}],"predecessor-version":[{"id":4563,"href":"https:\/\/marigeuer.com\/equilibrio\/wp-json\/wp\/v2\/pages\/1846\/revisions\/4563"}],"wp:attachment":[{"href":"https:\/\/marigeuer.com\/equilibrio\/wp-json\/wp\/v2\/media?parent=1846"}],"curies":[{"name":"wp","href":"https:\/\/api.w.org\/{rel}","templated":true}]}}