{"id":198,"date":"2012-08-23T18:34:10","date_gmt":"2012-08-23T15:34:10","guid":{"rendered":"http:\/\/marigeuer.com\/blog\/?page_id=198"},"modified":"2022-05-30T08:52:51","modified_gmt":"2022-05-30T11:52:51","slug":"nucleo-vivencias-unidarma","status":"publish","type":"page","link":"https:\/\/marigeuer.com\/equilibrio\/nucleo-vivencias-unidarma\/","title":{"rendered":"NVU Campinas"},"content":{"rendered":"<h2><\/h2>\n<div>\n<p>Os\u00a0<strong>N\u00facleos de Viv\u00eancias Unidarma\u00a0<\/strong>s\u00e3o uma oportunidade de voc\u00ea ter contato presencial com pessoas interessadas em autoconhecimento.<\/p>\n<p><a href=\"http:\/\/equilibriointeriorepoderpessoal.files.wordpress.com\/2011\/09\/curaatimesmogrupodeautoajuda.jpg\"><img loading=\"lazy\" decoding=\"async\" title=\"cura+a+ti+mesmo+grupo+de+auto+ajuda\" alt=\"\" src=\"http:\/\/equilibriointeriorepoderpessoal.files.wordpress.com\/2011\/09\/curaatimesmogrupodeautoajuda.jpg?w=300&amp;h=300\" width=\"300\" height=\"300\" \/><\/a><\/p>\n<p>Buscadores do Autoconhecimento e Poder Pessoal<\/p>\n<p>A finalidade de um\u00a0<strong>N\u00facleo de Viv\u00eancias Unidarma<\/strong>\u00a0\u00e9 estimular a sua disciplina nas pr\u00e1ticas de autoconhecimento, propor autoconscientiza\u00e7\u00e3o e oferecer <a href=\"https:\/\/forms.gle\/m3adDSPFeM6roCSM6\" target=\"_blank\" rel=\"noopener noreferrer\">ferramentas<\/a> para a manifesta\u00e7\u00e3o de seu poder pessoal, favorecer a harmonia emocional, mental e f\u00edsica criando novas perspectivas de bem viver e relacionar-se.<\/p>\n<p>Qualquer pessoa interessada em autoconhecimento pode participar desses n\u00facleos, pois os mesmos n\u00e3o pregam nem defendem nenhuma doutrina religiosa ou partid\u00e1ria.<\/p>\n<p>Trata-se de um grupo de livres pensadores, cada qual com direito de expressar suas pr\u00f3prias convic\u00e7\u00f5es, comprometidos com sua pr\u00f3pria integridade e com seu autoconhecimento.<\/p>\n<p><strong>Os encontros acontecem semanalmente \u00e0s quartas-feiras \u00a0\u00e0s 20:00 h em Bar\u00e3o Geraldo.<\/strong><\/p>\n<p>A pontualidade \u00e9 imprescind\u00edvel, visto que estamos neste trabalho para desenvolver nossa disciplina pessoal que come\u00e7a com o respeito com os hor\u00e1rios e frequ\u00eancia ass\u00eddua das reuni\u00f5es.<\/p>\n<h3>Fa\u00e7a parte de um N\u00facleo de Viv\u00eancias Unidarma!<\/h3>\n<p>Seja mais um elo desta corrente do bem.<\/p>\n<p>Crie um N\u00facleo de Viv\u00eancias Unidarma no seu bairro ou na sua cidade.<\/p>\n<h4><strong>Unidade Bar\u00e3o Geraldo \u00a0<\/strong><strong>Rua Jo\u00e3o Burato, 32 \u2013 Residencial Burato \u00a0<\/strong><strong>Bar\u00e3o Geraldo \u2013 Campinas \/ SP\u00a0<\/strong><\/h4>\n<address>\u00a0<\/address>\n<address><strong>Mentoras:<\/strong><\/address>\n<address><strong>Mari Geuer \u00a0<\/strong><strong>f. 19 3324.6904 contato@<\/strong><strong>marigeuer.com <\/strong><\/address>\n<address><strong>Marinalva Ferreira f. 19 32038351 fmmarinalva@yahoo.com.br<\/strong><\/address>\n<address>Conhe\u00e7a tamb\u00e9m:<\/p>\n<p><strong><a href=\"https:\/\/forms.gle\/m3adDSPFeM6roCSM6\" target=\"_blank\" rel=\"noopener noreferrer\">Escola Online de Desenvolvimento Pessoal \u2013 Unidarma<\/a><\/strong><\/p>\n<\/address>\n<p><img loading=\"lazy\" decoding=\"async\" class=\"alignleft\" title=\"vcmelhordoquenunca-500\" alt=\"Unidarma - Escola de Desenvolvimento Pessoal\" src=\"http:\/\/equilibriointeriorepoderpessoal.files.wordpress.com\/2011\/09\/vcmelhordoquenunca-500.jpg?w=500\" width=\"240\" height=\"179\" \/><\/p>\n<p>&nbsp;<\/p>\n<address>\u00a0<\/address>\n<\/div>\n","protected":false},"excerpt":{"rendered":"<p>Os\u00a0N\u00facleos de Viv\u00eancias Unidarma\u00a0s\u00e3o uma oportunidade de voc\u00ea ter contato presencial com pessoas interessadas em autoconhecimento. Buscadores do &#8230; <a class=\"more-link\" href=\"https:\/\/marigeuer.com\/equilibrio\/nucleo-vivencias-unidarma\/\">Read More &raquo;<\/a><\/p>\n","protected":false},"author":2,"featured_media":0,"parent":0,"menu_order":0,"comment_status":"open","ping_status":"open","template":"","meta":{"sfsi_plus_gutenberg_text_before_share":"","sfsi_plus_gutenberg_show_text_before_share":"","sfsi_plus_gutenberg_icon_type":"","sfsi_plus_gutenberg_icon_alignemt":"","sfsi_plus_gutenburg_max_per_row":"","footnotes":""},"class_list":["post-198","page","type-page","status-publish","hentry"],"yoast_head":"<!-- This site is optimized with the Yoast SEO plugin v27.2 - https:\/\/yoast.com\/product\/yoast-seo-wordpress\/ -->\n<title>NVU Campinas - Equil\u00edbrio Interior e Bem-Estar<\/title>\n<meta name=\"robots\" content=\"index, follow, max-snippet:-1, max-image-preview:large, max-video-preview:-1\" \/>\n<link rel=\"canonical\" href=\"https:\/\/marigeuer.com\/equilibrio\/nucleo-vivencias-unidarma\/\" \/>\n<meta property=\"og:locale\" content=\"pt_PT\" \/>\n<meta property=\"og:type\" content=\"article\" \/>\n<meta property=\"og:title\" content=\"NVU Campinas - Equil\u00edbrio Interior e Bem-Estar\" \/>\n<meta property=\"og:description\" content=\"Os\u00a0N\u00facleos de Viv\u00eancias Unidarma\u00a0s\u00e3o uma oportunidade de voc\u00ea ter contato presencial com pessoas interessadas em autoconhecimento. Buscadores do ... Read More &raquo;\" \/>\n<meta property=\"og:url\" content=\"https:\/\/marigeuer.com\/equilibrio\/nucleo-vivencias-unidarma\/\" \/>\n<meta property=\"og:site_name\" content=\"Equil\u00edbrio Interior e Bem-Estar\" \/>\n<meta property=\"article:modified_time\" content=\"2022-05-30T11:52:51+00:00\" \/>\n<meta property=\"og:image\" content=\"http:\/\/equilibriointeriorepoderpessoal.files.wordpress.com\/2011\/09\/curaatimesmogrupodeautoajuda.jpg?w=300&amp;h=300\" \/>\n<meta name=\"twitter:card\" content=\"summary_large_image\" \/>\n<meta name=\"twitter:label1\" content=\"Tempo estimado de leitura\" \/>\n\t<meta name=\"twitter:data1\" content=\"1 minuto\" \/>\n<script type=\"application\/ld+json\" class=\"yoast-schema-graph\">{\"@context\":\"https:\/\/schema.org\",\"@graph\":[{\"@type\":\"WebPage\",\"@id\":\"https:\/\/marigeuer.com\/equilibrio\/nucleo-vivencias-unidarma\/\",\"url\":\"https:\/\/marigeuer.com\/equilibrio\/nucleo-vivencias-unidarma\/\",\"name\":\"NVU Campinas - Equil\u00edbrio Interior e Bem-Estar\",\"isPartOf\":{\"@id\":\"https:\/\/marigeuer.com\/equilibrio\/#website\"},\"primaryImageOfPage\":{\"@id\":\"https:\/\/marigeuer.com\/equilibrio\/nucleo-vivencias-unidarma\/#primaryimage\"},\"image\":{\"@id\":\"https:\/\/marigeuer.com\/equilibrio\/nucleo-vivencias-unidarma\/#primaryimage\"},\"thumbnailUrl\":\"http:\/\/equilibriointeriorepoderpessoal.files.wordpress.com\/2011\/09\/curaatimesmogrupodeautoajuda.jpg?w=300&amp;h=300\",\"datePublished\":\"2012-08-23T15:34:10+00:00\",\"dateModified\":\"2022-05-30T11:52:51+00:00\",\"breadcrumb\":{\"@id\":\"https:\/\/marigeuer.com\/equilibrio\/nucleo-vivencias-unidarma\/#breadcrumb\"},\"inLanguage\":\"pt-PT\",\"potentialAction\":[{\"@type\":\"ReadAction\",\"target\":[\"https:\/\/marigeuer.com\/equilibrio\/nucleo-vivencias-unidarma\/\"]}]},{\"@type\":\"ImageObject\",\"inLanguage\":\"pt-PT\",\"@id\":\"https:\/\/marigeuer.com\/equilibrio\/nucleo-vivencias-unidarma\/#primaryimage\",\"url\":\"http:\/\/equilibriointeriorepoderpessoal.files.wordpress.com\/2011\/09\/curaatimesmogrupodeautoajuda.jpg?w=300&amp;h=300\",\"contentUrl\":\"http:\/\/equilibriointeriorepoderpessoal.files.wordpress.com\/2011\/09\/curaatimesmogrupodeautoajuda.jpg?w=300&amp;h=300\"},{\"@type\":\"BreadcrumbList\",\"@id\":\"https:\/\/marigeuer.com\/equilibrio\/nucleo-vivencias-unidarma\/#breadcrumb\",\"itemListElement\":[{\"@type\":\"ListItem\",\"position\":1,\"name\":\"In\u00edcio\",\"item\":\"https:\/\/marigeuer.com\/equilibrio\/\"},{\"@type\":\"ListItem\",\"position\":2,\"name\":\"NVU Campinas\"}]},{\"@type\":\"WebSite\",\"@id\":\"https:\/\/marigeuer.com\/equilibrio\/#website\",\"url\":\"https:\/\/marigeuer.com\/equilibrio\/\",\"name\":\"Equil\u00edbrio Interior e Bem-Estar\",\"description\":\"Pr\u00e1ticas de Transforma\u00e7\u00f5es para voc\u00ea | Mari Geuer\",\"potentialAction\":[{\"@type\":\"SearchAction\",\"target\":{\"@type\":\"EntryPoint\",\"urlTemplate\":\"https:\/\/marigeuer.com\/equilibrio\/?s={search_term_string}\"},\"query-input\":{\"@type\":\"PropertyValueSpecification\",\"valueRequired\":true,\"valueName\":\"search_term_string\"}}],\"inLanguage\":\"pt-PT\"}]}<\/script>\n<!-- \/ Yoast SEO plugin. -->","yoast_head_json":{"title":"NVU Campinas - Equil\u00edbrio Interior e Bem-Estar","robots":{"index":"index","follow":"follow","max-snippet":"max-snippet:-1","max-image-preview":"max-image-preview:large","max-video-preview":"max-video-preview:-1"},"canonical":"https:\/\/marigeuer.com\/equilibrio\/nucleo-vivencias-unidarma\/","og_locale":"pt_PT","og_type":"article","og_title":"NVU Campinas - Equil\u00edbrio Interior e Bem-Estar","og_description":"Os\u00a0N\u00facleos de Viv\u00eancias Unidarma\u00a0s\u00e3o uma oportunidade de voc\u00ea ter contato presencial com pessoas interessadas em autoconhecimento. Buscadores do ... Read More &raquo;","og_url":"https:\/\/marigeuer.com\/equilibrio\/nucleo-vivencias-unidarma\/","og_site_name":"Equil\u00edbrio Interior e Bem-Estar","article_modified_time":"2022-05-30T11:52:51+00:00","og_image":[{"url":"http:\/\/equilibriointeriorepoderpessoal.files.wordpress.com\/2011\/09\/curaatimesmogrupodeautoajuda.jpg?w=300&amp;h=300","type":"","width":"","height":""}],"twitter_card":"summary_large_image","twitter_misc":{"Tempo estimado de leitura":"1 minuto"},"schema":{"@context":"https:\/\/schema.org","@graph":[{"@type":"WebPage","@id":"https:\/\/marigeuer.com\/equilibrio\/nucleo-vivencias-unidarma\/","url":"https:\/\/marigeuer.com\/equilibrio\/nucleo-vivencias-unidarma\/","name":"NVU Campinas - Equil\u00edbrio Interior e Bem-Estar","isPartOf":{"@id":"https:\/\/marigeuer.com\/equilibrio\/#website"},"primaryImageOfPage":{"@id":"https:\/\/marigeuer.com\/equilibrio\/nucleo-vivencias-unidarma\/#primaryimage"},"image":{"@id":"https:\/\/marigeuer.com\/equilibrio\/nucleo-vivencias-unidarma\/#primaryimage"},"thumbnailUrl":"http:\/\/equilibriointeriorepoderpessoal.files.wordpress.com\/2011\/09\/curaatimesmogrupodeautoajuda.jpg?w=300&amp;h=300","datePublished":"2012-08-23T15:34:10+00:00","dateModified":"2022-05-30T11:52:51+00:00","breadcrumb":{"@id":"https:\/\/marigeuer.com\/equilibrio\/nucleo-vivencias-unidarma\/#breadcrumb"},"inLanguage":"pt-PT","potentialAction":[{"@type":"ReadAction","target":["https:\/\/marigeuer.com\/equilibrio\/nucleo-vivencias-unidarma\/"]}]},{"@type":"ImageObject","inLanguage":"pt-PT","@id":"https:\/\/marigeuer.com\/equilibrio\/nucleo-vivencias-unidarma\/#primaryimage","url":"http:\/\/equilibriointeriorepoderpessoal.files.wordpress.com\/2011\/09\/curaatimesmogrupodeautoajuda.jpg?w=300&amp;h=300","contentUrl":"http:\/\/equilibriointeriorepoderpessoal.files.wordpress.com\/2011\/09\/curaatimesmogrupodeautoajuda.jpg?w=300&amp;h=300"},{"@type":"BreadcrumbList","@id":"https:\/\/marigeuer.com\/equilibrio\/nucleo-vivencias-unidarma\/#breadcrumb","itemListElement":[{"@type":"ListItem","position":1,"name":"In\u00edcio","item":"https:\/\/marigeuer.com\/equilibrio\/"},{"@type":"ListItem","position":2,"name":"NVU Campinas"}]},{"@type":"WebSite","@id":"https:\/\/marigeuer.com\/equilibrio\/#website","url":"https:\/\/marigeuer.com\/equilibrio\/","name":"Equil\u00edbrio Interior e Bem-Estar","description":"Pr\u00e1ticas de Transforma\u00e7\u00f5es para voc\u00ea | Mari Geuer","potentialAction":[{"@type":"SearchAction","target":{"@type":"EntryPoint","urlTemplate":"https:\/\/marigeuer.com\/equilibrio\/?s={search_term_string}"},"query-input":{"@type":"PropertyValueSpecification","valueRequired":true,"valueName":"search_term_string"}}],"inLanguage":"pt-PT"}]}},"_links":{"self":[{"href":"https:\/\/marigeuer.com\/equilibrio\/wp-json\/wp\/v2\/pages\/198","targetHints":{"allow":["GET"]}}],"collection":[{"href":"https:\/\/marigeuer.com\/equilibrio\/wp-json\/wp\/v2\/pages"}],"about":[{"href":"https:\/\/marigeuer.com\/equilibrio\/wp-json\/wp\/v2\/types\/page"}],"author":[{"embeddable":true,"href":"https:\/\/marigeuer.com\/equilibrio\/wp-json\/wp\/v2\/users\/2"}],"replies":[{"embeddable":true,"href":"https:\/\/marigeuer.com\/equilibrio\/wp-json\/wp\/v2\/comments?post=198"}],"version-history":[{"count":13,"href":"https:\/\/marigeuer.com\/equilibrio\/wp-json\/wp\/v2\/pages\/198\/revisions"}],"predecessor-version":[{"id":8675,"href":"https:\/\/marigeuer.com\/equilibrio\/wp-json\/wp\/v2\/pages\/198\/revisions\/8675"}],"wp:attachment":[{"href":"https:\/\/marigeuer.com\/equilibrio\/wp-json\/wp\/v2\/media?parent=198"}],"curies":[{"name":"wp","href":"https:\/\/api.w.org\/{rel}","templated":true}]}}