{"id":20,"date":"2017-07-13T08:47:35","date_gmt":"2017-07-13T11:47:35","guid":{"rendered":"http:\/\/marigeuer.com\/blog\/?page_id=20"},"modified":"2022-05-30T08:53:05","modified_gmt":"2022-05-30T11:53:05","slug":"numerologia-cabalistica","status":"publish","type":"page","link":"https:\/\/marigeuer.com\/equilibrio\/numerologia-cabalistica\/","title":{"rendered":"Numerologia Cabal\u00edstica"},"content":{"rendered":"<p style=\"text-align: justify;\">Voc\u00ea j\u00e1 se perguntou:<\/p>\n<p style=\"text-align: justify;\">Quem sou eu? De onde vim? O que estou fazendo aqui e para onde vou depois da morte?<\/p>\n<p style=\"text-align: justify;\">Pois \u00e9, estas d\u00favidas o ser humano sempre procurou as respostas, sempre buscou saber de sua origem e de sua ess\u00eancia. \u00c9 o conhecer-se a si mesmo, o autoconhecimento.<\/p>\n<p style=\"text-align: justify;\">Atrav\u00e9s de seu mapa de Numerologia Cabal\u00edstica, voc\u00ea conseguir\u00e1 n\u00e3o s\u00f3 saber as respostas a essas indaga\u00e7\u00f5es, como muitas outras;<\/p>\n<figure id=\"attachment_4271\" aria-describedby=\"caption-attachment-4271\" style=\"width: 200px\" class=\"wp-caption aligncenter\"><a href=\"http:\/\/marigeuer.com\/equilibrio\/wp-content\/uploads\/2013\/10\/512446.jpg\"><img loading=\"lazy\" decoding=\"async\" class=\"size-full wp-image-4271\" src=\"http:\/\/marigeuer.com\/equilibrio\/wp-content\/uploads\/2013\/10\/512446.jpg\" alt=\"numerologia do dia\" width=\"200\" height=\"160\" \/><\/a><figcaption id=\"caption-attachment-4271\" class=\"wp-caption-text\">numerologia do dia<\/figcaption><\/figure>\n<h1 style=\"text-align: justify;\"><span style=\"color: #ff6600;\">Benef\u00edcios da <em><strong>Numerologia<\/strong><\/em> Cabal\u00edstica<\/span><\/h1>\n<p style=\"text-align: justify;\">A <em><strong>Numerologia <\/strong><\/em>Cabal\u00edstica te levar\u00e1 a ter uma atitude mental positiva, \u00a0a ter harmonia nos relacionamentos, a se libertar do medo. A <span style=\"text-decoration: underline;\">Numerologia<\/span> \u00e9 uma poderosa ferramenta para o seu autoconhecimento que te permitir\u00e1 a realizar todos os seus objetivos, pois\u00a0adquirir\u00e1\u00a0\u00a0 capacidade de ter f\u00e9, a saber compartilhar suas d\u00e1divas, a trabalhar com amor, a saber manter a mente aberta a todos os assuntos, a ser auto-disciplinado, ter capacidade de compreender as pessoas e, \u00e9 claro, a ter seguran\u00e7a econ\u00f4mica.<\/p>\n<h2 style=\"text-align: justify;\"><span style=\"color: #ff6600;\">O que voc\u00ea vai saber com a <em>Numerologia<\/em> Cabal\u00edstica <\/span><\/h2>\n<p style=\"text-align: justify;\">Voc\u00ea saber\u00e1 quais s\u00e3o as suas D\u00edvidas C\u00e1rmicas, as Li\u00e7\u00f5es C\u00e1rmicas, os Momentos Decisivos da sua vida, os Desafios, saber\u00e1, por exemplo, qual \u00e9 o seu Destino e a sua Miss\u00e3o na Terra, quais s\u00e3o os seus n\u00fameros favor\u00e1veis para o amor e relacionamentos, quais os dias favor\u00e1veis para assinar documentos importantes, quais s\u00e3o os n\u00fameros favor\u00e1veis para a sua casa, a placa do seu carro, do n\u00famero do telefone, o que representa a data do seu nascimento e, principalmente, o seu nome. Ser\u00e1 que ele \u00e9 favor\u00e1vel ao seu desenvolvimento profissional?<\/p>\n<p style=\"text-align: justify;\">Ou seja, o Mapa da Numerol\u00f3gia Cabal\u00edstica \u00e9 um estudo completo da sua personalidade. O estudo numerol\u00f3gico lhe proporciona uma oportunidade \u00fanica de conhecer e desenvolver todas as suas potencialidades pessoais, seus dons e talentos.<\/p>\n<h4 style=\"text-align: justify;\"><strong><span style=\"color: #ff6600;\">Descubra tudo isto e mude sua vida para melhor!<\/span><\/strong><\/h4>\n<p>Eu sou <a title=\"Numerologa Mari Geuer\" href=\"http:\/\/marigeuer.com\/equilibrio\/quemsou\/\">Mari Geuer<\/a>, numer\u00f3loga formada pela Academia Brasileira de Numerologia Cabal\u00edstica em 2006 e 2008 fiz o curso completo de Numerologia \u00a0pela <a href=\"https:\/\/forms.gle\/m3adDSPFeM6roCSM6\" target=\"_blank\" rel=\"noopener noreferrer\">Unidarma<\/a> &#8211; Escola de Desenvolvimento Pessoal.<\/p>\n<h3><span style=\"color: #ff6600;\">Tipos Mapas que a Numerologia<\/span><\/h3>\n<ul>\n<li>Mapa Numerol\u00f3gico Pessoal<\/li>\n<li><a style=\"font-size: 22px; font-weight: bold; line-height: 1.0909090909;\" href=\"http:\/\/marigeuer.com\/equilibrio\/numerologia-cabalistica\/empresarial\/\" target=\"_blank\" rel=\"noopener noreferrer\">Mapa Numerol\u00f3gico Empresarial<\/a><\/li>\n<li><a href=\"http:\/\/marigeuer.com\/equilibrio\/um-presente-especial-para-gestantes\/\">Numerologia para nome de beb\u00ea<\/a><\/li>\n<li>Placa de carro<\/li>\n<li>Profiss\u00e3o<\/li>\n<li>Sinastria de Relacionamentos e muito mais<\/li>\n<\/ul>\n<p><strong><a href=\"https:\/\/api.whatsapp.com\/send?phone=310624150147&amp;text=Ol\u00e1,%20!\">Contato atrav\u00e9s do whatsapp, clique aqui: +31 624150147<\/a> ou skype : marigeuer<\/strong><\/p>\n","protected":false},"excerpt":{"rendered":"<p>Voc\u00ea j\u00e1 se perguntou: Quem sou eu? De onde vim? O que estou fazendo aqui e para onde &#8230; <a class=\"more-link\" href=\"https:\/\/marigeuer.com\/equilibrio\/numerologia-cabalistica\/\">Read More &raquo;<\/a><\/p>\n","protected":false},"author":2,"featured_media":0,"parent":0,"menu_order":0,"comment_status":"open","ping_status":"open","template":"","meta":{"sfsi_plus_gutenberg_text_before_share":"","sfsi_plus_gutenberg_show_text_before_share":"","sfsi_plus_gutenberg_icon_type":"","sfsi_plus_gutenberg_icon_alignemt":"","sfsi_plus_gutenburg_max_per_row":"","footnotes":""},"class_list":["post-20","page","type-page","status-publish","hentry"],"yoast_head":"<!-- This site is optimized with the Yoast SEO plugin v27.2 - https:\/\/yoast.com\/product\/yoast-seo-wordpress\/ -->\n<title>Numerologia Cabal\u00edstica - Equil\u00edbrio Interior e Bem-Estar<\/title>\n<meta name=\"description\" content=\"Voc\u00ea j\u00e1 se perguntou: Quem sou eu? De onde vim? O que estou fazendo aqui e para onde vou depois da morte? Pois \u00e9, estas d\u00favidas o ser humano sempre procurou as respostas, sempre buscou saber de sua origem e de sua ess\u00eancia. \u00c9 o conhecer-se a si mesmo, o autoconhecimento.\" \/>\n<meta name=\"robots\" content=\"index, follow, max-snippet:-1, max-image-preview:large, max-video-preview:-1\" \/>\n<link rel=\"canonical\" href=\"https:\/\/marigeuer.com\/equilibrio\/numerologia-cabalistica\/\" \/>\n<meta property=\"og:locale\" content=\"pt_PT\" \/>\n<meta property=\"og:type\" content=\"article\" \/>\n<meta property=\"og:title\" content=\"Numerologia Cabal\u00edstica - Equil\u00edbrio Interior e Bem-Estar\" \/>\n<meta property=\"og:description\" content=\"Voc\u00ea j\u00e1 se perguntou: Quem sou eu? De onde vim? O que estou fazendo aqui e para onde vou depois da morte? Pois \u00e9, estas d\u00favidas o ser humano sempre procurou as respostas, sempre buscou saber de sua origem e de sua ess\u00eancia. \u00c9 o conhecer-se a si mesmo, o autoconhecimento.\" \/>\n<meta property=\"og:url\" content=\"https:\/\/marigeuer.com\/equilibrio\/numerologia-cabalistica\/\" \/>\n<meta property=\"og:site_name\" content=\"Equil\u00edbrio Interior e Bem-Estar\" \/>\n<meta property=\"article:modified_time\" content=\"2022-05-30T11:53:05+00:00\" \/>\n<meta property=\"og:image\" content=\"http:\/\/marigeuer.com\/equilibrio\/wp-content\/uploads\/2013\/10\/512446.jpg\" \/>\n<meta name=\"twitter:card\" content=\"summary_large_image\" \/>\n<meta name=\"twitter:label1\" content=\"Tempo estimado de leitura\" \/>\n\t<meta name=\"twitter:data1\" content=\"2 minutos\" \/>\n<script type=\"application\/ld+json\" class=\"yoast-schema-graph\">{\"@context\":\"https:\/\/schema.org\",\"@graph\":[{\"@type\":\"WebPage\",\"@id\":\"https:\/\/marigeuer.com\/equilibrio\/numerologia-cabalistica\/\",\"url\":\"https:\/\/marigeuer.com\/equilibrio\/numerologia-cabalistica\/\",\"name\":\"Numerologia Cabal\u00edstica - Equil\u00edbrio Interior e Bem-Estar\",\"isPartOf\":{\"@id\":\"https:\/\/marigeuer.com\/equilibrio\/#website\"},\"primaryImageOfPage\":{\"@id\":\"https:\/\/marigeuer.com\/equilibrio\/numerologia-cabalistica\/#primaryimage\"},\"image\":{\"@id\":\"https:\/\/marigeuer.com\/equilibrio\/numerologia-cabalistica\/#primaryimage\"},\"thumbnailUrl\":\"http:\/\/marigeuer.com\/equilibrio\/wp-content\/uploads\/2013\/10\/512446.jpg\",\"datePublished\":\"2017-07-13T11:47:35+00:00\",\"dateModified\":\"2022-05-30T11:53:05+00:00\",\"description\":\"Voc\u00ea j\u00e1 se perguntou: Quem sou eu? De onde vim? O que estou fazendo aqui e para onde vou depois da morte? Pois \u00e9, estas d\u00favidas o ser humano sempre procurou as respostas, sempre buscou saber de sua origem e de sua ess\u00eancia. \u00c9 o conhecer-se a si mesmo, o autoconhecimento.\",\"breadcrumb\":{\"@id\":\"https:\/\/marigeuer.com\/equilibrio\/numerologia-cabalistica\/#breadcrumb\"},\"inLanguage\":\"pt-PT\",\"potentialAction\":[{\"@type\":\"ReadAction\",\"target\":[\"https:\/\/marigeuer.com\/equilibrio\/numerologia-cabalistica\/\"]}]},{\"@type\":\"ImageObject\",\"inLanguage\":\"pt-PT\",\"@id\":\"https:\/\/marigeuer.com\/equilibrio\/numerologia-cabalistica\/#primaryimage\",\"url\":\"http:\/\/marigeuer.com\/equilibrio\/wp-content\/uploads\/2013\/10\/512446.jpg\",\"contentUrl\":\"http:\/\/marigeuer.com\/equilibrio\/wp-content\/uploads\/2013\/10\/512446.jpg\"},{\"@type\":\"BreadcrumbList\",\"@id\":\"https:\/\/marigeuer.com\/equilibrio\/numerologia-cabalistica\/#breadcrumb\",\"itemListElement\":[{\"@type\":\"ListItem\",\"position\":1,\"name\":\"In\u00edcio\",\"item\":\"https:\/\/marigeuer.com\/equilibrio\/\"},{\"@type\":\"ListItem\",\"position\":2,\"name\":\"Numerologia Cabal\u00edstica\"}]},{\"@type\":\"WebSite\",\"@id\":\"https:\/\/marigeuer.com\/equilibrio\/#website\",\"url\":\"https:\/\/marigeuer.com\/equilibrio\/\",\"name\":\"Equil\u00edbrio Interior e Bem-Estar\",\"description\":\"Pr\u00e1ticas de Transforma\u00e7\u00f5es para voc\u00ea | Mari Geuer\",\"potentialAction\":[{\"@type\":\"SearchAction\",\"target\":{\"@type\":\"EntryPoint\",\"urlTemplate\":\"https:\/\/marigeuer.com\/equilibrio\/?s={search_term_string}\"},\"query-input\":{\"@type\":\"PropertyValueSpecification\",\"valueRequired\":true,\"valueName\":\"search_term_string\"}}],\"inLanguage\":\"pt-PT\"}]}<\/script>\n<!-- \/ Yoast SEO plugin. -->","yoast_head_json":{"title":"Numerologia Cabal\u00edstica - Equil\u00edbrio Interior e Bem-Estar","description":"Voc\u00ea j\u00e1 se perguntou: Quem sou eu? De onde vim? O que estou fazendo aqui e para onde vou depois da morte? Pois \u00e9, estas d\u00favidas o ser humano sempre procurou as respostas, sempre buscou saber de sua origem e de sua ess\u00eancia. \u00c9 o conhecer-se a si mesmo, o autoconhecimento.","robots":{"index":"index","follow":"follow","max-snippet":"max-snippet:-1","max-image-preview":"max-image-preview:large","max-video-preview":"max-video-preview:-1"},"canonical":"https:\/\/marigeuer.com\/equilibrio\/numerologia-cabalistica\/","og_locale":"pt_PT","og_type":"article","og_title":"Numerologia Cabal\u00edstica - Equil\u00edbrio Interior e Bem-Estar","og_description":"Voc\u00ea j\u00e1 se perguntou: Quem sou eu? De onde vim? O que estou fazendo aqui e para onde vou depois da morte? Pois \u00e9, estas d\u00favidas o ser humano sempre procurou as respostas, sempre buscou saber de sua origem e de sua ess\u00eancia. \u00c9 o conhecer-se a si mesmo, o autoconhecimento.","og_url":"https:\/\/marigeuer.com\/equilibrio\/numerologia-cabalistica\/","og_site_name":"Equil\u00edbrio Interior e Bem-Estar","article_modified_time":"2022-05-30T11:53:05+00:00","og_image":[{"url":"http:\/\/marigeuer.com\/equilibrio\/wp-content\/uploads\/2013\/10\/512446.jpg","type":"","width":"","height":""}],"twitter_card":"summary_large_image","twitter_misc":{"Tempo estimado de leitura":"2 minutos"},"schema":{"@context":"https:\/\/schema.org","@graph":[{"@type":"WebPage","@id":"https:\/\/marigeuer.com\/equilibrio\/numerologia-cabalistica\/","url":"https:\/\/marigeuer.com\/equilibrio\/numerologia-cabalistica\/","name":"Numerologia Cabal\u00edstica - Equil\u00edbrio Interior e Bem-Estar","isPartOf":{"@id":"https:\/\/marigeuer.com\/equilibrio\/#website"},"primaryImageOfPage":{"@id":"https:\/\/marigeuer.com\/equilibrio\/numerologia-cabalistica\/#primaryimage"},"image":{"@id":"https:\/\/marigeuer.com\/equilibrio\/numerologia-cabalistica\/#primaryimage"},"thumbnailUrl":"http:\/\/marigeuer.com\/equilibrio\/wp-content\/uploads\/2013\/10\/512446.jpg","datePublished":"2017-07-13T11:47:35+00:00","dateModified":"2022-05-30T11:53:05+00:00","description":"Voc\u00ea j\u00e1 se perguntou: Quem sou eu? De onde vim? O que estou fazendo aqui e para onde vou depois da morte? Pois \u00e9, estas d\u00favidas o ser humano sempre procurou as respostas, sempre buscou saber de sua origem e de sua ess\u00eancia. \u00c9 o conhecer-se a si mesmo, o autoconhecimento.","breadcrumb":{"@id":"https:\/\/marigeuer.com\/equilibrio\/numerologia-cabalistica\/#breadcrumb"},"inLanguage":"pt-PT","potentialAction":[{"@type":"ReadAction","target":["https:\/\/marigeuer.com\/equilibrio\/numerologia-cabalistica\/"]}]},{"@type":"ImageObject","inLanguage":"pt-PT","@id":"https:\/\/marigeuer.com\/equilibrio\/numerologia-cabalistica\/#primaryimage","url":"http:\/\/marigeuer.com\/equilibrio\/wp-content\/uploads\/2013\/10\/512446.jpg","contentUrl":"http:\/\/marigeuer.com\/equilibrio\/wp-content\/uploads\/2013\/10\/512446.jpg"},{"@type":"BreadcrumbList","@id":"https:\/\/marigeuer.com\/equilibrio\/numerologia-cabalistica\/#breadcrumb","itemListElement":[{"@type":"ListItem","position":1,"name":"In\u00edcio","item":"https:\/\/marigeuer.com\/equilibrio\/"},{"@type":"ListItem","position":2,"name":"Numerologia Cabal\u00edstica"}]},{"@type":"WebSite","@id":"https:\/\/marigeuer.com\/equilibrio\/#website","url":"https:\/\/marigeuer.com\/equilibrio\/","name":"Equil\u00edbrio Interior e Bem-Estar","description":"Pr\u00e1ticas de Transforma\u00e7\u00f5es para voc\u00ea | Mari Geuer","potentialAction":[{"@type":"SearchAction","target":{"@type":"EntryPoint","urlTemplate":"https:\/\/marigeuer.com\/equilibrio\/?s={search_term_string}"},"query-input":{"@type":"PropertyValueSpecification","valueRequired":true,"valueName":"search_term_string"}}],"inLanguage":"pt-PT"}]}},"_links":{"self":[{"href":"https:\/\/marigeuer.com\/equilibrio\/wp-json\/wp\/v2\/pages\/20","targetHints":{"allow":["GET"]}}],"collection":[{"href":"https:\/\/marigeuer.com\/equilibrio\/wp-json\/wp\/v2\/pages"}],"about":[{"href":"https:\/\/marigeuer.com\/equilibrio\/wp-json\/wp\/v2\/types\/page"}],"author":[{"embeddable":true,"href":"https:\/\/marigeuer.com\/equilibrio\/wp-json\/wp\/v2\/users\/2"}],"replies":[{"embeddable":true,"href":"https:\/\/marigeuer.com\/equilibrio\/wp-json\/wp\/v2\/comments?post=20"}],"version-history":[{"count":28,"href":"https:\/\/marigeuer.com\/equilibrio\/wp-json\/wp\/v2\/pages\/20\/revisions"}],"predecessor-version":[{"id":8722,"href":"https:\/\/marigeuer.com\/equilibrio\/wp-json\/wp\/v2\/pages\/20\/revisions\/8722"}],"wp:attachment":[{"href":"https:\/\/marigeuer.com\/equilibrio\/wp-json\/wp\/v2\/media?parent=20"}],"curies":[{"name":"wp","href":"https:\/\/api.w.org\/{rel}","templated":true}]}}