{"id":2013,"date":"2012-11-18T22:22:47","date_gmt":"2012-11-19T01:22:47","guid":{"rendered":"http:\/\/marigeuer.com\/blog\/?page_id=2013"},"modified":"2017-07-24T19:55:10","modified_gmt":"2017-07-24T22:55:10","slug":"contato","status":"publish","type":"page","link":"https:\/\/marigeuer.com\/equilibrio\/contato\/","title":{"rendered":"Contato"},"content":{"rendered":"<h3>Entre em contato conosco:<\/h3>\n<h3><span style=\"color: #000080;\"><strong>email<\/strong><\/span>: contato@marigeuer.com<\/h3>\n<h3><strong>skype<\/strong> : marigeuer<\/h3>\n<h3><strong>fone<\/strong> (19) 99214.6726 (wathsapp)<\/h3>\n<p><!-- AWeber Web Form Generator 3.0 --><\/p>\n<form class=\"af-form-wrapper\" action=\"http:\/\/www.aweber.com\/scripts\/addlead.pl\" method=\"post\">\n<div style=\"display: none;\"><input name=\"meta_web_form_id\" type=\"hidden\" value=\"412115454\" \/><br \/>\n<input name=\"meta_split_id\" type=\"hidden\" value=\"\" \/><br \/>\n<input name=\"listname\" type=\"hidden\" value=\"awlist3455294\" \/><br \/>\n<input id=\"redirect_afcad58a6e07b26bf1d4a2a2af853d7e\" name=\"redirect\" type=\"hidden\" value=\"http:\/\/marigeuer.com\/inscricao\/\" \/><input name=\"meta_adtracking\" type=\"hidden\" value=\"news_blog\" \/><br \/>\n<input name=\"meta_message\" type=\"hidden\" value=\"1\" \/><br \/>\n<input name=\"meta_required\" type=\"hidden\" value=\"name,email\" \/><input name=\"meta_tooltip\" type=\"hidden\" value=\"\" \/><\/div>\n<div id=\"af-form-412115454\" class=\"af-form\">\n<div id=\"af-header-412115454\" class=\"af-header\"><\/div>\n<div id=\"af-body-412115454\" class=\"af-body af-standards\"><\/div>\n<\/div>\n<\/form>\n<p>&nbsp;<\/p>\n<p><!-- \/AWeber Web Form Generator 3.0 --><\/p>\n","protected":false},"excerpt":{"rendered":"<p>Entre em contato conosco: email: contato@marigeuer.com skype : marigeuer fone (19) 99214.6726 (wathsapp) &nbsp;<\/p>\n","protected":false},"author":2,"featured_media":0,"parent":0,"menu_order":0,"comment_status":"open","ping_status":"open","template":"","meta":{"sfsi_plus_gutenberg_text_before_share":"","sfsi_plus_gutenberg_show_text_before_share":"","sfsi_plus_gutenberg_icon_type":"","sfsi_plus_gutenberg_icon_alignemt":"","sfsi_plus_gutenburg_max_per_row":"","footnotes":""},"class_list":["post-2013","page","type-page","status-publish","hentry"],"yoast_head":"<!-- This site is optimized with the Yoast SEO plugin v27.2 - https:\/\/yoast.com\/product\/yoast-seo-wordpress\/ -->\n<title>Contato - Equil\u00edbrio Interior e Bem-Estar<\/title>\n<meta name=\"robots\" content=\"index, follow, max-snippet:-1, max-image-preview:large, max-video-preview:-1\" \/>\n<link rel=\"canonical\" href=\"https:\/\/marigeuer.com\/equilibrio\/contato\/\" \/>\n<meta property=\"og:locale\" content=\"pt_PT\" \/>\n<meta property=\"og:type\" content=\"article\" \/>\n<meta property=\"og:title\" content=\"Contato - Equil\u00edbrio Interior e Bem-Estar\" \/>\n<meta property=\"og:description\" content=\"Entre em contato conosco: email: contato@marigeuer.com skype : marigeuer fone (19) 99214.6726 (wathsapp) &nbsp;\" \/>\n<meta property=\"og:url\" content=\"https:\/\/marigeuer.com\/equilibrio\/contato\/\" \/>\n<meta property=\"og:site_name\" content=\"Equil\u00edbrio Interior e Bem-Estar\" \/>\n<meta property=\"article:modified_time\" content=\"2017-07-24T22:55:10+00:00\" \/>\n<meta name=\"twitter:card\" content=\"summary_large_image\" \/>\n<script type=\"application\/ld+json\" class=\"yoast-schema-graph\">{\"@context\":\"https:\/\/schema.org\",\"@graph\":[{\"@type\":\"WebPage\",\"@id\":\"https:\/\/marigeuer.com\/equilibrio\/contato\/\",\"url\":\"https:\/\/marigeuer.com\/equilibrio\/contato\/\",\"name\":\"Contato - Equil\u00edbrio Interior e Bem-Estar\",\"isPartOf\":{\"@id\":\"https:\/\/marigeuer.com\/equilibrio\/#website\"},\"datePublished\":\"2012-11-19T01:22:47+00:00\",\"dateModified\":\"2017-07-24T22:55:10+00:00\",\"breadcrumb\":{\"@id\":\"https:\/\/marigeuer.com\/equilibrio\/contato\/#breadcrumb\"},\"inLanguage\":\"pt-PT\",\"potentialAction\":[{\"@type\":\"ReadAction\",\"target\":[\"https:\/\/marigeuer.com\/equilibrio\/contato\/\"]}]},{\"@type\":\"BreadcrumbList\",\"@id\":\"https:\/\/marigeuer.com\/equilibrio\/contato\/#breadcrumb\",\"itemListElement\":[{\"@type\":\"ListItem\",\"position\":1,\"name\":\"In\u00edcio\",\"item\":\"https:\/\/marigeuer.com\/equilibrio\/\"},{\"@type\":\"ListItem\",\"position\":2,\"name\":\"Contato\"}]},{\"@type\":\"WebSite\",\"@id\":\"https:\/\/marigeuer.com\/equilibrio\/#website\",\"url\":\"https:\/\/marigeuer.com\/equilibrio\/\",\"name\":\"Equil\u00edbrio Interior e Bem-Estar\",\"description\":\"Pr\u00e1ticas de Transforma\u00e7\u00f5es para voc\u00ea | Mari Geuer\",\"potentialAction\":[{\"@type\":\"SearchAction\",\"target\":{\"@type\":\"EntryPoint\",\"urlTemplate\":\"https:\/\/marigeuer.com\/equilibrio\/?s={search_term_string}\"},\"query-input\":{\"@type\":\"PropertyValueSpecification\",\"valueRequired\":true,\"valueName\":\"search_term_string\"}}],\"inLanguage\":\"pt-PT\"}]}<\/script>\n<!-- \/ Yoast SEO plugin. -->","yoast_head_json":{"title":"Contato - Equil\u00edbrio Interior e Bem-Estar","robots":{"index":"index","follow":"follow","max-snippet":"max-snippet:-1","max-image-preview":"max-image-preview:large","max-video-preview":"max-video-preview:-1"},"canonical":"https:\/\/marigeuer.com\/equilibrio\/contato\/","og_locale":"pt_PT","og_type":"article","og_title":"Contato - Equil\u00edbrio Interior e Bem-Estar","og_description":"Entre em contato conosco: email: contato@marigeuer.com skype : marigeuer fone (19) 99214.6726 (wathsapp) &nbsp;","og_url":"https:\/\/marigeuer.com\/equilibrio\/contato\/","og_site_name":"Equil\u00edbrio Interior e Bem-Estar","article_modified_time":"2017-07-24T22:55:10+00:00","twitter_card":"summary_large_image","schema":{"@context":"https:\/\/schema.org","@graph":[{"@type":"WebPage","@id":"https:\/\/marigeuer.com\/equilibrio\/contato\/","url":"https:\/\/marigeuer.com\/equilibrio\/contato\/","name":"Contato - Equil\u00edbrio Interior e Bem-Estar","isPartOf":{"@id":"https:\/\/marigeuer.com\/equilibrio\/#website"},"datePublished":"2012-11-19T01:22:47+00:00","dateModified":"2017-07-24T22:55:10+00:00","breadcrumb":{"@id":"https:\/\/marigeuer.com\/equilibrio\/contato\/#breadcrumb"},"inLanguage":"pt-PT","potentialAction":[{"@type":"ReadAction","target":["https:\/\/marigeuer.com\/equilibrio\/contato\/"]}]},{"@type":"BreadcrumbList","@id":"https:\/\/marigeuer.com\/equilibrio\/contato\/#breadcrumb","itemListElement":[{"@type":"ListItem","position":1,"name":"In\u00edcio","item":"https:\/\/marigeuer.com\/equilibrio\/"},{"@type":"ListItem","position":2,"name":"Contato"}]},{"@type":"WebSite","@id":"https:\/\/marigeuer.com\/equilibrio\/#website","url":"https:\/\/marigeuer.com\/equilibrio\/","name":"Equil\u00edbrio Interior e Bem-Estar","description":"Pr\u00e1ticas de Transforma\u00e7\u00f5es para voc\u00ea | Mari Geuer","potentialAction":[{"@type":"SearchAction","target":{"@type":"EntryPoint","urlTemplate":"https:\/\/marigeuer.com\/equilibrio\/?s={search_term_string}"},"query-input":{"@type":"PropertyValueSpecification","valueRequired":true,"valueName":"search_term_string"}}],"inLanguage":"pt-PT"}]}},"_links":{"self":[{"href":"https:\/\/marigeuer.com\/equilibrio\/wp-json\/wp\/v2\/pages\/2013","targetHints":{"allow":["GET"]}}],"collection":[{"href":"https:\/\/marigeuer.com\/equilibrio\/wp-json\/wp\/v2\/pages"}],"about":[{"href":"https:\/\/marigeuer.com\/equilibrio\/wp-json\/wp\/v2\/types\/page"}],"author":[{"embeddable":true,"href":"https:\/\/marigeuer.com\/equilibrio\/wp-json\/wp\/v2\/users\/2"}],"replies":[{"embeddable":true,"href":"https:\/\/marigeuer.com\/equilibrio\/wp-json\/wp\/v2\/comments?post=2013"}],"version-history":[{"count":12,"href":"https:\/\/marigeuer.com\/equilibrio\/wp-json\/wp\/v2\/pages\/2013\/revisions"}],"predecessor-version":[{"id":6574,"href":"https:\/\/marigeuer.com\/equilibrio\/wp-json\/wp\/v2\/pages\/2013\/revisions\/6574"}],"wp:attachment":[{"href":"https:\/\/marigeuer.com\/equilibrio\/wp-json\/wp\/v2\/media?parent=2013"}],"curies":[{"name":"wp","href":"https:\/\/api.w.org\/{rel}","templated":true}]}}