{"id":2116,"date":"2012-11-22T16:45:19","date_gmt":"2012-11-22T19:45:19","guid":{"rendered":"http:\/\/marigeuer.com\/blog\/?page_id=2116"},"modified":"2014-03-19T16:45:33","modified_gmt":"2014-03-19T19:45:33","slug":"consultoria-cartao-de-visitas","status":"publish","type":"page","link":"https:\/\/marigeuer.com\/equilibrio\/consultoria-cartao-de-visitas\/","title":{"rendered":"Consultoria Cart\u00e3o de Visitas"},"content":{"rendered":"<p><iframe loading=\"lazy\" src=\"http:\/\/www.youtube.com\/embed\/MNL39nsbbHI\" height=\"315\" width=\"420\" frameborder=\"0\"><\/iframe><\/p>\n<p>&nbsp;<\/p>\n<p><span style=\"font-size: small; font-family: 'trebuchet ms', geneva;\">Incentive a fama e sucesso de seu neg\u00f3cio.\u00a0Saiba qual a cor e forma ideal para o seu ramo de atividade.<\/span><\/p>\n<p><span style=\"font-size: small; font-family: 'trebuchet ms', geneva;\">Analiso o seu cart\u00e3o com dicas de como seria ideal a\u00a0 cria\u00e7\u00e3o de seu novo cart\u00e3o;<\/span><\/p>\n<p><del><span style=\"font-size: small; font-family: 'trebuchet ms', geneva;\">Adquira o servi\u00e7o clicando no bot\u00e3o abaixo \u00a0e depois <strong>envie por email:<\/strong><\/span><\/del><\/p>\n<p><del><strong><span style=\"font-size: small; font-family: 'trebuchet ms', geneva;\">1.Descreva qual a sua id\u00e9ia para o cart\u00e3o<\/span><\/strong><\/del><\/p>\n<div><del><strong><span style=\"font-size: small; font-family: 'trebuchet ms', geneva;\">2.Imagem\/ arte do modelo de seu cart\u00e3o<\/span><\/strong><\/del><\/div>\n<div><\/div>\n<div><del><strong><span style=\"font-size: small; font-family: 'trebuchet ms', geneva; color: #ff0000;\">Importante:\u00a0 Cria\u00e7\u00e3o do Cart\u00e3o n\u00e3o incluso<\/span><\/strong><\/del><\/div>\n<div>\n<p>&nbsp;<\/p>\n<h2><strong>==========================================<\/strong><\/h2>\n<h3><strong>AVISO IMPORTANTE <\/strong><\/h3>\n<p>20\/03\/2014 &#8211; Devido a um novo projeto, n\u00e3o estou mais fazendo esta consultoria. S\u00f3 estou deixando aqui, pois no pr\u00f3prio v\u00eddeo j\u00e1 deixo algumas dicas para que voc\u00ea possa fazer o seu cart\u00e3o. Pe\u00e7o desculpas pelas pessoas que me escreveram pedindo ajuda, mas por falta de tempo mesmo, n\u00e3o tenho conseguido responder e por isso deixo aqui este aviso.<\/p>\n<h2><strong>==========================================<\/strong><\/h2>\n<p>Mude sua vida para Melhor!<\/p>\n<p>Mari Geuer<\/p>\n<p>&nbsp;<\/p>\n<p><!-- FINAL FORMULARIO BOTAO PAGSEGURO --><\/p>\n<\/div>\n","protected":false},"excerpt":{"rendered":"<p>&nbsp; Incentive a fama e sucesso de seu neg\u00f3cio.\u00a0Saiba qual a cor e forma ideal para o seu &#8230; <a class=\"more-link\" href=\"https:\/\/marigeuer.com\/equilibrio\/consultoria-cartao-de-visitas\/\">Read More &raquo;<\/a><\/p>\n","protected":false},"author":2,"featured_media":0,"parent":0,"menu_order":0,"comment_status":"open","ping_status":"open","template":"","meta":{"sfsi_plus_gutenberg_text_before_share":"","sfsi_plus_gutenberg_show_text_before_share":"","sfsi_plus_gutenberg_icon_type":"","sfsi_plus_gutenberg_icon_alignemt":"","sfsi_plus_gutenburg_max_per_row":"","footnotes":""},"class_list":["post-2116","page","type-page","status-publish","hentry"],"yoast_head":"<!-- This site is optimized with the Yoast SEO plugin v27.2 - https:\/\/yoast.com\/product\/yoast-seo-wordpress\/ -->\n<title>Consultoria Cart\u00e3o de Visitas - Equil\u00edbrio Interior e Bem-Estar<\/title>\n<meta name=\"robots\" content=\"index, follow, max-snippet:-1, max-image-preview:large, max-video-preview:-1\" \/>\n<link rel=\"canonical\" href=\"https:\/\/marigeuer.com\/equilibrio\/consultoria-cartao-de-visitas\/\" \/>\n<meta property=\"og:locale\" content=\"pt_PT\" \/>\n<meta property=\"og:type\" content=\"article\" \/>\n<meta property=\"og:title\" content=\"Consultoria Cart\u00e3o de Visitas - Equil\u00edbrio Interior e Bem-Estar\" \/>\n<meta property=\"og:description\" content=\"&nbsp; Incentive a fama e sucesso de seu neg\u00f3cio.\u00a0Saiba qual a cor e forma ideal para o seu ... Read More &raquo;\" \/>\n<meta property=\"og:url\" content=\"https:\/\/marigeuer.com\/equilibrio\/consultoria-cartao-de-visitas\/\" \/>\n<meta property=\"og:site_name\" content=\"Equil\u00edbrio Interior e Bem-Estar\" \/>\n<meta property=\"article:modified_time\" content=\"2014-03-19T19:45:33+00:00\" \/>\n<meta name=\"twitter:card\" content=\"summary_large_image\" \/>\n<meta name=\"twitter:label1\" content=\"Tempo estimado de leitura\" \/>\n\t<meta name=\"twitter:data1\" content=\"1 minuto\" \/>\n<script type=\"application\/ld+json\" class=\"yoast-schema-graph\">{\"@context\":\"https:\/\/schema.org\",\"@graph\":[{\"@type\":\"WebPage\",\"@id\":\"https:\/\/marigeuer.com\/equilibrio\/consultoria-cartao-de-visitas\/\",\"url\":\"https:\/\/marigeuer.com\/equilibrio\/consultoria-cartao-de-visitas\/\",\"name\":\"Consultoria Cart\u00e3o de Visitas - Equil\u00edbrio Interior e Bem-Estar\",\"isPartOf\":{\"@id\":\"https:\/\/marigeuer.com\/equilibrio\/#website\"},\"datePublished\":\"2012-11-22T19:45:19+00:00\",\"dateModified\":\"2014-03-19T19:45:33+00:00\",\"breadcrumb\":{\"@id\":\"https:\/\/marigeuer.com\/equilibrio\/consultoria-cartao-de-visitas\/#breadcrumb\"},\"inLanguage\":\"pt-PT\",\"potentialAction\":[{\"@type\":\"ReadAction\",\"target\":[\"https:\/\/marigeuer.com\/equilibrio\/consultoria-cartao-de-visitas\/\"]}]},{\"@type\":\"BreadcrumbList\",\"@id\":\"https:\/\/marigeuer.com\/equilibrio\/consultoria-cartao-de-visitas\/#breadcrumb\",\"itemListElement\":[{\"@type\":\"ListItem\",\"position\":1,\"name\":\"In\u00edcio\",\"item\":\"https:\/\/marigeuer.com\/equilibrio\/\"},{\"@type\":\"ListItem\",\"position\":2,\"name\":\"Consultoria Cart\u00e3o de Visitas\"}]},{\"@type\":\"WebSite\",\"@id\":\"https:\/\/marigeuer.com\/equilibrio\/#website\",\"url\":\"https:\/\/marigeuer.com\/equilibrio\/\",\"name\":\"Equil\u00edbrio Interior e Bem-Estar\",\"description\":\"Pr\u00e1ticas de Transforma\u00e7\u00f5es para voc\u00ea | Mari Geuer\",\"potentialAction\":[{\"@type\":\"SearchAction\",\"target\":{\"@type\":\"EntryPoint\",\"urlTemplate\":\"https:\/\/marigeuer.com\/equilibrio\/?s={search_term_string}\"},\"query-input\":{\"@type\":\"PropertyValueSpecification\",\"valueRequired\":true,\"valueName\":\"search_term_string\"}}],\"inLanguage\":\"pt-PT\"}]}<\/script>\n<!-- \/ Yoast SEO plugin. -->","yoast_head_json":{"title":"Consultoria Cart\u00e3o de Visitas - Equil\u00edbrio Interior e Bem-Estar","robots":{"index":"index","follow":"follow","max-snippet":"max-snippet:-1","max-image-preview":"max-image-preview:large","max-video-preview":"max-video-preview:-1"},"canonical":"https:\/\/marigeuer.com\/equilibrio\/consultoria-cartao-de-visitas\/","og_locale":"pt_PT","og_type":"article","og_title":"Consultoria Cart\u00e3o de Visitas - Equil\u00edbrio Interior e Bem-Estar","og_description":"&nbsp; Incentive a fama e sucesso de seu neg\u00f3cio.\u00a0Saiba qual a cor e forma ideal para o seu ... Read More &raquo;","og_url":"https:\/\/marigeuer.com\/equilibrio\/consultoria-cartao-de-visitas\/","og_site_name":"Equil\u00edbrio Interior e Bem-Estar","article_modified_time":"2014-03-19T19:45:33+00:00","twitter_card":"summary_large_image","twitter_misc":{"Tempo estimado de leitura":"1 minuto"},"schema":{"@context":"https:\/\/schema.org","@graph":[{"@type":"WebPage","@id":"https:\/\/marigeuer.com\/equilibrio\/consultoria-cartao-de-visitas\/","url":"https:\/\/marigeuer.com\/equilibrio\/consultoria-cartao-de-visitas\/","name":"Consultoria Cart\u00e3o de Visitas - Equil\u00edbrio Interior e Bem-Estar","isPartOf":{"@id":"https:\/\/marigeuer.com\/equilibrio\/#website"},"datePublished":"2012-11-22T19:45:19+00:00","dateModified":"2014-03-19T19:45:33+00:00","breadcrumb":{"@id":"https:\/\/marigeuer.com\/equilibrio\/consultoria-cartao-de-visitas\/#breadcrumb"},"inLanguage":"pt-PT","potentialAction":[{"@type":"ReadAction","target":["https:\/\/marigeuer.com\/equilibrio\/consultoria-cartao-de-visitas\/"]}]},{"@type":"BreadcrumbList","@id":"https:\/\/marigeuer.com\/equilibrio\/consultoria-cartao-de-visitas\/#breadcrumb","itemListElement":[{"@type":"ListItem","position":1,"name":"In\u00edcio","item":"https:\/\/marigeuer.com\/equilibrio\/"},{"@type":"ListItem","position":2,"name":"Consultoria Cart\u00e3o de Visitas"}]},{"@type":"WebSite","@id":"https:\/\/marigeuer.com\/equilibrio\/#website","url":"https:\/\/marigeuer.com\/equilibrio\/","name":"Equil\u00edbrio Interior e Bem-Estar","description":"Pr\u00e1ticas de Transforma\u00e7\u00f5es para voc\u00ea | Mari Geuer","potentialAction":[{"@type":"SearchAction","target":{"@type":"EntryPoint","urlTemplate":"https:\/\/marigeuer.com\/equilibrio\/?s={search_term_string}"},"query-input":{"@type":"PropertyValueSpecification","valueRequired":true,"valueName":"search_term_string"}}],"inLanguage":"pt-PT"}]}},"_links":{"self":[{"href":"https:\/\/marigeuer.com\/equilibrio\/wp-json\/wp\/v2\/pages\/2116","targetHints":{"allow":["GET"]}}],"collection":[{"href":"https:\/\/marigeuer.com\/equilibrio\/wp-json\/wp\/v2\/pages"}],"about":[{"href":"https:\/\/marigeuer.com\/equilibrio\/wp-json\/wp\/v2\/types\/page"}],"author":[{"embeddable":true,"href":"https:\/\/marigeuer.com\/equilibrio\/wp-json\/wp\/v2\/users\/2"}],"replies":[{"embeddable":true,"href":"https:\/\/marigeuer.com\/equilibrio\/wp-json\/wp\/v2\/comments?post=2116"}],"version-history":[{"count":11,"href":"https:\/\/marigeuer.com\/equilibrio\/wp-json\/wp\/v2\/pages\/2116\/revisions"}],"predecessor-version":[{"id":4616,"href":"https:\/\/marigeuer.com\/equilibrio\/wp-json\/wp\/v2\/pages\/2116\/revisions\/4616"}],"wp:attachment":[{"href":"https:\/\/marigeuer.com\/equilibrio\/wp-json\/wp\/v2\/media?parent=2116"}],"curies":[{"name":"wp","href":"https:\/\/api.w.org\/{rel}","templated":true}]}}