{"id":24,"date":"2012-07-13T08:52:21","date_gmt":"2012-07-13T05:52:21","guid":{"rendered":"http:\/\/marigeuer.com\/blog\/?page_id=24"},"modified":"2018-01-01T17:28:46","modified_gmt":"2018-01-01T20:28:46","slug":"residencial","status":"publish","type":"page","link":"https:\/\/marigeuer.com\/equilibrio\/feng-shui\/residencial\/","title":{"rendered":"Feng Shui Residencial"},"content":{"rendered":"<blockquote>\n<h6><em><br \/>\n<img loading=\"lazy\" decoding=\"async\" class=\"alignleft\" title=\"feng shui\" src=\"http:\/\/1.bp.blogspot.com\/_g5V_o0le9hc\/SeDixQwtGCI\/AAAAAAAAAeg\/db0zMH8_RLs\/s200\/images%5B67%5D.jpg\" alt=\"\" width=\"106\" height=\"144\" \/>&#8220;Segundo esta corrente de pensamento esot\u00e9rica, estabelecendo uma rela\u00e7\u00e3o yin\/yang, os ideogramas Feng e Shui (respectivamente Vento e \u00c1gua) representaram o conhecimento das for\u00e7as necess\u00e1rias para conservar as influ\u00eancias positivas presentes em um espa\u00e7o e redirecionar as negativas de modo a beneficiar seus usu\u00e1rios.\u201dFonte: Wikep\u00e9dia.<\/em><\/h6>\n<\/blockquote>\n<p>Atualmente a arte do<strong> Feng Shui<\/strong> \u00e9 usada para melhorar e potencializar muitos aspectos da vida, tais como neg\u00f3cios, amigos, fam\u00edlias prosperidade, sa\u00fade e sorte.<\/p>\n<p>Mudando a localiza\u00e7\u00e3o dos objetos do nosso ambiente; utilizando a cromoterapia, a <a href=\"http:\/\/marigeuer.com\/equilibrio\/numerologia-cabalistica\/numerologia-cabalistica-mapa-pessoal\/\">numerologia<\/a>, a aromaterapia e, a utiliza\u00e7\u00e3o de talism\u00e3s, faz com que a energia vital (QI ou CHI) flua suavemente sem bloqueios nos ambientes que comp\u00f5em nossa casa.<\/p>\n<p>Essa energia vital \u00e9 indispens\u00e1vel para o bem estar do ambiente refletindo positivamente em suas vidas. O Feng Shui pode ser considerado uma vis\u00e3o abrangente do universo: c\u00e9u, terra, povo e energia.<\/p>\n<p>O Feng Shui n\u00e3o \u00e9 uma solu\u00e7\u00e3o m\u00e1gica para os problemas, mas a maior preocupa\u00e7\u00e3o aqui \u00e9 com a qualidade de vida, como equilibrar melhor um ambiente, para que as pessoas tenham mais vitalidade, energia e bom senso para lidar com as adversidades.<\/p>\n<figure id=\"attachment_212\" aria-describedby=\"caption-attachment-212\" style=\"width: 300px\" class=\"wp-caption aligncenter\"><a href=\"http:\/\/marigeuer.com\/equilibrio\/wp-content\/uploads\/2012\/07\/3800simbolo.jpg\"><img loading=\"lazy\" decoding=\"async\" class=\"size-medium wp-image-212\" title=\"3800simbolo\" src=\"http:\/\/marigeuer.com\/equilibrio\/wp-content\/uploads\/2012\/07\/3800simbolo-300x225.jpg\" alt=\"Yin Yang\" width=\"300\" height=\"225\" srcset=\"https:\/\/marigeuer.com\/equilibrio\/wp-content\/uploads\/2012\/07\/3800simbolo-300x225.jpg 300w, https:\/\/marigeuer.com\/equilibrio\/wp-content\/uploads\/2012\/07\/3800simbolo-400x300.jpg 400w, https:\/\/marigeuer.com\/equilibrio\/wp-content\/uploads\/2012\/07\/3800simbolo.jpg 1024w\" sizes=\"auto, (max-width: 300px) 100vw, 300px\" \/><\/a><figcaption id=\"caption-attachment-212\" class=\"wp-caption-text\">YinYang<\/figcaption><\/figure>\n<ul>\n<li>\n<div>\n<p><strong>Benef\u00edcios:<\/strong><\/p>\n<\/div>\n<p>Feng Shui contribui como um todo em cada um de n\u00f3s.<\/p>\n<p>Melhora da sa\u00fade, da prosperidade e dos relacionamentos;<\/p>\n<div>\n<ul>\n<li>Estimula a criatividade;<\/li>\n<li>Auxilia na evolu\u00e7\u00e3o pessoal;<\/li>\n<li>Limpa os canais energ\u00e9ticos negativos que provocam doen\u00e7as e desequil\u00edbrios nos moradores;<\/li>\n<li>Permite que novas e boas oportunidades profissionais aconte\u00e7am.<\/li>\n<\/ul>\n<p>&#8220;Sua casa \u00e9 uma extens\u00e3o de seu corpo, de sua vida!&#8221;<\/p>\n<p>&nbsp;<\/p>\n<p><strong>Consultoria no local:\u00a0<\/strong><\/p>\n<p>A <strong>consultoria residencial<\/strong> e\/ou empresarial \u00e9 feita em duas a tr\u00eas visitas no local.A <strong>primeira visita<\/strong> \u00e9 para fazer uma an\u00e1lise do local, conversar com o cliente\u00a0 para saber o hist\u00f3rico do local, identificar os problemas atuais do ambiente.Neste momento \u00e9 solicitado uma <strong>planta baixa do im\u00f3vel<\/strong>, para an\u00e1lise e estudo de <strong>radiestesia<\/strong>.<\/p>\n<\/div>\n<p>Ap\u00f3s aproximadamente 10 dias \u00e9 feito uma nova visita para <strong>entrega do relat\u00f3rio<\/strong> e esclarecimentos. Este relat\u00f3rio consiste num laudo t\u00e9cnico com sugest\u00f5es de curas para os ambientes.<\/p>\n<div><strong><br \/>\n<\/strong><\/div>\n<div><strong>Consultoria online:<\/strong><\/div>\n<div><strong>Dados completos<\/strong> : Nome completo, endere\u00e7o, quanto tempo mora no local e se o m\u00f3vel j\u00e1 pertenceu a outras pessoas (favor relatar se tem algum fato relevante acontecido), envio de fotos do local (externa e interna), croqui ou planta baixa do imovel.<\/div>\n<div><\/div>\n<div>Ser\u00e1 enviado<strong> relat\u00f3rio<\/strong> de aproximadamente 25 p\u00e1ginas, por email no formato .pdf<\/div>\n<div><\/div>\n<div><strong>Prazo de entrega<\/strong> do relat\u00f3rio 10 dias ap\u00f3s o recebimento dos dados necess\u00e1rios.<\/div>\n<div><\/div>\n<div>Ap\u00f3s o recebimento \u00e9 marcado um hor\u00e1rio para uma <strong>consultoria<\/strong>\u00a0 via MSN ou skype, para que o cliente possa tirar as d\u00favidas necess\u00e1rias. E na implanta\u00e7\u00e3o do processo de <strong>Feng Shui<\/strong>,\u00a0 cliente tamb\u00e9m poder\u00e1 entrar em contato via e-mail, caso ainda tenha mais alguma d\u00favida.<\/div>\n<div><\/div>\n<\/li>\n<\/ul>\n<blockquote>\n<figure id=\"attachment_213\" aria-describedby=\"caption-attachment-213\" style=\"width: 240px\" class=\"wp-caption alignleft\"><a href=\"http:\/\/marigeuer.com\/equilibrio\/wp-content\/uploads\/2012\/07\/frase_fengshui_1.png\"><img loading=\"lazy\" decoding=\"async\" class=\" wp-image-213\" title=\"frase_fengshui_1\" src=\"http:\/\/marigeuer.com\/equilibrio\/wp-content\/uploads\/2012\/07\/frase_fengshui_1-300x209.png\" alt=\"\" width=\"240\" height=\"167\" srcset=\"https:\/\/marigeuer.com\/equilibrio\/wp-content\/uploads\/2012\/07\/frase_fengshui_1-300x209.png 300w, https:\/\/marigeuer.com\/equilibrio\/wp-content\/uploads\/2012\/07\/frase_fengshui_1-429x300.png 429w, https:\/\/marigeuer.com\/equilibrio\/wp-content\/uploads\/2012\/07\/frase_fengshui_1.png 482w\" sizes=\"auto, (max-width: 240px) 100vw, 240px\" \/><\/a><figcaption id=\"caption-attachment-213\" class=\"wp-caption-text\">Consultorias Feng Shui<\/figcaption><\/figure>\n<h5><\/h5>\n<h5><\/h5>\n<h5><\/h5>\n<h5><\/h5>\n<h5><\/h5>\n<address>\u00a0<\/address>\n<address><strong>Maiores informa\u00e7\u00f5es para consultoria:<\/strong><br \/>\n<strong><\/strong><\/address>\n<address><strong>Mar\u00ef G\u00eauer \u00a0<\/strong><\/address>\n<address><strong>c<\/strong><strong>ontato@marigeuer.com \u00a0&#8211;\u00a0<\/strong><strong>\u00a0f. (19) 3324.6904<\/strong><\/address>\n<\/blockquote>\n","protected":false},"excerpt":{"rendered":"<p>&#8220;Segundo esta corrente de pensamento esot\u00e9rica, estabelecendo uma rela\u00e7\u00e3o yin\/yang, os ideogramas Feng e Shui (respectivamente Vento e &#8230; <a class=\"more-link\" href=\"https:\/\/marigeuer.com\/equilibrio\/feng-shui\/residencial\/\">Read More &raquo;<\/a><\/p>\n","protected":false},"author":2,"featured_media":0,"parent":18,"menu_order":0,"comment_status":"open","ping_status":"open","template":"","meta":{"sfsi_plus_gutenberg_text_before_share":"","sfsi_plus_gutenberg_show_text_before_share":"","sfsi_plus_gutenberg_icon_type":"","sfsi_plus_gutenberg_icon_alignemt":"","sfsi_plus_gutenburg_max_per_row":"","footnotes":""},"class_list":["post-24","page","type-page","status-publish","hentry"],"yoast_head":"<!-- This site is optimized with the Yoast SEO plugin v27.2 - https:\/\/yoast.com\/product\/yoast-seo-wordpress\/ -->\n<title>Feng Shui Residencial - Equil\u00edbrio Interior e Bem-Estar<\/title>\n<meta name=\"robots\" content=\"index, follow, max-snippet:-1, max-image-preview:large, max-video-preview:-1\" \/>\n<link rel=\"canonical\" href=\"https:\/\/marigeuer.com\/equilibrio\/feng-shui\/residencial\/\" \/>\n<meta property=\"og:locale\" content=\"pt_PT\" \/>\n<meta property=\"og:type\" content=\"article\" \/>\n<meta property=\"og:title\" content=\"Feng Shui Residencial - Equil\u00edbrio Interior e Bem-Estar\" \/>\n<meta property=\"og:description\" content=\"&#8220;Segundo esta corrente de pensamento esot\u00e9rica, estabelecendo uma rela\u00e7\u00e3o yin\/yang, os ideogramas Feng e Shui (respectivamente Vento e ... Read More &raquo;\" \/>\n<meta property=\"og:url\" content=\"https:\/\/marigeuer.com\/equilibrio\/feng-shui\/residencial\/\" \/>\n<meta property=\"og:site_name\" content=\"Equil\u00edbrio Interior e Bem-Estar\" \/>\n<meta property=\"article:modified_time\" content=\"2018-01-01T20:28:46+00:00\" \/>\n<meta property=\"og:image\" content=\"http:\/\/1.bp.blogspot.com\/_g5V_o0le9hc\/SeDixQwtGCI\/AAAAAAAAAeg\/db0zMH8_RLs\/s200\/images%5B67%5D.jpg\" \/>\n<meta name=\"twitter:card\" content=\"summary_large_image\" \/>\n<meta name=\"twitter:label1\" content=\"Tempo estimado de leitura\" \/>\n\t<meta name=\"twitter:data1\" content=\"3 minutos\" \/>\n<script type=\"application\/ld+json\" class=\"yoast-schema-graph\">{\"@context\":\"https:\/\/schema.org\",\"@graph\":[{\"@type\":\"WebPage\",\"@id\":\"https:\/\/marigeuer.com\/equilibrio\/feng-shui\/residencial\/\",\"url\":\"https:\/\/marigeuer.com\/equilibrio\/feng-shui\/residencial\/\",\"name\":\"Feng Shui Residencial - Equil\u00edbrio Interior e Bem-Estar\",\"isPartOf\":{\"@id\":\"https:\/\/marigeuer.com\/equilibrio\/#website\"},\"primaryImageOfPage\":{\"@id\":\"https:\/\/marigeuer.com\/equilibrio\/feng-shui\/residencial\/#primaryimage\"},\"image\":{\"@id\":\"https:\/\/marigeuer.com\/equilibrio\/feng-shui\/residencial\/#primaryimage\"},\"thumbnailUrl\":\"http:\/\/1.bp.blogspot.com\/_g5V_o0le9hc\/SeDixQwtGCI\/AAAAAAAAAeg\/db0zMH8_RLs\/s200\/images%5B67%5D.jpg\",\"datePublished\":\"2012-07-13T05:52:21+00:00\",\"dateModified\":\"2018-01-01T20:28:46+00:00\",\"breadcrumb\":{\"@id\":\"https:\/\/marigeuer.com\/equilibrio\/feng-shui\/residencial\/#breadcrumb\"},\"inLanguage\":\"pt-PT\",\"potentialAction\":[{\"@type\":\"ReadAction\",\"target\":[\"https:\/\/marigeuer.com\/equilibrio\/feng-shui\/residencial\/\"]}]},{\"@type\":\"ImageObject\",\"inLanguage\":\"pt-PT\",\"@id\":\"https:\/\/marigeuer.com\/equilibrio\/feng-shui\/residencial\/#primaryimage\",\"url\":\"http:\/\/1.bp.blogspot.com\/_g5V_o0le9hc\/SeDixQwtGCI\/AAAAAAAAAeg\/db0zMH8_RLs\/s200\/images%5B67%5D.jpg\",\"contentUrl\":\"http:\/\/1.bp.blogspot.com\/_g5V_o0le9hc\/SeDixQwtGCI\/AAAAAAAAAeg\/db0zMH8_RLs\/s200\/images%5B67%5D.jpg\"},{\"@type\":\"BreadcrumbList\",\"@id\":\"https:\/\/marigeuer.com\/equilibrio\/feng-shui\/residencial\/#breadcrumb\",\"itemListElement\":[{\"@type\":\"ListItem\",\"position\":1,\"name\":\"In\u00edcio\",\"item\":\"https:\/\/marigeuer.com\/equilibrio\/\"},{\"@type\":\"ListItem\",\"position\":2,\"name\":\"Feng Shui\",\"item\":\"https:\/\/marigeuer.com\/equilibrio\/feng-shui\/\"},{\"@type\":\"ListItem\",\"position\":3,\"name\":\"Feng Shui Residencial\"}]},{\"@type\":\"WebSite\",\"@id\":\"https:\/\/marigeuer.com\/equilibrio\/#website\",\"url\":\"https:\/\/marigeuer.com\/equilibrio\/\",\"name\":\"Equil\u00edbrio Interior e Bem-Estar\",\"description\":\"Pr\u00e1ticas de Transforma\u00e7\u00f5es para voc\u00ea | Mari Geuer\",\"potentialAction\":[{\"@type\":\"SearchAction\",\"target\":{\"@type\":\"EntryPoint\",\"urlTemplate\":\"https:\/\/marigeuer.com\/equilibrio\/?s={search_term_string}\"},\"query-input\":{\"@type\":\"PropertyValueSpecification\",\"valueRequired\":true,\"valueName\":\"search_term_string\"}}],\"inLanguage\":\"pt-PT\"}]}<\/script>\n<!-- \/ Yoast SEO plugin. -->","yoast_head_json":{"title":"Feng Shui Residencial - Equil\u00edbrio Interior e Bem-Estar","robots":{"index":"index","follow":"follow","max-snippet":"max-snippet:-1","max-image-preview":"max-image-preview:large","max-video-preview":"max-video-preview:-1"},"canonical":"https:\/\/marigeuer.com\/equilibrio\/feng-shui\/residencial\/","og_locale":"pt_PT","og_type":"article","og_title":"Feng Shui Residencial - Equil\u00edbrio Interior e Bem-Estar","og_description":"&#8220;Segundo esta corrente de pensamento esot\u00e9rica, estabelecendo uma rela\u00e7\u00e3o yin\/yang, os ideogramas Feng e Shui (respectivamente Vento e ... Read More &raquo;","og_url":"https:\/\/marigeuer.com\/equilibrio\/feng-shui\/residencial\/","og_site_name":"Equil\u00edbrio Interior e Bem-Estar","article_modified_time":"2018-01-01T20:28:46+00:00","og_image":[{"url":"http:\/\/1.bp.blogspot.com\/_g5V_o0le9hc\/SeDixQwtGCI\/AAAAAAAAAeg\/db0zMH8_RLs\/s200\/images%5B67%5D.jpg","type":"","width":"","height":""}],"twitter_card":"summary_large_image","twitter_misc":{"Tempo estimado de leitura":"3 minutos"},"schema":{"@context":"https:\/\/schema.org","@graph":[{"@type":"WebPage","@id":"https:\/\/marigeuer.com\/equilibrio\/feng-shui\/residencial\/","url":"https:\/\/marigeuer.com\/equilibrio\/feng-shui\/residencial\/","name":"Feng Shui Residencial - Equil\u00edbrio Interior e Bem-Estar","isPartOf":{"@id":"https:\/\/marigeuer.com\/equilibrio\/#website"},"primaryImageOfPage":{"@id":"https:\/\/marigeuer.com\/equilibrio\/feng-shui\/residencial\/#primaryimage"},"image":{"@id":"https:\/\/marigeuer.com\/equilibrio\/feng-shui\/residencial\/#primaryimage"},"thumbnailUrl":"http:\/\/1.bp.blogspot.com\/_g5V_o0le9hc\/SeDixQwtGCI\/AAAAAAAAAeg\/db0zMH8_RLs\/s200\/images%5B67%5D.jpg","datePublished":"2012-07-13T05:52:21+00:00","dateModified":"2018-01-01T20:28:46+00:00","breadcrumb":{"@id":"https:\/\/marigeuer.com\/equilibrio\/feng-shui\/residencial\/#breadcrumb"},"inLanguage":"pt-PT","potentialAction":[{"@type":"ReadAction","target":["https:\/\/marigeuer.com\/equilibrio\/feng-shui\/residencial\/"]}]},{"@type":"ImageObject","inLanguage":"pt-PT","@id":"https:\/\/marigeuer.com\/equilibrio\/feng-shui\/residencial\/#primaryimage","url":"http:\/\/1.bp.blogspot.com\/_g5V_o0le9hc\/SeDixQwtGCI\/AAAAAAAAAeg\/db0zMH8_RLs\/s200\/images%5B67%5D.jpg","contentUrl":"http:\/\/1.bp.blogspot.com\/_g5V_o0le9hc\/SeDixQwtGCI\/AAAAAAAAAeg\/db0zMH8_RLs\/s200\/images%5B67%5D.jpg"},{"@type":"BreadcrumbList","@id":"https:\/\/marigeuer.com\/equilibrio\/feng-shui\/residencial\/#breadcrumb","itemListElement":[{"@type":"ListItem","position":1,"name":"In\u00edcio","item":"https:\/\/marigeuer.com\/equilibrio\/"},{"@type":"ListItem","position":2,"name":"Feng Shui","item":"https:\/\/marigeuer.com\/equilibrio\/feng-shui\/"},{"@type":"ListItem","position":3,"name":"Feng Shui Residencial"}]},{"@type":"WebSite","@id":"https:\/\/marigeuer.com\/equilibrio\/#website","url":"https:\/\/marigeuer.com\/equilibrio\/","name":"Equil\u00edbrio Interior e Bem-Estar","description":"Pr\u00e1ticas de Transforma\u00e7\u00f5es para voc\u00ea | Mari Geuer","potentialAction":[{"@type":"SearchAction","target":{"@type":"EntryPoint","urlTemplate":"https:\/\/marigeuer.com\/equilibrio\/?s={search_term_string}"},"query-input":{"@type":"PropertyValueSpecification","valueRequired":true,"valueName":"search_term_string"}}],"inLanguage":"pt-PT"}]}},"_links":{"self":[{"href":"https:\/\/marigeuer.com\/equilibrio\/wp-json\/wp\/v2\/pages\/24","targetHints":{"allow":["GET"]}}],"collection":[{"href":"https:\/\/marigeuer.com\/equilibrio\/wp-json\/wp\/v2\/pages"}],"about":[{"href":"https:\/\/marigeuer.com\/equilibrio\/wp-json\/wp\/v2\/types\/page"}],"author":[{"embeddable":true,"href":"https:\/\/marigeuer.com\/equilibrio\/wp-json\/wp\/v2\/users\/2"}],"replies":[{"embeddable":true,"href":"https:\/\/marigeuer.com\/equilibrio\/wp-json\/wp\/v2\/comments?post=24"}],"version-history":[{"count":5,"href":"https:\/\/marigeuer.com\/equilibrio\/wp-json\/wp\/v2\/pages\/24\/revisions"}],"predecessor-version":[{"id":7150,"href":"https:\/\/marigeuer.com\/equilibrio\/wp-json\/wp\/v2\/pages\/24\/revisions\/7150"}],"up":[{"embeddable":true,"href":"https:\/\/marigeuer.com\/equilibrio\/wp-json\/wp\/v2\/pages\/18"}],"wp:attachment":[{"href":"https:\/\/marigeuer.com\/equilibrio\/wp-json\/wp\/v2\/media?parent=24"}],"curies":[{"name":"wp","href":"https:\/\/api.w.org\/{rel}","templated":true}]}}