{"id":26,"date":"2012-07-13T08:52:45","date_gmt":"2012-07-13T05:52:45","guid":{"rendered":"http:\/\/marigeuer.com\/blog\/?page_id=26"},"modified":"2016-09-15T17:31:11","modified_gmt":"2016-09-15T20:31:11","slug":"empresarial","status":"publish","type":"page","link":"https:\/\/marigeuer.com\/equilibrio\/feng-shui\/empresarial\/","title":{"rendered":"Feng Shui Empresarial"},"content":{"rendered":"<p>O Feng Shui nas empresas tem por objetivo criar um ambiente de trabalho confort\u00e1vel onde as pessoas possam trabalhar com elevado rendimento e com o menor desperd\u00edcio da energia, pois sabe-se que muitas vezes a quantidade de horas que passamos no local de trabalho \u00e9 muito maior do que o tempo que passamos em nossa resid\u00eancia.<\/p>\n<p>Ao aplicar o\u00a0<a href=\"http:\/\/marigeuer.com\/equilibrio\/category\/feng-shui-artigos\/\">Feng Shui<\/a>, os colaboradores encontram o ambiente de trabalho, mais harmonioso e saud\u00e1vel, reduzindo o estresse, cansa\u00e7o e desentendimento; aumentando a satisfa\u00e7\u00e3o, valoriza\u00e7\u00e3o e aprecia\u00e7\u00e3o do seu desempenho bem como um sentimento de maior controle, confian\u00e7a e realiza\u00e7\u00e3o com sucesso e prosperidade na carreira.<\/p>\n<div><a href=\"http:\/\/1.bp.blogspot.com\/_g5V_o0le9hc\/S9hvbFMtZ2I\/AAAAAAAABdc\/-Ub_N-ZupW4\/s1600\/escritorio.jpg\"><img loading=\"lazy\" decoding=\"async\" alt=\"\" src=\"http:\/\/1.bp.blogspot.com\/_g5V_o0le9hc\/S9hvbFMtZ2I\/AAAAAAAABdc\/-Ub_N-ZupW4\/s200\/escritorio.jpg\" width=\"200\" height=\"155\" border=\"0\" \/><\/a><\/div>\n<p>A\u00a0<strong>consultoria\u00a0do Feng Shui<\/strong> pode auxiliar a empresa na distribui\u00e7\u00e3o ideal dos departamentos da empresa, em fun\u00e7\u00e3o de suas caracter\u00edsticas, no posicionamento e orienta\u00e7\u00e3o do mobili\u00e1rio em rela\u00e7\u00e3o ao cargo exercido por cada funcion\u00e1rio, escolha das cores e elementos de decora\u00e7\u00e3o mais adequados para a energia de cada ambiente. Para estabelecimentos comerciais, o consultor ir\u00e1 indicar a melhor localiza\u00e7\u00e3o para o caixa, estoque, contabilidade, mesas, cozinha, a cor adequada para o ramo de atividade, etc.<\/p>\n<p>Desta forma, al\u00e9m de melhorar a produtividade e os relacionamentos, a lideran\u00e7a torna-se mais eficaz, h\u00e1 um aumento da efici\u00eancia na utiliza\u00e7\u00e3o do edif\u00edcio, espa\u00e7o e equipamentos e consequentemente um maior rendimento, mais vendas, clientes fieis, aumento dos lucros, consequentemente o uso do Feng Shui nas empresas traz sucesso e\u00a0prosperidade\u00a0para todos os envolvidos. Mesmo para quem n\u00e3o sabe ou n\u00e3o acredita, o ambiente torna-se mais calmo e as pessoas mais bem dispostas.<\/p>\n<p>Solicite um or\u00e7amento &#8211; contato@marigeuer.com<\/p>\n<p>&nbsp;<\/p>\n","protected":false},"excerpt":{"rendered":"<p>O Feng Shui nas empresas tem por objetivo criar um ambiente de trabalho confort\u00e1vel onde as pessoas possam &#8230; <a class=\"more-link\" href=\"https:\/\/marigeuer.com\/equilibrio\/feng-shui\/empresarial\/\">Read More &raquo;<\/a><\/p>\n","protected":false},"author":2,"featured_media":0,"parent":18,"menu_order":0,"comment_status":"open","ping_status":"open","template":"","meta":{"sfsi_plus_gutenberg_text_before_share":"","sfsi_plus_gutenberg_show_text_before_share":"","sfsi_plus_gutenberg_icon_type":"","sfsi_plus_gutenberg_icon_alignemt":"","sfsi_plus_gutenburg_max_per_row":"","footnotes":""},"class_list":["post-26","page","type-page","status-publish","hentry"],"yoast_head":"<!-- This site is optimized with the Yoast SEO plugin v27.2 - https:\/\/yoast.com\/product\/yoast-seo-wordpress\/ -->\n<title>Feng Shui Empresarial - Equil\u00edbrio Interior e Bem-Estar<\/title>\n<meta name=\"robots\" content=\"index, follow, max-snippet:-1, max-image-preview:large, max-video-preview:-1\" \/>\n<link rel=\"canonical\" href=\"https:\/\/marigeuer.com\/equilibrio\/feng-shui\/empresarial\/\" \/>\n<meta property=\"og:locale\" content=\"pt_PT\" \/>\n<meta property=\"og:type\" content=\"article\" \/>\n<meta property=\"og:title\" content=\"Feng Shui Empresarial - Equil\u00edbrio Interior e Bem-Estar\" \/>\n<meta property=\"og:description\" content=\"O Feng Shui nas empresas tem por objetivo criar um ambiente de trabalho confort\u00e1vel onde as pessoas possam ... Read More &raquo;\" \/>\n<meta property=\"og:url\" content=\"https:\/\/marigeuer.com\/equilibrio\/feng-shui\/empresarial\/\" \/>\n<meta property=\"og:site_name\" content=\"Equil\u00edbrio Interior e Bem-Estar\" \/>\n<meta property=\"article:modified_time\" content=\"2016-09-15T20:31:11+00:00\" \/>\n<meta property=\"og:image\" content=\"http:\/\/1.bp.blogspot.com\/_g5V_o0le9hc\/S9hvbFMtZ2I\/AAAAAAAABdc\/-Ub_N-ZupW4\/s200\/escritorio.jpg\" \/>\n<meta name=\"twitter:card\" content=\"summary_large_image\" \/>\n<meta name=\"twitter:label1\" content=\"Tempo estimado de leitura\" \/>\n\t<meta name=\"twitter:data1\" content=\"1 minuto\" \/>\n<script type=\"application\/ld+json\" class=\"yoast-schema-graph\">{\"@context\":\"https:\/\/schema.org\",\"@graph\":[{\"@type\":\"WebPage\",\"@id\":\"https:\/\/marigeuer.com\/equilibrio\/feng-shui\/empresarial\/\",\"url\":\"https:\/\/marigeuer.com\/equilibrio\/feng-shui\/empresarial\/\",\"name\":\"Feng Shui Empresarial - Equil\u00edbrio Interior e Bem-Estar\",\"isPartOf\":{\"@id\":\"https:\/\/marigeuer.com\/equilibrio\/#website\"},\"primaryImageOfPage\":{\"@id\":\"https:\/\/marigeuer.com\/equilibrio\/feng-shui\/empresarial\/#primaryimage\"},\"image\":{\"@id\":\"https:\/\/marigeuer.com\/equilibrio\/feng-shui\/empresarial\/#primaryimage\"},\"thumbnailUrl\":\"http:\/\/1.bp.blogspot.com\/_g5V_o0le9hc\/S9hvbFMtZ2I\/AAAAAAAABdc\/-Ub_N-ZupW4\/s200\/escritorio.jpg\",\"datePublished\":\"2012-07-13T05:52:45+00:00\",\"dateModified\":\"2016-09-15T20:31:11+00:00\",\"breadcrumb\":{\"@id\":\"https:\/\/marigeuer.com\/equilibrio\/feng-shui\/empresarial\/#breadcrumb\"},\"inLanguage\":\"pt-PT\",\"potentialAction\":[{\"@type\":\"ReadAction\",\"target\":[\"https:\/\/marigeuer.com\/equilibrio\/feng-shui\/empresarial\/\"]}]},{\"@type\":\"ImageObject\",\"inLanguage\":\"pt-PT\",\"@id\":\"https:\/\/marigeuer.com\/equilibrio\/feng-shui\/empresarial\/#primaryimage\",\"url\":\"http:\/\/1.bp.blogspot.com\/_g5V_o0le9hc\/S9hvbFMtZ2I\/AAAAAAAABdc\/-Ub_N-ZupW4\/s200\/escritorio.jpg\",\"contentUrl\":\"http:\/\/1.bp.blogspot.com\/_g5V_o0le9hc\/S9hvbFMtZ2I\/AAAAAAAABdc\/-Ub_N-ZupW4\/s200\/escritorio.jpg\"},{\"@type\":\"BreadcrumbList\",\"@id\":\"https:\/\/marigeuer.com\/equilibrio\/feng-shui\/empresarial\/#breadcrumb\",\"itemListElement\":[{\"@type\":\"ListItem\",\"position\":1,\"name\":\"In\u00edcio\",\"item\":\"https:\/\/marigeuer.com\/equilibrio\/\"},{\"@type\":\"ListItem\",\"position\":2,\"name\":\"Feng Shui\",\"item\":\"https:\/\/marigeuer.com\/equilibrio\/feng-shui\/\"},{\"@type\":\"ListItem\",\"position\":3,\"name\":\"Feng Shui Empresarial\"}]},{\"@type\":\"WebSite\",\"@id\":\"https:\/\/marigeuer.com\/equilibrio\/#website\",\"url\":\"https:\/\/marigeuer.com\/equilibrio\/\",\"name\":\"Equil\u00edbrio Interior e Bem-Estar\",\"description\":\"Pr\u00e1ticas de Transforma\u00e7\u00f5es para voc\u00ea | Mari Geuer\",\"potentialAction\":[{\"@type\":\"SearchAction\",\"target\":{\"@type\":\"EntryPoint\",\"urlTemplate\":\"https:\/\/marigeuer.com\/equilibrio\/?s={search_term_string}\"},\"query-input\":{\"@type\":\"PropertyValueSpecification\",\"valueRequired\":true,\"valueName\":\"search_term_string\"}}],\"inLanguage\":\"pt-PT\"}]}<\/script>\n<!-- \/ Yoast SEO plugin. -->","yoast_head_json":{"title":"Feng Shui Empresarial - Equil\u00edbrio Interior e Bem-Estar","robots":{"index":"index","follow":"follow","max-snippet":"max-snippet:-1","max-image-preview":"max-image-preview:large","max-video-preview":"max-video-preview:-1"},"canonical":"https:\/\/marigeuer.com\/equilibrio\/feng-shui\/empresarial\/","og_locale":"pt_PT","og_type":"article","og_title":"Feng Shui Empresarial - Equil\u00edbrio Interior e Bem-Estar","og_description":"O Feng Shui nas empresas tem por objetivo criar um ambiente de trabalho confort\u00e1vel onde as pessoas possam ... Read More &raquo;","og_url":"https:\/\/marigeuer.com\/equilibrio\/feng-shui\/empresarial\/","og_site_name":"Equil\u00edbrio Interior e Bem-Estar","article_modified_time":"2016-09-15T20:31:11+00:00","og_image":[{"url":"http:\/\/1.bp.blogspot.com\/_g5V_o0le9hc\/S9hvbFMtZ2I\/AAAAAAAABdc\/-Ub_N-ZupW4\/s200\/escritorio.jpg","type":"","width":"","height":""}],"twitter_card":"summary_large_image","twitter_misc":{"Tempo estimado de leitura":"1 minuto"},"schema":{"@context":"https:\/\/schema.org","@graph":[{"@type":"WebPage","@id":"https:\/\/marigeuer.com\/equilibrio\/feng-shui\/empresarial\/","url":"https:\/\/marigeuer.com\/equilibrio\/feng-shui\/empresarial\/","name":"Feng Shui Empresarial - Equil\u00edbrio Interior e Bem-Estar","isPartOf":{"@id":"https:\/\/marigeuer.com\/equilibrio\/#website"},"primaryImageOfPage":{"@id":"https:\/\/marigeuer.com\/equilibrio\/feng-shui\/empresarial\/#primaryimage"},"image":{"@id":"https:\/\/marigeuer.com\/equilibrio\/feng-shui\/empresarial\/#primaryimage"},"thumbnailUrl":"http:\/\/1.bp.blogspot.com\/_g5V_o0le9hc\/S9hvbFMtZ2I\/AAAAAAAABdc\/-Ub_N-ZupW4\/s200\/escritorio.jpg","datePublished":"2012-07-13T05:52:45+00:00","dateModified":"2016-09-15T20:31:11+00:00","breadcrumb":{"@id":"https:\/\/marigeuer.com\/equilibrio\/feng-shui\/empresarial\/#breadcrumb"},"inLanguage":"pt-PT","potentialAction":[{"@type":"ReadAction","target":["https:\/\/marigeuer.com\/equilibrio\/feng-shui\/empresarial\/"]}]},{"@type":"ImageObject","inLanguage":"pt-PT","@id":"https:\/\/marigeuer.com\/equilibrio\/feng-shui\/empresarial\/#primaryimage","url":"http:\/\/1.bp.blogspot.com\/_g5V_o0le9hc\/S9hvbFMtZ2I\/AAAAAAAABdc\/-Ub_N-ZupW4\/s200\/escritorio.jpg","contentUrl":"http:\/\/1.bp.blogspot.com\/_g5V_o0le9hc\/S9hvbFMtZ2I\/AAAAAAAABdc\/-Ub_N-ZupW4\/s200\/escritorio.jpg"},{"@type":"BreadcrumbList","@id":"https:\/\/marigeuer.com\/equilibrio\/feng-shui\/empresarial\/#breadcrumb","itemListElement":[{"@type":"ListItem","position":1,"name":"In\u00edcio","item":"https:\/\/marigeuer.com\/equilibrio\/"},{"@type":"ListItem","position":2,"name":"Feng Shui","item":"https:\/\/marigeuer.com\/equilibrio\/feng-shui\/"},{"@type":"ListItem","position":3,"name":"Feng Shui Empresarial"}]},{"@type":"WebSite","@id":"https:\/\/marigeuer.com\/equilibrio\/#website","url":"https:\/\/marigeuer.com\/equilibrio\/","name":"Equil\u00edbrio Interior e Bem-Estar","description":"Pr\u00e1ticas de Transforma\u00e7\u00f5es para voc\u00ea | Mari Geuer","potentialAction":[{"@type":"SearchAction","target":{"@type":"EntryPoint","urlTemplate":"https:\/\/marigeuer.com\/equilibrio\/?s={search_term_string}"},"query-input":{"@type":"PropertyValueSpecification","valueRequired":true,"valueName":"search_term_string"}}],"inLanguage":"pt-PT"}]}},"_links":{"self":[{"href":"https:\/\/marigeuer.com\/equilibrio\/wp-json\/wp\/v2\/pages\/26","targetHints":{"allow":["GET"]}}],"collection":[{"href":"https:\/\/marigeuer.com\/equilibrio\/wp-json\/wp\/v2\/pages"}],"about":[{"href":"https:\/\/marigeuer.com\/equilibrio\/wp-json\/wp\/v2\/types\/page"}],"author":[{"embeddable":true,"href":"https:\/\/marigeuer.com\/equilibrio\/wp-json\/wp\/v2\/users\/2"}],"replies":[{"embeddable":true,"href":"https:\/\/marigeuer.com\/equilibrio\/wp-json\/wp\/v2\/comments?post=26"}],"version-history":[{"count":5,"href":"https:\/\/marigeuer.com\/equilibrio\/wp-json\/wp\/v2\/pages\/26\/revisions"}],"predecessor-version":[{"id":6112,"href":"https:\/\/marigeuer.com\/equilibrio\/wp-json\/wp\/v2\/pages\/26\/revisions\/6112"}],"up":[{"embeddable":true,"href":"https:\/\/marigeuer.com\/equilibrio\/wp-json\/wp\/v2\/pages\/18"}],"wp:attachment":[{"href":"https:\/\/marigeuer.com\/equilibrio\/wp-json\/wp\/v2\/media?parent=26"}],"curies":[{"name":"wp","href":"https:\/\/api.w.org\/{rel}","templated":true}]}}