{"id":290,"date":"2012-08-31T18:24:24","date_gmt":"2012-08-31T21:24:24","guid":{"rendered":"http:\/\/marigeuer.com\/blog\/?page_id=290"},"modified":"2022-05-30T08:37:22","modified_gmt":"2022-05-30T11:37:22","slug":"reprogramacao-mental","status":"publish","type":"page","link":"https:\/\/marigeuer.com\/equilibrio\/reprogramacao-mental\/","title":{"rendered":"Reprograma\u00e7\u00e3o Mental"},"content":{"rendered":"<p style=\"text-align: justify;\"><span style=\"color: #000000;\">O\u00a0<strong>poder <\/strong>de uma pessoa, tanto em sua vida pessoal quanto na profissional, emana muito mais de sua capacidade de convencer, persuadir, se relacionar, liderar , negociar , motivar-se e superar suas dificuldades do que a posi\u00e7\u00e3o profissional que ocupa ou de seu poder de coer\u00e7\u00e3o.<\/span><\/p>\n<div>\n<p style=\"text-align: justify;\"><span style=\"color: #000000;\">Por isso \u00e9 importante que voc\u00ea \u00a0identifique o que \u00a0lhe causa sofrimento, quais seus padr\u00f5es negativos \u00a0e \u00a0se disp\u00f5e a \u00a0substituir este padr\u00e3o negativo por um direcionamento positivo, busque o autoconhecimento.<\/span><\/p>\n<h2 style=\"text-align: justify;\"><span style=\"color: #ff6600;\"><u>Reprograma\u00e7\u00e3o Mental<\/u> como uma ferramenta poderosa<\/span><\/h2>\n<p style=\"text-align: justify;\"><span style=\"color: #000000;\">A\u00a0<strong>reprograma\u00e7\u00e3o mental<\/strong>\u00a0poder\u00e1 ser uma poderosa ferramenta para modifica\u00e7\u00e3o deste padr\u00e3o negativo e na mudan\u00e7a de h\u00e1bitos.<\/span><\/p>\n<p style=\"text-align: justify;\"><span style=\"color: #000000;\">Voc\u00ea ouvindo os \u00e1udios de <strong>reprograma\u00e7\u00e3o mental<\/strong> haver\u00e1 uma significativa mudan\u00e7a de comportamento, contribuindo para que cultive dentro de si uma compreens\u00e3o de seu ser e para que viva de maneira mais harm\u00f4nica e equilibrada.<\/span><\/p>\n<p style=\"text-align: justify;\"><span style=\"color: #000000;\">Com\u00a0a ruptura de padr\u00f5es de comportamento, \u00e9 poss\u00edvel \u00a0te auxiliar a superar seus conflitos para que possa adquirir uma nova postura diante da vida, aprimorando seu poder pessoal e profissional, direcionando sua programa\u00e7\u00e3o mental de maneira positiva e saud\u00e1vel.<\/span><\/p>\n<p style=\"text-align: justify;\"><span style=\"color: #000000;\">Em nossa LOJA DA MENTE temos v\u00e1rias reprograma\u00e7\u00f5es para h\u00e1bitos espec\u00edficos.<\/span><\/p>\n<h3 style=\"text-align: justify;\"><span style=\"color: #000000;\">Conhe\u00e7a a <em>Reprograma\u00e7\u00e3o Mental<\/em> que vai auxiliar voc\u00ea:\u00a0<\/span><\/h3>\n<ul>\n<li><a href=\"https:\/\/forms.gle\/m3adDSPFeM6roCSM6\" target=\"_blank\" rel=\"nofollow noopener noreferrer\"><span style=\"color: #000000;\">Como Desenvolver sua Autoconfian\u00e7a<\/span><\/a><\/li>\n<li><span style=\"color: #000000;\">Como Eliminar o Stress e Fadiga &#8211; Faxina Mental\u00a0<\/span><\/li>\n<li><a href=\"https:\/\/forms.gle\/m3adDSPFeM6roCSM6\" target=\"_blank\" rel=\"nofollow noopener noreferrer\"><span style=\"color: #000000;\">Como Emagrecer<\/span><\/a><\/li>\n<li><a href=\"https:\/\/forms.gle\/m3adDSPFeM6roCSM6\" target=\"_blank\" rel=\"nofollow noopener noreferrer\"><span style=\"color: #000000; text-align: justify;\">Como Superar a Timidez<\/span><\/a><\/li>\n<li><a href=\"https:\/\/forms.gle\/m3adDSPFeM6roCSM6\" target=\"_blank\" rel=\"nofollow noopener noreferrer\"><span style=\"color: #000000; text-align: justify;\">Como Superar o Medo de Dirigir<\/span><\/a><\/li>\n<li><a href=\"https:\/\/forms.gle\/m3adDSPFeM6roCSM6\" target=\"_blank\" rel=\"nofollow noopener noreferrer\"><span style=\"color: #000000; text-align: justify;\">Como ter sucesso em exames de vestibulares e concursos<\/span><\/a><\/li>\n<li><span style=\"color: #000000; text-align: justify;\">Como prosperar e obter uma mente milion\u00e1ria<\/span><\/li>\n<li><a href=\"https:\/\/forms.gle\/m3adDSPFeM6roCSM6\" target=\"_blank\" rel=\"nofollow noopener noreferrer\"><span style=\"color: #000000; text-align: justify;\">Autoconfian\u00e7a para falar em p\u00fablico<\/span><\/a><\/li>\n<li><span style=\"color: #000000; text-align: justify;\">Abrindo as Portas da Criatividade<\/span><\/li>\n<li><span style=\"color: #000000; text-align: justify;\">Fortalecimento da Capacidade de Concentra\u00e7\u00e3o<\/span><\/li>\n<li><span style=\"color: #000000; text-align: justify;\">Acabe com a Autossabotagem&#8230;<\/span><\/li>\n<\/ul>\n<\/div>\n<div>\n<p style=\"text-align: left;\">Saiba mais\u00a0<strong><a href=\"https:\/\/forms.gle\/m3adDSPFeM6roCSM6\">aqui<\/a> <\/strong>como voc\u00ea pode ter a sua<strong> Reprograma\u00e7\u00e3o Mental Personalizada<\/strong><\/p>\n<div><\/div>\n<div>Abra\u00e7os de Luz<\/div>\n<\/div>\n<div><\/div>\n<div>M\u00e1ri G\u00eauer<\/div>\n<div>\n<div><\/div>\n<div><\/div>\n<div><\/div>\n<div><\/div>\n<div><\/div>\n<div><\/div>\n<div><\/div>\n<div><\/div>\n<div><a title=\"Editar p\u00e1gina\" href=\"http:\/\/marigeuer.com\/equilibrio\/reprogramacao-mental\/\"><img loading=\"lazy\" decoding=\"async\" src=\"http:\/\/www.blogger.com\/img\/icon18_edit_allbkg.gif\" alt=\"Reprograma\u00e7\u00e3o Mental\" width=\"18\" height=\"18\" \/><\/a><\/div>\n<\/div>\n","protected":false},"excerpt":{"rendered":"<p>O\u00a0poder de uma pessoa, tanto em sua vida pessoal quanto na profissional, emana muito mais de sua capacidade &#8230; <a class=\"more-link\" href=\"https:\/\/marigeuer.com\/equilibrio\/reprogramacao-mental\/\">Read More &raquo;<\/a><\/p>\n","protected":false},"author":2,"featured_media":0,"parent":0,"menu_order":0,"comment_status":"open","ping_status":"open","template":"","meta":{"sfsi_plus_gutenberg_text_before_share":"","sfsi_plus_gutenberg_show_text_before_share":"","sfsi_plus_gutenberg_icon_type":"","sfsi_plus_gutenberg_icon_alignemt":"","sfsi_plus_gutenburg_max_per_row":"","footnotes":""},"class_list":["post-290","page","type-page","status-publish","hentry"],"yoast_head":"<!-- This site is optimized with the Yoast SEO plugin v27.2 - https:\/\/yoast.com\/product\/yoast-seo-wordpress\/ -->\n<title>Reprograma\u00e7\u00e3o Mental - Equil\u00edbrio Interior e Bem-Estar<\/title>\n<meta name=\"robots\" content=\"index, follow, max-snippet:-1, max-image-preview:large, max-video-preview:-1\" \/>\n<link rel=\"canonical\" href=\"https:\/\/marigeuer.com\/equilibrio\/reprogramacao-mental\/\" \/>\n<meta property=\"og:locale\" content=\"pt_PT\" \/>\n<meta property=\"og:type\" content=\"article\" \/>\n<meta property=\"og:title\" content=\"Reprograma\u00e7\u00e3o Mental - Equil\u00edbrio Interior e Bem-Estar\" \/>\n<meta property=\"og:description\" content=\"O\u00a0poder de uma pessoa, tanto em sua vida pessoal quanto na profissional, emana muito mais de sua capacidade ... Read More &raquo;\" \/>\n<meta property=\"og:url\" content=\"https:\/\/marigeuer.com\/equilibrio\/reprogramacao-mental\/\" \/>\n<meta property=\"og:site_name\" content=\"Equil\u00edbrio Interior e Bem-Estar\" \/>\n<meta property=\"article:modified_time\" content=\"2022-05-30T11:37:22+00:00\" \/>\n<meta property=\"og:image\" content=\"http:\/\/www.blogger.com\/img\/icon18_edit_allbkg.gif\" \/>\n<meta name=\"twitter:card\" content=\"summary_large_image\" \/>\n<meta name=\"twitter:label1\" content=\"Tempo estimado de leitura\" \/>\n\t<meta name=\"twitter:data1\" content=\"2 minutos\" \/>\n<script type=\"application\/ld+json\" class=\"yoast-schema-graph\">{\"@context\":\"https:\/\/schema.org\",\"@graph\":[{\"@type\":\"WebPage\",\"@id\":\"https:\/\/marigeuer.com\/equilibrio\/reprogramacao-mental\/\",\"url\":\"https:\/\/marigeuer.com\/equilibrio\/reprogramacao-mental\/\",\"name\":\"Reprograma\u00e7\u00e3o Mental - Equil\u00edbrio Interior e Bem-Estar\",\"isPartOf\":{\"@id\":\"https:\/\/marigeuer.com\/equilibrio\/#website\"},\"primaryImageOfPage\":{\"@id\":\"https:\/\/marigeuer.com\/equilibrio\/reprogramacao-mental\/#primaryimage\"},\"image\":{\"@id\":\"https:\/\/marigeuer.com\/equilibrio\/reprogramacao-mental\/#primaryimage\"},\"thumbnailUrl\":\"http:\/\/www.blogger.com\/img\/icon18_edit_allbkg.gif\",\"datePublished\":\"2012-08-31T21:24:24+00:00\",\"dateModified\":\"2022-05-30T11:37:22+00:00\",\"breadcrumb\":{\"@id\":\"https:\/\/marigeuer.com\/equilibrio\/reprogramacao-mental\/#breadcrumb\"},\"inLanguage\":\"pt-PT\",\"potentialAction\":[{\"@type\":\"ReadAction\",\"target\":[\"https:\/\/marigeuer.com\/equilibrio\/reprogramacao-mental\/\"]}]},{\"@type\":\"ImageObject\",\"inLanguage\":\"pt-PT\",\"@id\":\"https:\/\/marigeuer.com\/equilibrio\/reprogramacao-mental\/#primaryimage\",\"url\":\"http:\/\/www.blogger.com\/img\/icon18_edit_allbkg.gif\",\"contentUrl\":\"http:\/\/www.blogger.com\/img\/icon18_edit_allbkg.gif\"},{\"@type\":\"BreadcrumbList\",\"@id\":\"https:\/\/marigeuer.com\/equilibrio\/reprogramacao-mental\/#breadcrumb\",\"itemListElement\":[{\"@type\":\"ListItem\",\"position\":1,\"name\":\"In\u00edcio\",\"item\":\"https:\/\/marigeuer.com\/equilibrio\/\"},{\"@type\":\"ListItem\",\"position\":2,\"name\":\"Reprograma\u00e7\u00e3o Mental\"}]},{\"@type\":\"WebSite\",\"@id\":\"https:\/\/marigeuer.com\/equilibrio\/#website\",\"url\":\"https:\/\/marigeuer.com\/equilibrio\/\",\"name\":\"Equil\u00edbrio Interior e Bem-Estar\",\"description\":\"Pr\u00e1ticas de Transforma\u00e7\u00f5es para voc\u00ea | Mari Geuer\",\"potentialAction\":[{\"@type\":\"SearchAction\",\"target\":{\"@type\":\"EntryPoint\",\"urlTemplate\":\"https:\/\/marigeuer.com\/equilibrio\/?s={search_term_string}\"},\"query-input\":{\"@type\":\"PropertyValueSpecification\",\"valueRequired\":true,\"valueName\":\"search_term_string\"}}],\"inLanguage\":\"pt-PT\"}]}<\/script>\n<!-- \/ Yoast SEO plugin. -->","yoast_head_json":{"title":"Reprograma\u00e7\u00e3o Mental - Equil\u00edbrio Interior e Bem-Estar","robots":{"index":"index","follow":"follow","max-snippet":"max-snippet:-1","max-image-preview":"max-image-preview:large","max-video-preview":"max-video-preview:-1"},"canonical":"https:\/\/marigeuer.com\/equilibrio\/reprogramacao-mental\/","og_locale":"pt_PT","og_type":"article","og_title":"Reprograma\u00e7\u00e3o Mental - Equil\u00edbrio Interior e Bem-Estar","og_description":"O\u00a0poder de uma pessoa, tanto em sua vida pessoal quanto na profissional, emana muito mais de sua capacidade ... Read More &raquo;","og_url":"https:\/\/marigeuer.com\/equilibrio\/reprogramacao-mental\/","og_site_name":"Equil\u00edbrio Interior e Bem-Estar","article_modified_time":"2022-05-30T11:37:22+00:00","og_image":[{"url":"http:\/\/www.blogger.com\/img\/icon18_edit_allbkg.gif","type":"","width":"","height":""}],"twitter_card":"summary_large_image","twitter_misc":{"Tempo estimado de leitura":"2 minutos"},"schema":{"@context":"https:\/\/schema.org","@graph":[{"@type":"WebPage","@id":"https:\/\/marigeuer.com\/equilibrio\/reprogramacao-mental\/","url":"https:\/\/marigeuer.com\/equilibrio\/reprogramacao-mental\/","name":"Reprograma\u00e7\u00e3o Mental - Equil\u00edbrio Interior e Bem-Estar","isPartOf":{"@id":"https:\/\/marigeuer.com\/equilibrio\/#website"},"primaryImageOfPage":{"@id":"https:\/\/marigeuer.com\/equilibrio\/reprogramacao-mental\/#primaryimage"},"image":{"@id":"https:\/\/marigeuer.com\/equilibrio\/reprogramacao-mental\/#primaryimage"},"thumbnailUrl":"http:\/\/www.blogger.com\/img\/icon18_edit_allbkg.gif","datePublished":"2012-08-31T21:24:24+00:00","dateModified":"2022-05-30T11:37:22+00:00","breadcrumb":{"@id":"https:\/\/marigeuer.com\/equilibrio\/reprogramacao-mental\/#breadcrumb"},"inLanguage":"pt-PT","potentialAction":[{"@type":"ReadAction","target":["https:\/\/marigeuer.com\/equilibrio\/reprogramacao-mental\/"]}]},{"@type":"ImageObject","inLanguage":"pt-PT","@id":"https:\/\/marigeuer.com\/equilibrio\/reprogramacao-mental\/#primaryimage","url":"http:\/\/www.blogger.com\/img\/icon18_edit_allbkg.gif","contentUrl":"http:\/\/www.blogger.com\/img\/icon18_edit_allbkg.gif"},{"@type":"BreadcrumbList","@id":"https:\/\/marigeuer.com\/equilibrio\/reprogramacao-mental\/#breadcrumb","itemListElement":[{"@type":"ListItem","position":1,"name":"In\u00edcio","item":"https:\/\/marigeuer.com\/equilibrio\/"},{"@type":"ListItem","position":2,"name":"Reprograma\u00e7\u00e3o Mental"}]},{"@type":"WebSite","@id":"https:\/\/marigeuer.com\/equilibrio\/#website","url":"https:\/\/marigeuer.com\/equilibrio\/","name":"Equil\u00edbrio Interior e Bem-Estar","description":"Pr\u00e1ticas de Transforma\u00e7\u00f5es para voc\u00ea | Mari Geuer","potentialAction":[{"@type":"SearchAction","target":{"@type":"EntryPoint","urlTemplate":"https:\/\/marigeuer.com\/equilibrio\/?s={search_term_string}"},"query-input":{"@type":"PropertyValueSpecification","valueRequired":true,"valueName":"search_term_string"}}],"inLanguage":"pt-PT"}]}},"_links":{"self":[{"href":"https:\/\/marigeuer.com\/equilibrio\/wp-json\/wp\/v2\/pages\/290","targetHints":{"allow":["GET"]}}],"collection":[{"href":"https:\/\/marigeuer.com\/equilibrio\/wp-json\/wp\/v2\/pages"}],"about":[{"href":"https:\/\/marigeuer.com\/equilibrio\/wp-json\/wp\/v2\/types\/page"}],"author":[{"embeddable":true,"href":"https:\/\/marigeuer.com\/equilibrio\/wp-json\/wp\/v2\/users\/2"}],"replies":[{"embeddable":true,"href":"https:\/\/marigeuer.com\/equilibrio\/wp-json\/wp\/v2\/comments?post=290"}],"version-history":[{"count":28,"href":"https:\/\/marigeuer.com\/equilibrio\/wp-json\/wp\/v2\/pages\/290\/revisions"}],"predecessor-version":[{"id":8600,"href":"https:\/\/marigeuer.com\/equilibrio\/wp-json\/wp\/v2\/pages\/290\/revisions\/8600"}],"wp:attachment":[{"href":"https:\/\/marigeuer.com\/equilibrio\/wp-json\/wp\/v2\/media?parent=290"}],"curies":[{"name":"wp","href":"https:\/\/api.w.org\/{rel}","templated":true}]}}