{"id":30,"date":"2012-07-13T08:53:33","date_gmt":"2012-07-13T05:53:33","guid":{"rendered":"http:\/\/marigeuer.com\/blog\/?page_id=30"},"modified":"2018-01-01T17:28:44","modified_gmt":"2018-01-01T20:28:44","slug":"empresarial","status":"publish","type":"page","link":"https:\/\/marigeuer.com\/equilibrio\/numerologia-cabalistica\/empresarial\/","title":{"rendered":"Numerologia Empresarial"},"content":{"rendered":"<div align=\"justify\">\n<p><span style=\"font-size: medium;\">Pense em quantas empresas s\u00e3o abertas e fechadas diariamente, quantas fortunas e talentos s\u00e3o desperdi\u00e7ados em neg\u00f3cios. O sucesso de uma empresa est\u00e1 muito ligado a n\u00fameros, ao equil\u00edbrio do lucro e despesas. No entanto, existem outras rela\u00e7\u00f5es que s\u00e3o pouco conhecidas, uma delas \u00e9 o estudo numerol\u00f3gico da empresa. Atrav\u00e9s da numerologia \u00e9 poss\u00edvel diagnosticar com bastante precis\u00e3o, todo um conjunto de caracter\u00edsticas determinantes das habilidades, da identidade e da postura do ser humano.<\/span><\/p>\n<\/div>\n<div>\n<p><a href=\"http:\/\/3.bp.blogspot.com\/_g5V_o0le9hc\/SZsZ-ciwRVI\/AAAAAAAAAWg\/os14yD7Bh5I\/s1600-h\/empresarial%5B1%5D.jpg\"><img decoding=\"async\" id=\"BLOGGER_PHOTO_ID_5303861546763437394\" src=\"http:\/\/3.bp.blogspot.com\/_g5V_o0le9hc\/SZsZ-ciwRVI\/AAAAAAAAAWg\/os14yD7Bh5I\/s320\/empresarial%5B1%5D.jpg\" alt=\"\" border=\"0\" \/><\/a><\/p>\n<\/div>\n<div>\n<p><span style=\"font-size: medium;\">Como tudo na Natureza, tamb\u00e9m empresarialmente deve existir harmonia entre a empresa, produtos, s\u00f3cios e funcion\u00e1rios. Para que uma empresa seja pr\u00f3spera, n\u00e3o basta um nome bonito ou um bom produto ou um servi\u00e7o oferecido, \u00e9 necess\u00e1rio que as pessoas envolvidas tamb\u00e9m possuam uma vibra\u00e7\u00e3o harm\u00f4nica com o produto ou servi\u00e7o.<\/span><\/p>\n<\/div>\n<div>\n<p><span style=\"font-size: medium;\">Assim o ideal \u00e9 fazer um estudo numerol\u00f3gico da pr\u00f3pria empresa a partir da raz\u00e3o social, nome fantasia, da data da constitui\u00e7\u00e3o do contrato social, bem como dos s\u00f3cios e todos os n\u00fameros que envolvem sua forma\u00e7\u00e3o.<\/span><\/p>\n<\/div>\n<div>\n<p><span style=\"font-size: medium;\">Este estudo pode ser feito antes de sua constitui\u00e7\u00e3o, onde avalia-se as caracter\u00edsticas de cada s\u00f3cio e a compatibilidade entre eles, ou ent\u00e3o como uma busca de solu\u00e7\u00f5es de conflitos e harmoniza\u00e7\u00e3o entre os s\u00f3cios e seus funcion\u00e1rios.<\/span><\/p>\n<\/div>\n<div>\n<p><span style=\"font-size: medium;\">Na Numerologia tamb\u00e9m podemos desenvolver um trabalho juntamente com o RH da empresa na escolha do funcion\u00e1rio ideal num determinado cargo. Nesse trabalho, atrav\u00e9s do Mapa, analisamos a personalidade e os n\u00fameros importantes que mostram qual a melhor profiss\u00e3o e o melhor cargo para essa pessoa dentro da empresa.<\/span><\/p>\n<\/div>\n<div>\n<p><span style=\"font-size: medium;\"><img decoding=\"async\" id=\"BLOGGER_PHOTO_ID_5303848818226487682\" class=\"aligncenter\" src=\"http:\/\/3.bp.blogspot.com\/_g5V_o0le9hc\/SZsOZjDD4YI\/AAAAAAAAAU4\/Q7WOYs-soL4\/s400\/numerologia01%5B1%5D.jpg\" alt=\"\" border=\"0\" \/><\/span><\/p>\n<\/div>\n<div align=\"justify\">\n<blockquote><p><span style=\"font-size: medium;\">O Mapa oferece an\u00e1lise de: Raz\u00e3o Social, Nome fantasia, Data de Abertura da Empresa, altera\u00e7\u00e3o contratual, Endere\u00e7o da Empresa, Segmento, Produtos e Servi\u00e7os&#8230;<\/span><\/p><\/blockquote>\n<\/div>\n<div>\n<p><span style=\"font-size: medium;\">\u00a0\u00a0\u00a0\u00a0\u00a0\u00a0\u00a0\u00a0\u00a0\u00a0<strong>Op\u00e7\u00f5es de analise empresarial:<\/strong><\/span><\/p>\n<\/div>\n<div>\n<p><span style=\"font-size: medium;\">\u00a0 \u00a0 \u00a0 \u00a0\u00a0<\/span><span style=\"font-size: medium;\">I &#8211;\u00a0<\/span><strong style=\"font-size: medium;\">An\u00e1lise do nome da empresa<\/strong><span style=\"font-size: medium;\">\u00a0<\/span><\/p>\n<\/div>\n<div>\n<p><span style=\"font-size: medium;\">\u00a0\u00a0\u00a0\u00a0\u00a0\u00a0\u00a0\u00a0\u00a0 Constitu\u00edda ou a constituir (raz\u00e3o social e nome de fantasia), data de abertura, o n\u00famero do estabelecimento, an\u00e1lise do relacionamento empresarial entre os s\u00f3cios e as fun\u00e7\u00f5es que cada um deve desenvolver dentro da empresa. Datas favor\u00e1veis para abertura\/inaugura\u00e7\u00e3o da empresa, altera\u00e7\u00e3o contratual (se necess\u00e1rio), lan\u00e7amentos de campanhas de publicidades e de novos produtos, eventos em geral.<\/span><\/p>\n<p><span style=\"font-size: medium;\">\u00a0 \u00a0 \u00a0 \u00a0\u00a0<\/span><strong style=\"font-size: medium;\">II &#8211; An\u00e1lise do nome de produto<\/strong><\/p>\n<\/div>\n<div>\n<p><span style=\"font-size: medium;\">\u00a0 \u00a0 \u00a0 \u00a0 Para que esta an\u00e1lise seja feita \u00e9 necess\u00e1rio dados da empresa (raz\u00e3o social, nome fantasia e ramo de atividade), uma lista de nomes para o produto (at\u00e9 5 op\u00e7\u00f5es) para a escolha da melhor op\u00e7\u00e3o, caracter\u00edsticas do produto e qual o mercado alvo deste produto.\u00a0<\/span><span style=\"font-family: Arial; font-size: medium;\">Neste item \u00e9 necess\u00e1rio\u00a0 a avalia\u00e7\u00e3o da empresa (item I)<\/span><\/p>\n<\/div>\n<div>\n<p><span style=\"font-family: Arial; font-size: medium;\">\u00a0 \u00a0 \u00a0 \u00a0<strong> \u00a0<\/strong><\/span><strong><span style=\"font-family: 'Trebuchet MS', sans-serif;\">III &#8211; Calend\u00e1rio anual empresarial<\/span><\/strong><\/p>\n<\/div>\n<div>\n<p><span style=\"font-family: Arial; font-size: medium;\">\u00a0\u00a0\u00a0\u00a0\u00a0\u00a0 Datas favor\u00e1veis para abertura de empresa, assinatura de contratos, campanha publicit\u00e1ria, lan\u00e7amentos, viagens de neg\u00f3cios e eventos em geral. \u00c9 criada uma tabela\u00a0 para um per\u00edodo de 12 meses, de acordo com a necessidade de sua empresa.\u00a0<\/span><span style=\"font-family: Arial; font-size: medium;\">Neste item \u00e9 necess\u00e1rio a avalia\u00e7\u00e3o da empresa (item I)<\/span><\/p>\n<\/div>\n<div>\n<p><span style=\"font-family: Arial; font-size: medium;\">\u00a0<\/span><span style=\"font-family: 'Trebuchet MS', sans-serif; font-size: medium;\">\u00a0 \u00a0 \u00a0 \u00a0\u00a0<\/span><strong style=\"font-size: medium;\">IV &#8211; Avalia\u00e7ao seletivo \/ funcional<\/strong><\/p>\n<\/div>\n<div>\n<p><span style=\"font-family: Arial; font-size: medium;\">\u00a0\u00a0\u00a0\u00a0\u00a0\u00a0\u00a0 Avalia\u00e7\u00e3o de funcion\u00e1rios. A partir da numerologia de cada funcion\u00e1rio ou candidato\u00a0 \u00e9 possivel analisar com qual fun\u00e7\u00e3o ele melhor se adequa e, consequentemente obtendo uma\u00a0 maior\u00a0 produtividade.\u00a0\u00a0\u00a0 Neste item \u00e9 necess\u00e1rio a avalia\u00e7\u00e3o da empresa (item I)<\/span><\/p>\n<\/div>\n<div>\n<p><span style=\"font-family: 'Trebuchet MS', sans-serif; font-size: medium;\">\u00a0 \u00a0 \u00a0 \u00a0\u00a0<\/span><strong style=\"font-size: medium;\">V &#8211; Mapa pessoal de cada s\u00f3cio.<\/strong><\/p>\n<\/div>\n<div>\n<p><span style=\"font-family: Arial; font-size: medium;\">\u00a0\u00a0\u00a0\u00a0\u00a0\u00a0\u00a0 Para um bom aproveitamento dos estudos numerol\u00f3gicos empresarial \u00e9 ideal que se fa\u00e7a o\u00a0<\/span><span style=\"font-family: Arial; font-size: medium;\"><a href=\"http:\/\/marigeuer.com\/equilibrio\/numerologia-cabalistica\/numerologia-cabalistica-mapa-pessoal\/\">mapa pessoal<\/a>\u00a0<\/span><span style=\"font-family: Arial; font-size: medium;\">completo de cada s\u00f3cio atuante, os que efetivamente trabalham na empresa, e ou de funcion\u00e1rios que exercem poder de decis\u00e3o, pois tudo o que estiver ocorrendo com cada um ir\u00e1 interfirir no mapa geral da empresa.\u00a0<\/span><span style=\"font-family: 'Times New Roman';\">\u00a0<span style=\"font-family: 'Trebuchet MS', sans-serif; font-size: medium;\">Afinal, uma empresa s\u00f3 existe como resultado do trabalho de pessoas, n\u00e3o tem vontade pr\u00f3pria, n\u00e3o \u00e9 uma entidade ou um ser, mas um conceito.<\/span><\/span><\/p>\n<\/div>\n<p>&nbsp;<\/p>\n<p><strong style=\"font-size: medium;\">Invista em voc\u00ea e na sua empresa!<\/strong><\/p>\n<p><strong style=\"font-size: medium;\"><\/strong><strong style=\"font-size: medium;\">N\u00e3o deixe para amanh\u00e3!<\/strong><\/p>\n<p><strong style=\"font-size: medium;\"><\/strong><strong style=\"font-size: medium;\">Contato: \u00a0<\/strong><strong style=\"font-size: medium;\">Mar\u00ef Geuer<\/strong><\/p>\n<p><strong style=\"font-size: medium;\"><\/strong><strong style=\"font-size: medium;\">Numer\u00f3loga Cabal\u00edstica<span style=\"font-size: small;\">\u00a0(formada pela Academia Brasileira de Numerologia Cabal\u00edstica e Unidarma)<\/span><\/strong><\/p>\n<div align=\"justify\">\n<p>&nbsp;<\/p>\n<blockquote>\n<div align=\"justify\"><span style=\"font-size: medium;\"><strong>contato@marigeuer.com<\/strong><\/span><\/div>\n<\/blockquote>\n<blockquote>\n<div align=\"justify\">\n<p><span style=\"font-size: medium;\"><strong>(19) 3324.6904 \/ 9214.6726<\/strong><\/span><\/p>\n<\/div>\n<\/blockquote>\n<div align=\"justify\">\n<p>&nbsp;<\/p>\n<h2><\/h2>\n<p><!-- FINAL FORMULARIO BOTAO PAGSEGURO --><\/p>\n<\/div>\n<\/div>\n","protected":false},"excerpt":{"rendered":"<p>Pense em quantas empresas s\u00e3o abertas e fechadas diariamente, quantas fortunas e talentos s\u00e3o desperdi\u00e7ados em neg\u00f3cios. O &#8230; <a class=\"more-link\" href=\"https:\/\/marigeuer.com\/equilibrio\/numerologia-cabalistica\/empresarial\/\">Read More &raquo;<\/a><\/p>\n","protected":false},"author":2,"featured_media":0,"parent":20,"menu_order":0,"comment_status":"open","ping_status":"open","template":"","meta":{"sfsi_plus_gutenberg_text_before_share":"","sfsi_plus_gutenberg_show_text_before_share":"","sfsi_plus_gutenberg_icon_type":"","sfsi_plus_gutenberg_icon_alignemt":"","sfsi_plus_gutenburg_max_per_row":"","footnotes":""},"class_list":["post-30","page","type-page","status-publish","hentry"],"yoast_head":"<!-- This site is optimized with the Yoast SEO plugin v27.2 - https:\/\/yoast.com\/product\/yoast-seo-wordpress\/ -->\n<title>Numerologia Empresarial - Equil\u00edbrio Interior e Bem-Estar<\/title>\n<meta name=\"robots\" content=\"index, follow, max-snippet:-1, max-image-preview:large, max-video-preview:-1\" \/>\n<link rel=\"canonical\" href=\"https:\/\/marigeuer.com\/equilibrio\/numerologia-cabalistica\/empresarial\/\" \/>\n<meta property=\"og:locale\" content=\"pt_PT\" \/>\n<meta property=\"og:type\" content=\"article\" \/>\n<meta property=\"og:title\" content=\"Numerologia Empresarial - Equil\u00edbrio Interior e Bem-Estar\" \/>\n<meta property=\"og:description\" content=\"Pense em quantas empresas s\u00e3o abertas e fechadas diariamente, quantas fortunas e talentos s\u00e3o desperdi\u00e7ados em neg\u00f3cios. O ... Read More &raquo;\" \/>\n<meta property=\"og:url\" content=\"https:\/\/marigeuer.com\/equilibrio\/numerologia-cabalistica\/empresarial\/\" \/>\n<meta property=\"og:site_name\" content=\"Equil\u00edbrio Interior e Bem-Estar\" \/>\n<meta property=\"article:modified_time\" content=\"2018-01-01T20:28:44+00:00\" \/>\n<meta property=\"og:image\" content=\"http:\/\/3.bp.blogspot.com\/_g5V_o0le9hc\/SZsZ-ciwRVI\/AAAAAAAAAWg\/os14yD7Bh5I\/s320\/empresarial%5B1%5D.jpg\" \/>\n<meta name=\"twitter:card\" content=\"summary_large_image\" \/>\n<meta name=\"twitter:label1\" content=\"Tempo estimado de leitura\" \/>\n\t<meta name=\"twitter:data1\" content=\"3 minutos\" \/>\n<script type=\"application\/ld+json\" class=\"yoast-schema-graph\">{\"@context\":\"https:\/\/schema.org\",\"@graph\":[{\"@type\":\"WebPage\",\"@id\":\"https:\/\/marigeuer.com\/equilibrio\/numerologia-cabalistica\/empresarial\/\",\"url\":\"https:\/\/marigeuer.com\/equilibrio\/numerologia-cabalistica\/empresarial\/\",\"name\":\"Numerologia Empresarial - Equil\u00edbrio Interior e Bem-Estar\",\"isPartOf\":{\"@id\":\"https:\/\/marigeuer.com\/equilibrio\/#website\"},\"primaryImageOfPage\":{\"@id\":\"https:\/\/marigeuer.com\/equilibrio\/numerologia-cabalistica\/empresarial\/#primaryimage\"},\"image\":{\"@id\":\"https:\/\/marigeuer.com\/equilibrio\/numerologia-cabalistica\/empresarial\/#primaryimage\"},\"thumbnailUrl\":\"http:\/\/3.bp.blogspot.com\/_g5V_o0le9hc\/SZsZ-ciwRVI\/AAAAAAAAAWg\/os14yD7Bh5I\/s320\/empresarial%5B1%5D.jpg\",\"datePublished\":\"2012-07-13T05:53:33+00:00\",\"dateModified\":\"2018-01-01T20:28:44+00:00\",\"breadcrumb\":{\"@id\":\"https:\/\/marigeuer.com\/equilibrio\/numerologia-cabalistica\/empresarial\/#breadcrumb\"},\"inLanguage\":\"pt-PT\",\"potentialAction\":[{\"@type\":\"ReadAction\",\"target\":[\"https:\/\/marigeuer.com\/equilibrio\/numerologia-cabalistica\/empresarial\/\"]}]},{\"@type\":\"ImageObject\",\"inLanguage\":\"pt-PT\",\"@id\":\"https:\/\/marigeuer.com\/equilibrio\/numerologia-cabalistica\/empresarial\/#primaryimage\",\"url\":\"http:\/\/3.bp.blogspot.com\/_g5V_o0le9hc\/SZsZ-ciwRVI\/AAAAAAAAAWg\/os14yD7Bh5I\/s320\/empresarial%5B1%5D.jpg\",\"contentUrl\":\"http:\/\/3.bp.blogspot.com\/_g5V_o0le9hc\/SZsZ-ciwRVI\/AAAAAAAAAWg\/os14yD7Bh5I\/s320\/empresarial%5B1%5D.jpg\"},{\"@type\":\"BreadcrumbList\",\"@id\":\"https:\/\/marigeuer.com\/equilibrio\/numerologia-cabalistica\/empresarial\/#breadcrumb\",\"itemListElement\":[{\"@type\":\"ListItem\",\"position\":1,\"name\":\"In\u00edcio\",\"item\":\"https:\/\/marigeuer.com\/equilibrio\/\"},{\"@type\":\"ListItem\",\"position\":2,\"name\":\"Numerologia Cabal\u00edstica\",\"item\":\"https:\/\/marigeuer.com\/equilibrio\/numerologia-cabalistica\/\"},{\"@type\":\"ListItem\",\"position\":3,\"name\":\"Numerologia Empresarial\"}]},{\"@type\":\"WebSite\",\"@id\":\"https:\/\/marigeuer.com\/equilibrio\/#website\",\"url\":\"https:\/\/marigeuer.com\/equilibrio\/\",\"name\":\"Equil\u00edbrio Interior e Bem-Estar\",\"description\":\"Pr\u00e1ticas de Transforma\u00e7\u00f5es para voc\u00ea | Mari Geuer\",\"potentialAction\":[{\"@type\":\"SearchAction\",\"target\":{\"@type\":\"EntryPoint\",\"urlTemplate\":\"https:\/\/marigeuer.com\/equilibrio\/?s={search_term_string}\"},\"query-input\":{\"@type\":\"PropertyValueSpecification\",\"valueRequired\":true,\"valueName\":\"search_term_string\"}}],\"inLanguage\":\"pt-PT\"}]}<\/script>\n<!-- \/ Yoast SEO plugin. -->","yoast_head_json":{"title":"Numerologia Empresarial - Equil\u00edbrio Interior e Bem-Estar","robots":{"index":"index","follow":"follow","max-snippet":"max-snippet:-1","max-image-preview":"max-image-preview:large","max-video-preview":"max-video-preview:-1"},"canonical":"https:\/\/marigeuer.com\/equilibrio\/numerologia-cabalistica\/empresarial\/","og_locale":"pt_PT","og_type":"article","og_title":"Numerologia Empresarial - Equil\u00edbrio Interior e Bem-Estar","og_description":"Pense em quantas empresas s\u00e3o abertas e fechadas diariamente, quantas fortunas e talentos s\u00e3o desperdi\u00e7ados em neg\u00f3cios. O ... Read More &raquo;","og_url":"https:\/\/marigeuer.com\/equilibrio\/numerologia-cabalistica\/empresarial\/","og_site_name":"Equil\u00edbrio Interior e Bem-Estar","article_modified_time":"2018-01-01T20:28:44+00:00","og_image":[{"url":"http:\/\/3.bp.blogspot.com\/_g5V_o0le9hc\/SZsZ-ciwRVI\/AAAAAAAAAWg\/os14yD7Bh5I\/s320\/empresarial%5B1%5D.jpg","type":"","width":"","height":""}],"twitter_card":"summary_large_image","twitter_misc":{"Tempo estimado de leitura":"3 minutos"},"schema":{"@context":"https:\/\/schema.org","@graph":[{"@type":"WebPage","@id":"https:\/\/marigeuer.com\/equilibrio\/numerologia-cabalistica\/empresarial\/","url":"https:\/\/marigeuer.com\/equilibrio\/numerologia-cabalistica\/empresarial\/","name":"Numerologia Empresarial - Equil\u00edbrio Interior e Bem-Estar","isPartOf":{"@id":"https:\/\/marigeuer.com\/equilibrio\/#website"},"primaryImageOfPage":{"@id":"https:\/\/marigeuer.com\/equilibrio\/numerologia-cabalistica\/empresarial\/#primaryimage"},"image":{"@id":"https:\/\/marigeuer.com\/equilibrio\/numerologia-cabalistica\/empresarial\/#primaryimage"},"thumbnailUrl":"http:\/\/3.bp.blogspot.com\/_g5V_o0le9hc\/SZsZ-ciwRVI\/AAAAAAAAAWg\/os14yD7Bh5I\/s320\/empresarial%5B1%5D.jpg","datePublished":"2012-07-13T05:53:33+00:00","dateModified":"2018-01-01T20:28:44+00:00","breadcrumb":{"@id":"https:\/\/marigeuer.com\/equilibrio\/numerologia-cabalistica\/empresarial\/#breadcrumb"},"inLanguage":"pt-PT","potentialAction":[{"@type":"ReadAction","target":["https:\/\/marigeuer.com\/equilibrio\/numerologia-cabalistica\/empresarial\/"]}]},{"@type":"ImageObject","inLanguage":"pt-PT","@id":"https:\/\/marigeuer.com\/equilibrio\/numerologia-cabalistica\/empresarial\/#primaryimage","url":"http:\/\/3.bp.blogspot.com\/_g5V_o0le9hc\/SZsZ-ciwRVI\/AAAAAAAAAWg\/os14yD7Bh5I\/s320\/empresarial%5B1%5D.jpg","contentUrl":"http:\/\/3.bp.blogspot.com\/_g5V_o0le9hc\/SZsZ-ciwRVI\/AAAAAAAAAWg\/os14yD7Bh5I\/s320\/empresarial%5B1%5D.jpg"},{"@type":"BreadcrumbList","@id":"https:\/\/marigeuer.com\/equilibrio\/numerologia-cabalistica\/empresarial\/#breadcrumb","itemListElement":[{"@type":"ListItem","position":1,"name":"In\u00edcio","item":"https:\/\/marigeuer.com\/equilibrio\/"},{"@type":"ListItem","position":2,"name":"Numerologia Cabal\u00edstica","item":"https:\/\/marigeuer.com\/equilibrio\/numerologia-cabalistica\/"},{"@type":"ListItem","position":3,"name":"Numerologia Empresarial"}]},{"@type":"WebSite","@id":"https:\/\/marigeuer.com\/equilibrio\/#website","url":"https:\/\/marigeuer.com\/equilibrio\/","name":"Equil\u00edbrio Interior e Bem-Estar","description":"Pr\u00e1ticas de Transforma\u00e7\u00f5es para voc\u00ea | Mari Geuer","potentialAction":[{"@type":"SearchAction","target":{"@type":"EntryPoint","urlTemplate":"https:\/\/marigeuer.com\/equilibrio\/?s={search_term_string}"},"query-input":{"@type":"PropertyValueSpecification","valueRequired":true,"valueName":"search_term_string"}}],"inLanguage":"pt-PT"}]}},"_links":{"self":[{"href":"https:\/\/marigeuer.com\/equilibrio\/wp-json\/wp\/v2\/pages\/30","targetHints":{"allow":["GET"]}}],"collection":[{"href":"https:\/\/marigeuer.com\/equilibrio\/wp-json\/wp\/v2\/pages"}],"about":[{"href":"https:\/\/marigeuer.com\/equilibrio\/wp-json\/wp\/v2\/types\/page"}],"author":[{"embeddable":true,"href":"https:\/\/marigeuer.com\/equilibrio\/wp-json\/wp\/v2\/users\/2"}],"replies":[{"embeddable":true,"href":"https:\/\/marigeuer.com\/equilibrio\/wp-json\/wp\/v2\/comments?post=30"}],"version-history":[{"count":5,"href":"https:\/\/marigeuer.com\/equilibrio\/wp-json\/wp\/v2\/pages\/30\/revisions"}],"predecessor-version":[{"id":7140,"href":"https:\/\/marigeuer.com\/equilibrio\/wp-json\/wp\/v2\/pages\/30\/revisions\/7140"}],"up":[{"embeddable":true,"href":"https:\/\/marigeuer.com\/equilibrio\/wp-json\/wp\/v2\/pages\/20"}],"wp:attachment":[{"href":"https:\/\/marigeuer.com\/equilibrio\/wp-json\/wp\/v2\/media?parent=30"}],"curies":[{"name":"wp","href":"https:\/\/api.w.org\/{rel}","templated":true}]}}