{"id":32,"date":"2013-12-17T14:51:28","date_gmt":"2013-12-17T16:51:28","guid":{"rendered":"http:\/\/marigeuer.com\/coach\/?page_id=32"},"modified":"2023-01-22T10:43:24","modified_gmt":"2023-01-22T13:43:24","slug":"agende-uma-sessao","status":"publish","type":"page","link":"https:\/\/marigeuer.com\/equilibrio\/agende-uma-sessao\/","title":{"rendered":"Coaching Atendimento"},"content":{"rendered":"<h2 style=\"color: #000000;\"><span style=\"color: #ff6600;\">Atendimento de <span style=\"text-decoration: underline;\">Coaching<\/span> Online<\/span><\/h2>\n<p style=\"text-align: justify;\">O atendimento ser\u00e1 feito por skype\u00a0e tem dura\u00e7\u00e3o de aproximadamente 50 minutos.<\/p>\n<p>Mais informa\u00e7\u00e3o? \u00a0Adicione \u00a0meu skype: <strong>marigeuer<\/strong><\/p>\n<p style=\"text-align: justify;\">Veja os hor\u00e1rios dispon\u00edveis e j\u00e1 agende a sua sess\u00e3o : <a title=\"Agendamento\" href=\"https:\/\/api.whatsapp.com\/send?phone=31624150147\" target=\"_blank\" rel=\"noopener\">AGENDAMENTO<\/a><\/p>\n<figure id=\"attachment_180\" aria-describedby=\"caption-attachment-180\" style=\"width: 286px\" class=\"wp-caption aligncenter\"><a title=\"Agendamento\" href=\"https:\/\/api.whatsapp.com\/send?phone=31624150147\" target=\"_blank\" rel=\"noopener\"><img loading=\"lazy\" decoding=\"async\" class=\"wp-image-180\" src=\"http:\/\/marigeuer.com\/equilibrio\/wp-content\/uploads\/2013\/12\/coaching_mulher.jpg\" alt=\"coaching\" width=\"286\" height=\"120\" \/><\/a><figcaption id=\"caption-attachment-180\" class=\"wp-caption-text\">Atendimento de <a title=\"O que \u00e9 Coaching\" href=\"http:\/\/marigeuer.com\/equilibrio\/o-que-e-coaching\/\">Coaching<\/a> Presencial\u00a0<\/figcaption><\/figure>\n<p style=\"text-align: justify;\"><strong>Bar\u00e3o Geraldo \u00a0&#8211; Campinas \/ SP &#8211; f. 19 3324.6904<\/strong><\/p>\n<p style=\"text-align: justify;\">ou\u00a0Envie um email\u00a0para que eu possa entrar em contato com voc\u00ea e agendarmos uma sess\u00e3o de avalia\u00e7\u00e3o: \u00a0<strong>contato@marigeuer.com<\/strong><\/p>\n<h3><span style=\"color: #ff6600;\">Area de Atua\u00e7\u00e3o<\/span><\/h3>\n<ul>\n<li>Instrutora de Autoconhecimento &#8211; Desenvolvimento Pessoal<\/li>\n<li>Auto Prosperar &#8211; Educa\u00e7\u00e3o Financeira<\/li>\n<\/ul>\n<h3><span style=\"color: #ff6600;\">Quantidade de Sess\u00f5es de \u00a0Coaching<\/span><\/h3>\n<p style=\"text-align: justify;\">A quantidade de sess\u00f5es necess\u00e1rias depende de seu objetivo com este trabalho. Normalmente o processo de <em>coaching<\/em> dura, em m\u00e9dia, de 10 a 15 sess\u00f5es.<\/p>\n<h3 style=\"text-align: justify;\"><span style=\"color: #ff6600;\">Primeira sess\u00e3o de Coaching\u00a0Gratuito<\/span><\/h3>\n<p style=\"text-align: justify;\">O processo de <a title=\"o que \u00e9 coaching\" href=\"http:\/\/marigeuer.com\/equilibrio\/o-que-e-coaching\/\">coaching<\/a> consiste numa abordagem onde voc\u00ea \u00e9 levado \u00e0 descoberta, desenvolvimento e realiza\u00e7\u00e3o do seu potencial.<\/p>\n<p style=\"text-align: justify;\">Nesta primeira sess\u00e3o voc\u00ea ter\u00e1 a oportunidade de fazer um balan\u00e7o de todos os aspectos da sua vida para que possa descobrir em qual deles focar mais e com quais ferramentas vamos trabalhar para obter resultados surpreendentes.<\/p>\n<h4 style=\"text-align: justify;\"><strong><span style=\"color: #000080;\">Agende agora mesmo: contato@marigeuer.com<\/span><\/strong><\/h4>\n<h3><span style=\"color: #ff6600;\">Voc\u00ea quer ter o comando de sua vida?<\/span><\/h3>\n<p>\u00bb Voc\u00ea decidiu mudar sua vida, mas n\u00e3o tem id\u00e9ia do que quer ou precisa para dar o pr\u00f3ximo passo;<\/p>\n<p style=\"color: #000000;\">\u00bb Ou j\u00e1 est\u00e1 no processo de mudan\u00e7a mas precisa de id\u00e9ias para acelerar este processo&#8230;<\/p>\n<p style=\"color: #000000;\">As sess\u00f5es de <strong>coaching<\/strong> podem ajud\u00e1-lo a procurar estas respostas e ideias em lugares onde voc\u00ea n\u00e3o pensou\u00a0encontrar.<\/p>\n<h4 style=\"text-align: center;\"><span style=\"color: #ff6600;\">Saiba como posso te auxiliar a planejar sua vida para que voc\u00ea alcance o equilibrio e a prosperidade.<\/span><\/h4>\n<h4 style=\"text-align: justify;\"><a title=\"Mari Geuer\" href=\"http:\/\/marigeuer.com\/equilibrio\/mari-geuer\/\"><span style=\"color: #ff6600;\">Entre em contato comigo!<\/span><\/a><\/h4>\n<p>Mude sua Vida para Melhor!<\/p>\n<p>Mari Geuer<\/p>\n<p>&nbsp;<\/p>\n<p>&nbsp;<\/p>\n","protected":false},"excerpt":{"rendered":"<p>Atendimento de Coaching Online O atendimento ser\u00e1 feito por skype\u00a0e tem dura\u00e7\u00e3o de aproximadamente 50 minutos. Mais informa\u00e7\u00e3o? &#8230; <a class=\"more-link\" href=\"https:\/\/marigeuer.com\/equilibrio\/agende-uma-sessao\/\">Read More &raquo;<\/a><\/p>\n","protected":false},"author":7,"featured_media":0,"parent":0,"menu_order":0,"comment_status":"open","ping_status":"open","template":"","meta":{"sfsi_plus_gutenberg_text_before_share":"","sfsi_plus_gutenberg_show_text_before_share":"","sfsi_plus_gutenberg_icon_type":"","sfsi_plus_gutenberg_icon_alignemt":"","sfsi_plus_gutenburg_max_per_row":"","footnotes":""},"class_list":["post-32","page","type-page","status-publish","hentry"],"yoast_head":"<!-- This site is optimized with the Yoast SEO plugin v27.2 - https:\/\/yoast.com\/product\/yoast-seo-wordpress\/ -->\n<title>Coaching Atendimento - Equil\u00edbrio Interior e Bem-Estar<\/title>\n<meta name=\"robots\" content=\"index, follow, max-snippet:-1, max-image-preview:large, max-video-preview:-1\" \/>\n<link rel=\"canonical\" href=\"https:\/\/marigeuer.com\/equilibrio\/agende-uma-sessao\/\" \/>\n<meta property=\"og:locale\" content=\"pt_PT\" \/>\n<meta property=\"og:type\" content=\"article\" \/>\n<meta property=\"og:title\" content=\"Coaching Atendimento - Equil\u00edbrio Interior e Bem-Estar\" \/>\n<meta property=\"og:description\" content=\"Atendimento de Coaching Online O atendimento ser\u00e1 feito por skype\u00a0e tem dura\u00e7\u00e3o de aproximadamente 50 minutos. Mais informa\u00e7\u00e3o? ... Read More &raquo;\" \/>\n<meta property=\"og:url\" content=\"https:\/\/marigeuer.com\/equilibrio\/agende-uma-sessao\/\" \/>\n<meta property=\"og:site_name\" content=\"Equil\u00edbrio Interior e Bem-Estar\" \/>\n<meta property=\"article:modified_time\" content=\"2023-01-22T13:43:24+00:00\" \/>\n<meta property=\"og:image\" content=\"http:\/\/marigeuer.com\/equilibrio\/wp-content\/uploads\/2013\/12\/coaching_mulher.jpg\" \/>\n<meta name=\"twitter:card\" content=\"summary_large_image\" \/>\n<meta name=\"twitter:label1\" content=\"Tempo estimado de leitura\" \/>\n\t<meta name=\"twitter:data1\" content=\"1 minuto\" \/>\n<script type=\"application\/ld+json\" class=\"yoast-schema-graph\">{\"@context\":\"https:\/\/schema.org\",\"@graph\":[{\"@type\":\"WebPage\",\"@id\":\"https:\/\/marigeuer.com\/equilibrio\/agende-uma-sessao\/\",\"url\":\"https:\/\/marigeuer.com\/equilibrio\/agende-uma-sessao\/\",\"name\":\"Coaching Atendimento - Equil\u00edbrio Interior e Bem-Estar\",\"isPartOf\":{\"@id\":\"https:\/\/marigeuer.com\/equilibrio\/#website\"},\"primaryImageOfPage\":{\"@id\":\"https:\/\/marigeuer.com\/equilibrio\/agende-uma-sessao\/#primaryimage\"},\"image\":{\"@id\":\"https:\/\/marigeuer.com\/equilibrio\/agende-uma-sessao\/#primaryimage\"},\"thumbnailUrl\":\"http:\/\/marigeuer.com\/equilibrio\/wp-content\/uploads\/2013\/12\/coaching_mulher.jpg\",\"datePublished\":\"2013-12-17T16:51:28+00:00\",\"dateModified\":\"2023-01-22T13:43:24+00:00\",\"breadcrumb\":{\"@id\":\"https:\/\/marigeuer.com\/equilibrio\/agende-uma-sessao\/#breadcrumb\"},\"inLanguage\":\"pt-PT\",\"potentialAction\":[{\"@type\":\"ReadAction\",\"target\":[\"https:\/\/marigeuer.com\/equilibrio\/agende-uma-sessao\/\"]}]},{\"@type\":\"ImageObject\",\"inLanguage\":\"pt-PT\",\"@id\":\"https:\/\/marigeuer.com\/equilibrio\/agende-uma-sessao\/#primaryimage\",\"url\":\"http:\/\/marigeuer.com\/equilibrio\/wp-content\/uploads\/2013\/12\/coaching_mulher.jpg\",\"contentUrl\":\"http:\/\/marigeuer.com\/equilibrio\/wp-content\/uploads\/2013\/12\/coaching_mulher.jpg\"},{\"@type\":\"BreadcrumbList\",\"@id\":\"https:\/\/marigeuer.com\/equilibrio\/agende-uma-sessao\/#breadcrumb\",\"itemListElement\":[{\"@type\":\"ListItem\",\"position\":1,\"name\":\"In\u00edcio\",\"item\":\"https:\/\/marigeuer.com\/equilibrio\/\"},{\"@type\":\"ListItem\",\"position\":2,\"name\":\"Coaching Atendimento\"}]},{\"@type\":\"WebSite\",\"@id\":\"https:\/\/marigeuer.com\/equilibrio\/#website\",\"url\":\"https:\/\/marigeuer.com\/equilibrio\/\",\"name\":\"Equil\u00edbrio Interior e Bem-Estar\",\"description\":\"Pr\u00e1ticas de Transforma\u00e7\u00f5es para voc\u00ea | Mari Geuer\",\"potentialAction\":[{\"@type\":\"SearchAction\",\"target\":{\"@type\":\"EntryPoint\",\"urlTemplate\":\"https:\/\/marigeuer.com\/equilibrio\/?s={search_term_string}\"},\"query-input\":{\"@type\":\"PropertyValueSpecification\",\"valueRequired\":true,\"valueName\":\"search_term_string\"}}],\"inLanguage\":\"pt-PT\"}]}<\/script>\n<!-- \/ Yoast SEO plugin. -->","yoast_head_json":{"title":"Coaching Atendimento - Equil\u00edbrio Interior e Bem-Estar","robots":{"index":"index","follow":"follow","max-snippet":"max-snippet:-1","max-image-preview":"max-image-preview:large","max-video-preview":"max-video-preview:-1"},"canonical":"https:\/\/marigeuer.com\/equilibrio\/agende-uma-sessao\/","og_locale":"pt_PT","og_type":"article","og_title":"Coaching Atendimento - Equil\u00edbrio Interior e Bem-Estar","og_description":"Atendimento de Coaching Online O atendimento ser\u00e1 feito por skype\u00a0e tem dura\u00e7\u00e3o de aproximadamente 50 minutos. Mais informa\u00e7\u00e3o? ... Read More &raquo;","og_url":"https:\/\/marigeuer.com\/equilibrio\/agende-uma-sessao\/","og_site_name":"Equil\u00edbrio Interior e Bem-Estar","article_modified_time":"2023-01-22T13:43:24+00:00","og_image":[{"url":"http:\/\/marigeuer.com\/equilibrio\/wp-content\/uploads\/2013\/12\/coaching_mulher.jpg","type":"","width":"","height":""}],"twitter_card":"summary_large_image","twitter_misc":{"Tempo estimado de leitura":"1 minuto"},"schema":{"@context":"https:\/\/schema.org","@graph":[{"@type":"WebPage","@id":"https:\/\/marigeuer.com\/equilibrio\/agende-uma-sessao\/","url":"https:\/\/marigeuer.com\/equilibrio\/agende-uma-sessao\/","name":"Coaching Atendimento - Equil\u00edbrio Interior e Bem-Estar","isPartOf":{"@id":"https:\/\/marigeuer.com\/equilibrio\/#website"},"primaryImageOfPage":{"@id":"https:\/\/marigeuer.com\/equilibrio\/agende-uma-sessao\/#primaryimage"},"image":{"@id":"https:\/\/marigeuer.com\/equilibrio\/agende-uma-sessao\/#primaryimage"},"thumbnailUrl":"http:\/\/marigeuer.com\/equilibrio\/wp-content\/uploads\/2013\/12\/coaching_mulher.jpg","datePublished":"2013-12-17T16:51:28+00:00","dateModified":"2023-01-22T13:43:24+00:00","breadcrumb":{"@id":"https:\/\/marigeuer.com\/equilibrio\/agende-uma-sessao\/#breadcrumb"},"inLanguage":"pt-PT","potentialAction":[{"@type":"ReadAction","target":["https:\/\/marigeuer.com\/equilibrio\/agende-uma-sessao\/"]}]},{"@type":"ImageObject","inLanguage":"pt-PT","@id":"https:\/\/marigeuer.com\/equilibrio\/agende-uma-sessao\/#primaryimage","url":"http:\/\/marigeuer.com\/equilibrio\/wp-content\/uploads\/2013\/12\/coaching_mulher.jpg","contentUrl":"http:\/\/marigeuer.com\/equilibrio\/wp-content\/uploads\/2013\/12\/coaching_mulher.jpg"},{"@type":"BreadcrumbList","@id":"https:\/\/marigeuer.com\/equilibrio\/agende-uma-sessao\/#breadcrumb","itemListElement":[{"@type":"ListItem","position":1,"name":"In\u00edcio","item":"https:\/\/marigeuer.com\/equilibrio\/"},{"@type":"ListItem","position":2,"name":"Coaching Atendimento"}]},{"@type":"WebSite","@id":"https:\/\/marigeuer.com\/equilibrio\/#website","url":"https:\/\/marigeuer.com\/equilibrio\/","name":"Equil\u00edbrio Interior e Bem-Estar","description":"Pr\u00e1ticas de Transforma\u00e7\u00f5es para voc\u00ea | Mari Geuer","potentialAction":[{"@type":"SearchAction","target":{"@type":"EntryPoint","urlTemplate":"https:\/\/marigeuer.com\/equilibrio\/?s={search_term_string}"},"query-input":{"@type":"PropertyValueSpecification","valueRequired":true,"valueName":"search_term_string"}}],"inLanguage":"pt-PT"}]}},"_links":{"self":[{"href":"https:\/\/marigeuer.com\/equilibrio\/wp-json\/wp\/v2\/pages\/32","targetHints":{"allow":["GET"]}}],"collection":[{"href":"https:\/\/marigeuer.com\/equilibrio\/wp-json\/wp\/v2\/pages"}],"about":[{"href":"https:\/\/marigeuer.com\/equilibrio\/wp-json\/wp\/v2\/types\/page"}],"author":[{"embeddable":true,"href":"https:\/\/marigeuer.com\/equilibrio\/wp-json\/wp\/v2\/users\/7"}],"replies":[{"embeddable":true,"href":"https:\/\/marigeuer.com\/equilibrio\/wp-json\/wp\/v2\/comments?post=32"}],"version-history":[{"count":20,"href":"https:\/\/marigeuer.com\/equilibrio\/wp-json\/wp\/v2\/pages\/32\/revisions"}],"predecessor-version":[{"id":8759,"href":"https:\/\/marigeuer.com\/equilibrio\/wp-json\/wp\/v2\/pages\/32\/revisions\/8759"}],"wp:attachment":[{"href":"https:\/\/marigeuer.com\/equilibrio\/wp-json\/wp\/v2\/media?parent=32"}],"curies":[{"name":"wp","href":"https:\/\/api.w.org\/{rel}","templated":true}]}}