{"id":3795,"date":"2013-02-25T22:38:26","date_gmt":"2013-02-26T01:38:26","guid":{"rendered":"http:\/\/marigeuer.com\/equilibrio\/?page_id=3795"},"modified":"2025-12-09T13:28:32","modified_gmt":"2025-12-09T16:28:32","slug":"mari-geuer","status":"publish","type":"page","link":"https:\/\/marigeuer.com\/equilibrio\/mari-geuer\/","title":{"rendered":"Mari Geuer"},"content":{"rendered":"<p style=\"text-align: justify;\"><strong><a href=\"http:\/\/marigeuer.com\/equilibrio\/wp-content\/uploads\/2013\/10\/Snapshot_20130518_39.jpg\"><img loading=\"lazy\" decoding=\"async\" class=\"wp-image-7 alignleft\" title=\"Mari Geuer\" src=\"http:\/\/marigeuer.com\/equilibrio\/wp-content\/uploads\/2013\/10\/Snapshot_20130518_39.jpg\" alt=\"Snapshot_20130518_39\" width=\"146\" height=\"110\" srcset=\"https:\/\/marigeuer.com\/equilibrio\/wp-content\/uploads\/2013\/10\/Snapshot_20130518_39.jpg 640w, https:\/\/marigeuer.com\/equilibrio\/wp-content\/uploads\/2013\/10\/Snapshot_20130518_39-300x225.jpg 300w\" sizes=\"auto, (max-width: 146px) 100vw, 146px\" \/><\/a><\/strong>Eu sou <strong>Mari Geuer<\/strong>, atuo como coach (instrutora) de Autoconhecimento, Desenvolvimento Pessoal e tamb\u00e9m como consultora de Feng Shui e Numerologia desde 2008<\/p>\n<p style=\"text-align: justify;\">Sou formada em Ci\u00eancias Econ\u00f4micas. Durante alguns anos trabalhei como\u00a0administradora financeira, por\u00e9m, na busca do autoconhecimento e de uma melhor\u00a0qualidade de vida, fui levada a outros caminhos.<\/p>\n<p style=\"text-align: justify;\">Foi quando decidi unir minha experi\u00eancia profissional com os conhecimentos energ\u00e9tico-motivacionais que adquiri nas leituras e estudos a que me dedicava, passando a atuar tamb\u00e9m como agente de transforma\u00e7\u00e3o humana. E neste tempo me formei\u00a0como\u00a0<em><strong>Instrutora de Autoconhecimento<\/strong><\/em>\u00a0pela UNIDARMA (2011) e recentemente finalizei a forma\u00e7\u00e3o de\u00a0<strong><em>Coaching Integrativo Sist\u00eamic<\/em><\/strong>o atrav\u00e9s da Sociedade EuroAmericana de Coaching (SEAC) &#8211; (2013).<\/p>\n<p style=\"text-align: justify;\">Al\u00e9m de consultorias individuais, tamb\u00e9m organizo atividades terap\u00eauticas e motivacionais, para grupos e organiza\u00e7\u00f5es, e ofere\u00e7o cursos de autoconhecimento e transforma\u00e7\u00e3o pessoal, mais voltados para a prosperidade e equil\u00edbrio em todas as \u00e1reas da sua vida.<\/p>\n<p style=\"text-align: justify;\">Quero atrav\u00e9s deste canal \u00a0trazer para voc\u00ea \u00a0dicas e ferramentas para que alcance o equil\u00edbrio nos 3 pilares da prosperidade que s\u00e3o: \u00a0a SA\u00daDE, AMOR, RIQUEZA. Como falo em meus cursos n\u00e3o adianta querer ser pr\u00f3spera somente financeiramente, \u00e9 preciso estar em equilibrio com o amor, relacionamentos, fam\u00edlia e claro, com a sua sa\u00fade f\u00edsica.<\/p>\n<h1 style=\"text-align: justify;\"><span style=\"font-size: 0.928571429rem; line-height: 1.846153846; color: #000080;\">Saiba como posso te auxiliar a planejar sua vida para que voc\u00ea alcance o equilibrio e a prosperidade nestes 3 pilares. Entre em contato comigo!<\/span><\/h1>\n<h2>Atendimentos online e presencial<\/h2>\n<p><span style=\"color: #000080;\">mail: mari.geuer@gmail.com<\/span><\/p>\n<p>site: <a title=\"Coaching de Vida\" href=\"http:\/\/marigeuer.com\" target=\"_blank\" rel=\"noopener\">http:\/\/marigeuer.com<\/a><\/p>\n<address>\u00a0<\/address>\n","protected":false},"excerpt":{"rendered":"<p>Eu sou Mari Geuer, atuo como coach (instrutora) de Autoconhecimento, Desenvolvimento Pessoal e tamb\u00e9m como consultora de Feng &#8230; <a class=\"more-link\" href=\"https:\/\/marigeuer.com\/equilibrio\/mari-geuer\/\">Read More &raquo;<\/a><\/p>\n","protected":false},"author":2,"featured_media":0,"parent":0,"menu_order":0,"comment_status":"open","ping_status":"open","template":"","meta":{"sfsi_plus_gutenberg_text_before_share":"","sfsi_plus_gutenberg_show_text_before_share":"","sfsi_plus_gutenberg_icon_type":"","sfsi_plus_gutenberg_icon_alignemt":"","sfsi_plus_gutenburg_max_per_row":"","footnotes":""},"class_list":["post-3795","page","type-page","status-publish","hentry"],"yoast_head":"<!-- This site is optimized with the Yoast SEO plugin v27.2 - https:\/\/yoast.com\/product\/yoast-seo-wordpress\/ -->\n<title>Mari Geuer - Equil\u00edbrio Interior e Bem-Estar<\/title>\n<meta name=\"robots\" content=\"index, follow, max-snippet:-1, max-image-preview:large, max-video-preview:-1\" \/>\n<link rel=\"canonical\" href=\"https:\/\/marigeuer.com\/equilibrio\/mari-geuer\/\" \/>\n<meta property=\"og:locale\" content=\"pt_PT\" \/>\n<meta property=\"og:type\" content=\"article\" \/>\n<meta property=\"og:title\" content=\"Mari Geuer - Equil\u00edbrio Interior e Bem-Estar\" \/>\n<meta property=\"og:description\" content=\"Eu sou Mari Geuer, atuo como coach (instrutora) de Autoconhecimento, Desenvolvimento Pessoal e tamb\u00e9m como consultora de Feng ... Read More &raquo;\" \/>\n<meta property=\"og:url\" content=\"https:\/\/marigeuer.com\/equilibrio\/mari-geuer\/\" \/>\n<meta property=\"og:site_name\" content=\"Equil\u00edbrio Interior e Bem-Estar\" \/>\n<meta property=\"article:modified_time\" content=\"2025-12-09T16:28:32+00:00\" \/>\n<meta property=\"og:image\" content=\"https:\/\/marigeuer.com\/equilibrio\/wp-content\/uploads\/2013\/10\/Snapshot_20130518_39.jpg\" \/>\n\t<meta property=\"og:image:width\" content=\"640\" \/>\n\t<meta property=\"og:image:height\" content=\"480\" \/>\n\t<meta property=\"og:image:type\" content=\"image\/jpeg\" \/>\n<meta name=\"twitter:card\" content=\"summary_large_image\" \/>\n<meta name=\"twitter:label1\" content=\"Tempo estimado de leitura\" \/>\n\t<meta name=\"twitter:data1\" content=\"1 minuto\" \/>\n<script type=\"application\/ld+json\" class=\"yoast-schema-graph\">{\"@context\":\"https:\/\/schema.org\",\"@graph\":[{\"@type\":\"WebPage\",\"@id\":\"https:\/\/marigeuer.com\/equilibrio\/mari-geuer\/\",\"url\":\"https:\/\/marigeuer.com\/equilibrio\/mari-geuer\/\",\"name\":\"Mari Geuer - Equil\u00edbrio Interior e Bem-Estar\",\"isPartOf\":{\"@id\":\"https:\/\/marigeuer.com\/equilibrio\/#website\"},\"primaryImageOfPage\":{\"@id\":\"https:\/\/marigeuer.com\/equilibrio\/mari-geuer\/#primaryimage\"},\"image\":{\"@id\":\"https:\/\/marigeuer.com\/equilibrio\/mari-geuer\/#primaryimage\"},\"thumbnailUrl\":\"http:\/\/marigeuer.com\/equilibrio\/wp-content\/uploads\/2013\/10\/Snapshot_20130518_39.jpg\",\"datePublished\":\"2013-02-26T01:38:26+00:00\",\"dateModified\":\"2025-12-09T16:28:32+00:00\",\"breadcrumb\":{\"@id\":\"https:\/\/marigeuer.com\/equilibrio\/mari-geuer\/#breadcrumb\"},\"inLanguage\":\"pt-PT\",\"potentialAction\":[{\"@type\":\"ReadAction\",\"target\":[\"https:\/\/marigeuer.com\/equilibrio\/mari-geuer\/\"]}]},{\"@type\":\"ImageObject\",\"inLanguage\":\"pt-PT\",\"@id\":\"https:\/\/marigeuer.com\/equilibrio\/mari-geuer\/#primaryimage\",\"url\":\"http:\/\/marigeuer.com\/equilibrio\/wp-content\/uploads\/2013\/10\/Snapshot_20130518_39.jpg\",\"contentUrl\":\"http:\/\/marigeuer.com\/equilibrio\/wp-content\/uploads\/2013\/10\/Snapshot_20130518_39.jpg\"},{\"@type\":\"BreadcrumbList\",\"@id\":\"https:\/\/marigeuer.com\/equilibrio\/mari-geuer\/#breadcrumb\",\"itemListElement\":[{\"@type\":\"ListItem\",\"position\":1,\"name\":\"In\u00edcio\",\"item\":\"https:\/\/marigeuer.com\/equilibrio\/\"},{\"@type\":\"ListItem\",\"position\":2,\"name\":\"Mari Geuer\"}]},{\"@type\":\"WebSite\",\"@id\":\"https:\/\/marigeuer.com\/equilibrio\/#website\",\"url\":\"https:\/\/marigeuer.com\/equilibrio\/\",\"name\":\"Equil\u00edbrio Interior e Bem-Estar\",\"description\":\"Pr\u00e1ticas de Transforma\u00e7\u00f5es para voc\u00ea | Mari Geuer\",\"potentialAction\":[{\"@type\":\"SearchAction\",\"target\":{\"@type\":\"EntryPoint\",\"urlTemplate\":\"https:\/\/marigeuer.com\/equilibrio\/?s={search_term_string}\"},\"query-input\":{\"@type\":\"PropertyValueSpecification\",\"valueRequired\":true,\"valueName\":\"search_term_string\"}}],\"inLanguage\":\"pt-PT\"}]}<\/script>\n<!-- \/ Yoast SEO plugin. -->","yoast_head_json":{"title":"Mari Geuer - Equil\u00edbrio Interior e Bem-Estar","robots":{"index":"index","follow":"follow","max-snippet":"max-snippet:-1","max-image-preview":"max-image-preview:large","max-video-preview":"max-video-preview:-1"},"canonical":"https:\/\/marigeuer.com\/equilibrio\/mari-geuer\/","og_locale":"pt_PT","og_type":"article","og_title":"Mari Geuer - Equil\u00edbrio Interior e Bem-Estar","og_description":"Eu sou Mari Geuer, atuo como coach (instrutora) de Autoconhecimento, Desenvolvimento Pessoal e tamb\u00e9m como consultora de Feng ... Read More &raquo;","og_url":"https:\/\/marigeuer.com\/equilibrio\/mari-geuer\/","og_site_name":"Equil\u00edbrio Interior e Bem-Estar","article_modified_time":"2025-12-09T16:28:32+00:00","og_image":[{"width":640,"height":480,"url":"https:\/\/marigeuer.com\/equilibrio\/wp-content\/uploads\/2013\/10\/Snapshot_20130518_39.jpg","type":"image\/jpeg"}],"twitter_card":"summary_large_image","twitter_misc":{"Tempo estimado de leitura":"1 minuto"},"schema":{"@context":"https:\/\/schema.org","@graph":[{"@type":"WebPage","@id":"https:\/\/marigeuer.com\/equilibrio\/mari-geuer\/","url":"https:\/\/marigeuer.com\/equilibrio\/mari-geuer\/","name":"Mari Geuer - Equil\u00edbrio Interior e Bem-Estar","isPartOf":{"@id":"https:\/\/marigeuer.com\/equilibrio\/#website"},"primaryImageOfPage":{"@id":"https:\/\/marigeuer.com\/equilibrio\/mari-geuer\/#primaryimage"},"image":{"@id":"https:\/\/marigeuer.com\/equilibrio\/mari-geuer\/#primaryimage"},"thumbnailUrl":"http:\/\/marigeuer.com\/equilibrio\/wp-content\/uploads\/2013\/10\/Snapshot_20130518_39.jpg","datePublished":"2013-02-26T01:38:26+00:00","dateModified":"2025-12-09T16:28:32+00:00","breadcrumb":{"@id":"https:\/\/marigeuer.com\/equilibrio\/mari-geuer\/#breadcrumb"},"inLanguage":"pt-PT","potentialAction":[{"@type":"ReadAction","target":["https:\/\/marigeuer.com\/equilibrio\/mari-geuer\/"]}]},{"@type":"ImageObject","inLanguage":"pt-PT","@id":"https:\/\/marigeuer.com\/equilibrio\/mari-geuer\/#primaryimage","url":"http:\/\/marigeuer.com\/equilibrio\/wp-content\/uploads\/2013\/10\/Snapshot_20130518_39.jpg","contentUrl":"http:\/\/marigeuer.com\/equilibrio\/wp-content\/uploads\/2013\/10\/Snapshot_20130518_39.jpg"},{"@type":"BreadcrumbList","@id":"https:\/\/marigeuer.com\/equilibrio\/mari-geuer\/#breadcrumb","itemListElement":[{"@type":"ListItem","position":1,"name":"In\u00edcio","item":"https:\/\/marigeuer.com\/equilibrio\/"},{"@type":"ListItem","position":2,"name":"Mari Geuer"}]},{"@type":"WebSite","@id":"https:\/\/marigeuer.com\/equilibrio\/#website","url":"https:\/\/marigeuer.com\/equilibrio\/","name":"Equil\u00edbrio Interior e Bem-Estar","description":"Pr\u00e1ticas de Transforma\u00e7\u00f5es para voc\u00ea | Mari Geuer","potentialAction":[{"@type":"SearchAction","target":{"@type":"EntryPoint","urlTemplate":"https:\/\/marigeuer.com\/equilibrio\/?s={search_term_string}"},"query-input":{"@type":"PropertyValueSpecification","valueRequired":true,"valueName":"search_term_string"}}],"inLanguage":"pt-PT"}]}},"_links":{"self":[{"href":"https:\/\/marigeuer.com\/equilibrio\/wp-json\/wp\/v2\/pages\/3795","targetHints":{"allow":["GET"]}}],"collection":[{"href":"https:\/\/marigeuer.com\/equilibrio\/wp-json\/wp\/v2\/pages"}],"about":[{"href":"https:\/\/marigeuer.com\/equilibrio\/wp-json\/wp\/v2\/types\/page"}],"author":[{"embeddable":true,"href":"https:\/\/marigeuer.com\/equilibrio\/wp-json\/wp\/v2\/users\/2"}],"replies":[{"embeddable":true,"href":"https:\/\/marigeuer.com\/equilibrio\/wp-json\/wp\/v2\/comments?post=3795"}],"version-history":[{"count":16,"href":"https:\/\/marigeuer.com\/equilibrio\/wp-json\/wp\/v2\/pages\/3795\/revisions"}],"predecessor-version":[{"id":9014,"href":"https:\/\/marigeuer.com\/equilibrio\/wp-json\/wp\/v2\/pages\/3795\/revisions\/9014"}],"wp:attachment":[{"href":"https:\/\/marigeuer.com\/equilibrio\/wp-json\/wp\/v2\/media?parent=3795"}],"curies":[{"name":"wp","href":"https:\/\/api.w.org\/{rel}","templated":true}]}}