{"id":40,"date":"2012-07-13T08:59:44","date_gmt":"2012-07-13T05:59:44","guid":{"rendered":"http:\/\/marigeuer.com\/blog\/?page_id=40"},"modified":"2023-01-22T10:44:48","modified_gmt":"2023-01-22T13:44:48","slug":"unidarma-escola-online","status":"publish","type":"page","link":"https:\/\/marigeuer.com\/equilibrio\/recursos\/unidarma-escola-online\/","title":{"rendered":"Unidarma &#8211; Desenvolvimento Pessoal e Autoconhecimento"},"content":{"rendered":"<h1 style=\"text-align: justify;\"><strong><br \/>\n<em>A UNIDARMA &#8211; uma Escola Oline de\u00a0<\/em><\/strong><em><strong>Desenvolvimento Pessoal e Autoconhecimento.<\/strong><\/em><\/h1>\n<p style=\"text-align: justify;\">Os\u00a0<a title=\"Cursos Online Desenvolvimento Pessoal\" href=\"https:\/\/api.whatsapp.com\/send?phone=31624150147\" target=\"_blank\" rel=\"noopener noreferrer\">unidarma<\/a>\u00a0dispon\u00edveis na\u00a0Unidarma \u2013 Escola Online de Desenvolvimento Pessoal\u00a0ir\u00e3o te auxiliar muito no resgate de sua autoestima e no aprimoramento de\u00a0seu poder pessoal.<\/p>\n<p style=\"text-align: justify;\"><img loading=\"lazy\" decoding=\"async\" class=\"wp-image-112 alignright\" style=\"line-height: 18px;\" title=\"Voc\u00ea melhor do que nunca\" src=\"http:\/\/marigeuer.com\/equilibrio\/wp-content\/uploads\/2012\/07\/vcmelhordoquenunca-500-300x223.jpg\" alt=\"autoconhecimento\" width=\"180\" height=\"134\" srcset=\"https:\/\/marigeuer.com\/equilibrio\/wp-content\/uploads\/2012\/07\/vcmelhordoquenunca-500-300x223.jpg 300w, https:\/\/marigeuer.com\/equilibrio\/wp-content\/uploads\/2012\/07\/vcmelhordoquenunca-500-402x300.jpg 402w, https:\/\/marigeuer.com\/equilibrio\/wp-content\/uploads\/2012\/07\/vcmelhordoquenunca-500.jpg 500w\" sizes=\"auto, (max-width: 180px) 100vw, 180px\" \/><\/p>\n<p style=\"text-align: justify;\">O objetivo da Unidarma \u00e9 oferecer conhecimento e conte\u00fado de qualidade para um maior n\u00famero de pessoas.<br \/>\nTemos dos mais variados segmentos:<strong>\u00a0<\/strong><\/p>\n<ul style=\"text-align: justify;\">\n<li><strong>Administra\u00e7\u00e3o &amp; Neg\u00f3cios<\/strong>,<\/li>\n<li><strong>Comunica\u00e7\u00e3o &amp; Orat\u00f3ria,<\/strong><\/li>\n<li><strong><span style=\"text-decoration: underline;\">autoconhecimento<\/span> &amp; Psicologia, (<a title=\"Coaching\" href=\"https:\/\/forms.gle\/m3adDSPFeM6roCSM6\" target=\"_blank\" rel=\"noopener noreferrer\">Curso de Forma\u00e7\u00e3o Instrutores de Autoconhecimento<\/a>)<\/strong><\/li>\n<li><strong>Document\u00e1rios,<\/strong><\/li>\n<li><strong>Relacionamentos e Amor,<\/strong><\/li>\n<li><strong>Corpo &amp; Sa\u00fade e muito mais.<\/strong><\/li>\n<\/ul>\n<p style=\"text-align: justify;\">\u00a0Dessa forma, dependendo de cada caso, alguns assuntos ser\u00e3o de maior interesse do que outros.<\/p>\n<p style=\"text-align: justify;\">O <strong>autoconhecimento<\/strong> faz com que voc\u00ea,\u00a0 tenha mais autoconfian\u00e7a e com isso a Unidarma far\u00e1 toda a\u00a0diferen\u00e7a\u00a0na sua vida, \u00a0alcan\u00e7ando assim os seus objetivos.<\/p>\n<h2 style=\"text-align: justify;\">Seja voc\u00ea tamb\u00e9m um aluno\u00a0Unidarma! Venha fazer parte de nossa escola online!<\/h2>\n<p style=\"text-align: justify;\">Sendo um aluno<a title=\"Unidarma\" href=\"https:\/\/forms.gle\/m3adDSPFeM6roCSM6\" target=\"_blank\" rel=\"noopener noreferrer\">\u00a0<\/a>UNIDARMA\u00a0voc\u00ea ter\u00e1 acesso a todas as\u00a0aulas\u00a0semanais ao vivo,\u00a0a distancia, e ainda ter\u00e1 acesso a todo o conte\u00fado dos<a href=\"https:\/\/api.whatsapp.com\/send?phone=31624150147\" target=\"_blank\" rel=\"noopener noreferrer\">unidarma<\/a>\u00a0dispon\u00edveis em sua \u00e1rea do assinante. S\u00e3o centenas e centenas de horas de conte\u00fados gravados dispon\u00edvel a qualquer momento.<\/p>\n<h3 style=\"text-align: justify;\">Seja comunicado das pr\u00f3ximas palestras sobre <em>autoconhecimento<\/em> e poder pessoal, cadastrando aqui\u00a0<\/h3>\n<p><img loading=\"lazy\" decoding=\"async\" class=\"alignleft wp-image-4844 size-full\" src=\"http:\/\/marigeuer.com\/equilibrio\/wp-content\/uploads\/2012\/07\/unidarma-logo-200.png\" alt=\"Unidarma Poder Pessoal\" width=\"199\" height=\"98\" \/><\/p>\n","protected":false},"excerpt":{"rendered":"<p>A UNIDARMA &#8211; uma Escola Oline de\u00a0Desenvolvimento Pessoal e Autoconhecimento. Os\u00a0unidarma\u00a0dispon\u00edveis na\u00a0Unidarma \u2013 Escola Online de Desenvolvimento Pessoal\u00a0ir\u00e3o &#8230; <a class=\"more-link\" href=\"https:\/\/marigeuer.com\/equilibrio\/recursos\/unidarma-escola-online\/\">Read More &raquo;<\/a><\/p>\n","protected":false},"author":2,"featured_media":0,"parent":44,"menu_order":2,"comment_status":"open","ping_status":"open","template":"","meta":{"sfsi_plus_gutenberg_text_before_share":"","sfsi_plus_gutenberg_show_text_before_share":"","sfsi_plus_gutenberg_icon_type":"","sfsi_plus_gutenberg_icon_alignemt":"","sfsi_plus_gutenburg_max_per_row":"","footnotes":""},"class_list":["post-40","page","type-page","status-publish","hentry"],"yoast_head":"<!-- This site is optimized with the Yoast SEO plugin v27.2 - https:\/\/yoast.com\/product\/yoast-seo-wordpress\/ -->\n<title>Unidarma - Desenvolvimento Pessoal e Autoconhecimento - Equil\u00edbrio Interior e Bem-Estar<\/title>\n<meta name=\"robots\" content=\"index, follow, max-snippet:-1, max-image-preview:large, max-video-preview:-1\" \/>\n<link rel=\"canonical\" href=\"https:\/\/marigeuer.com\/equilibrio\/recursos\/unidarma-escola-online\/\" \/>\n<meta property=\"og:locale\" content=\"pt_PT\" \/>\n<meta property=\"og:type\" content=\"article\" \/>\n<meta property=\"og:title\" content=\"Unidarma - Desenvolvimento Pessoal e Autoconhecimento - Equil\u00edbrio Interior e Bem-Estar\" \/>\n<meta property=\"og:description\" content=\"A UNIDARMA &#8211; uma Escola Oline de\u00a0Desenvolvimento Pessoal e Autoconhecimento. Os\u00a0unidarma\u00a0dispon\u00edveis na\u00a0Unidarma \u2013 Escola Online de Desenvolvimento Pessoal\u00a0ir\u00e3o ... Read More &raquo;\" \/>\n<meta property=\"og:url\" content=\"https:\/\/marigeuer.com\/equilibrio\/recursos\/unidarma-escola-online\/\" \/>\n<meta property=\"og:site_name\" content=\"Equil\u00edbrio Interior e Bem-Estar\" \/>\n<meta property=\"article:modified_time\" content=\"2023-01-22T13:44:48+00:00\" \/>\n<meta property=\"og:image\" content=\"http:\/\/marigeuer.com\/equilibrio\/wp-content\/uploads\/2012\/07\/vcmelhordoquenunca-500-300x223.jpg\" \/>\n<meta name=\"twitter:card\" content=\"summary_large_image\" \/>\n<meta name=\"twitter:label1\" content=\"Tempo estimado de leitura\" \/>\n\t<meta name=\"twitter:data1\" content=\"1 minuto\" \/>\n<script type=\"application\/ld+json\" class=\"yoast-schema-graph\">{\"@context\":\"https:\/\/schema.org\",\"@graph\":[{\"@type\":\"WebPage\",\"@id\":\"https:\/\/marigeuer.com\/equilibrio\/recursos\/unidarma-escola-online\/\",\"url\":\"https:\/\/marigeuer.com\/equilibrio\/recursos\/unidarma-escola-online\/\",\"name\":\"Unidarma - Desenvolvimento Pessoal e Autoconhecimento - Equil\u00edbrio Interior e Bem-Estar\",\"isPartOf\":{\"@id\":\"https:\/\/marigeuer.com\/equilibrio\/#website\"},\"primaryImageOfPage\":{\"@id\":\"https:\/\/marigeuer.com\/equilibrio\/recursos\/unidarma-escola-online\/#primaryimage\"},\"image\":{\"@id\":\"https:\/\/marigeuer.com\/equilibrio\/recursos\/unidarma-escola-online\/#primaryimage\"},\"thumbnailUrl\":\"http:\/\/marigeuer.com\/equilibrio\/wp-content\/uploads\/2012\/07\/vcmelhordoquenunca-500-300x223.jpg\",\"datePublished\":\"2012-07-13T05:59:44+00:00\",\"dateModified\":\"2023-01-22T13:44:48+00:00\",\"breadcrumb\":{\"@id\":\"https:\/\/marigeuer.com\/equilibrio\/recursos\/unidarma-escola-online\/#breadcrumb\"},\"inLanguage\":\"pt-PT\",\"potentialAction\":[{\"@type\":\"ReadAction\",\"target\":[\"https:\/\/marigeuer.com\/equilibrio\/recursos\/unidarma-escola-online\/\"]}]},{\"@type\":\"ImageObject\",\"inLanguage\":\"pt-PT\",\"@id\":\"https:\/\/marigeuer.com\/equilibrio\/recursos\/unidarma-escola-online\/#primaryimage\",\"url\":\"http:\/\/marigeuer.com\/equilibrio\/wp-content\/uploads\/2012\/07\/vcmelhordoquenunca-500-300x223.jpg\",\"contentUrl\":\"http:\/\/marigeuer.com\/equilibrio\/wp-content\/uploads\/2012\/07\/vcmelhordoquenunca-500-300x223.jpg\"},{\"@type\":\"BreadcrumbList\",\"@id\":\"https:\/\/marigeuer.com\/equilibrio\/recursos\/unidarma-escola-online\/#breadcrumb\",\"itemListElement\":[{\"@type\":\"ListItem\",\"position\":1,\"name\":\"In\u00edcio\",\"item\":\"https:\/\/marigeuer.com\/equilibrio\/\"},{\"@type\":\"ListItem\",\"position\":2,\"name\":\"Recursos\",\"item\":\"https:\/\/marigeuer.com\/equilibrio\/recursos\/\"},{\"@type\":\"ListItem\",\"position\":3,\"name\":\"Unidarma &#8211; Desenvolvimento Pessoal e Autoconhecimento\"}]},{\"@type\":\"WebSite\",\"@id\":\"https:\/\/marigeuer.com\/equilibrio\/#website\",\"url\":\"https:\/\/marigeuer.com\/equilibrio\/\",\"name\":\"Equil\u00edbrio Interior e Bem-Estar\",\"description\":\"Pr\u00e1ticas de Transforma\u00e7\u00f5es para voc\u00ea | Mari Geuer\",\"potentialAction\":[{\"@type\":\"SearchAction\",\"target\":{\"@type\":\"EntryPoint\",\"urlTemplate\":\"https:\/\/marigeuer.com\/equilibrio\/?s={search_term_string}\"},\"query-input\":{\"@type\":\"PropertyValueSpecification\",\"valueRequired\":true,\"valueName\":\"search_term_string\"}}],\"inLanguage\":\"pt-PT\"}]}<\/script>\n<!-- \/ Yoast SEO plugin. -->","yoast_head_json":{"title":"Unidarma - Desenvolvimento Pessoal e Autoconhecimento - Equil\u00edbrio Interior e Bem-Estar","robots":{"index":"index","follow":"follow","max-snippet":"max-snippet:-1","max-image-preview":"max-image-preview:large","max-video-preview":"max-video-preview:-1"},"canonical":"https:\/\/marigeuer.com\/equilibrio\/recursos\/unidarma-escola-online\/","og_locale":"pt_PT","og_type":"article","og_title":"Unidarma - Desenvolvimento Pessoal e Autoconhecimento - Equil\u00edbrio Interior e Bem-Estar","og_description":"A UNIDARMA &#8211; uma Escola Oline de\u00a0Desenvolvimento Pessoal e Autoconhecimento. Os\u00a0unidarma\u00a0dispon\u00edveis na\u00a0Unidarma \u2013 Escola Online de Desenvolvimento Pessoal\u00a0ir\u00e3o ... Read More &raquo;","og_url":"https:\/\/marigeuer.com\/equilibrio\/recursos\/unidarma-escola-online\/","og_site_name":"Equil\u00edbrio Interior e Bem-Estar","article_modified_time":"2023-01-22T13:44:48+00:00","og_image":[{"url":"http:\/\/marigeuer.com\/equilibrio\/wp-content\/uploads\/2012\/07\/vcmelhordoquenunca-500-300x223.jpg","type":"","width":"","height":""}],"twitter_card":"summary_large_image","twitter_misc":{"Tempo estimado de leitura":"1 minuto"},"schema":{"@context":"https:\/\/schema.org","@graph":[{"@type":"WebPage","@id":"https:\/\/marigeuer.com\/equilibrio\/recursos\/unidarma-escola-online\/","url":"https:\/\/marigeuer.com\/equilibrio\/recursos\/unidarma-escola-online\/","name":"Unidarma - Desenvolvimento Pessoal e Autoconhecimento - Equil\u00edbrio Interior e Bem-Estar","isPartOf":{"@id":"https:\/\/marigeuer.com\/equilibrio\/#website"},"primaryImageOfPage":{"@id":"https:\/\/marigeuer.com\/equilibrio\/recursos\/unidarma-escola-online\/#primaryimage"},"image":{"@id":"https:\/\/marigeuer.com\/equilibrio\/recursos\/unidarma-escola-online\/#primaryimage"},"thumbnailUrl":"http:\/\/marigeuer.com\/equilibrio\/wp-content\/uploads\/2012\/07\/vcmelhordoquenunca-500-300x223.jpg","datePublished":"2012-07-13T05:59:44+00:00","dateModified":"2023-01-22T13:44:48+00:00","breadcrumb":{"@id":"https:\/\/marigeuer.com\/equilibrio\/recursos\/unidarma-escola-online\/#breadcrumb"},"inLanguage":"pt-PT","potentialAction":[{"@type":"ReadAction","target":["https:\/\/marigeuer.com\/equilibrio\/recursos\/unidarma-escola-online\/"]}]},{"@type":"ImageObject","inLanguage":"pt-PT","@id":"https:\/\/marigeuer.com\/equilibrio\/recursos\/unidarma-escola-online\/#primaryimage","url":"http:\/\/marigeuer.com\/equilibrio\/wp-content\/uploads\/2012\/07\/vcmelhordoquenunca-500-300x223.jpg","contentUrl":"http:\/\/marigeuer.com\/equilibrio\/wp-content\/uploads\/2012\/07\/vcmelhordoquenunca-500-300x223.jpg"},{"@type":"BreadcrumbList","@id":"https:\/\/marigeuer.com\/equilibrio\/recursos\/unidarma-escola-online\/#breadcrumb","itemListElement":[{"@type":"ListItem","position":1,"name":"In\u00edcio","item":"https:\/\/marigeuer.com\/equilibrio\/"},{"@type":"ListItem","position":2,"name":"Recursos","item":"https:\/\/marigeuer.com\/equilibrio\/recursos\/"},{"@type":"ListItem","position":3,"name":"Unidarma &#8211; Desenvolvimento Pessoal e Autoconhecimento"}]},{"@type":"WebSite","@id":"https:\/\/marigeuer.com\/equilibrio\/#website","url":"https:\/\/marigeuer.com\/equilibrio\/","name":"Equil\u00edbrio Interior e Bem-Estar","description":"Pr\u00e1ticas de Transforma\u00e7\u00f5es para voc\u00ea | Mari Geuer","potentialAction":[{"@type":"SearchAction","target":{"@type":"EntryPoint","urlTemplate":"https:\/\/marigeuer.com\/equilibrio\/?s={search_term_string}"},"query-input":{"@type":"PropertyValueSpecification","valueRequired":true,"valueName":"search_term_string"}}],"inLanguage":"pt-PT"}]}},"_links":{"self":[{"href":"https:\/\/marigeuer.com\/equilibrio\/wp-json\/wp\/v2\/pages\/40","targetHints":{"allow":["GET"]}}],"collection":[{"href":"https:\/\/marigeuer.com\/equilibrio\/wp-json\/wp\/v2\/pages"}],"about":[{"href":"https:\/\/marigeuer.com\/equilibrio\/wp-json\/wp\/v2\/types\/page"}],"author":[{"embeddable":true,"href":"https:\/\/marigeuer.com\/equilibrio\/wp-json\/wp\/v2\/users\/2"}],"replies":[{"embeddable":true,"href":"https:\/\/marigeuer.com\/equilibrio\/wp-json\/wp\/v2\/comments?post=40"}],"version-history":[{"count":36,"href":"https:\/\/marigeuer.com\/equilibrio\/wp-json\/wp\/v2\/pages\/40\/revisions"}],"predecessor-version":[{"id":8804,"href":"https:\/\/marigeuer.com\/equilibrio\/wp-json\/wp\/v2\/pages\/40\/revisions\/8804"}],"up":[{"embeddable":true,"href":"https:\/\/marigeuer.com\/equilibrio\/wp-json\/wp\/v2\/pages\/44"}],"wp:attachment":[{"href":"https:\/\/marigeuer.com\/equilibrio\/wp-json\/wp\/v2\/media?parent=40"}],"curies":[{"name":"wp","href":"https:\/\/api.w.org\/{rel}","templated":true}]}}