{"id":4526,"date":"2013-12-17T13:48:33","date_gmt":"2013-12-17T15:48:33","guid":{"rendered":"http:\/\/marigeuer.com\/coach\/?page_id=28"},"modified":"2014-07-22T17:55:19","modified_gmt":"2014-07-22T20:55:19","slug":"o-que-e-coaching","status":"publish","type":"page","link":"https:\/\/marigeuer.com\/equilibrio\/o-que-e-coaching\/","title":{"rendered":"O que \u00e9 Coaching?"},"content":{"rendered":"<h2 style=\"text-align: justify;\"><span style=\"color: #000080;\">Com \u00e9 um processo de coaching? <\/span><\/h2>\n<p style=\"text-align: justify;\">O <strong>coaching<\/strong> \u00e9 um processo onde envolve o dial\u00f3go entre o coach (profissional) e o coachee (cliente) com o principal prop\u00f3sito de que \u00a0encontre uma maior satisfa\u00e7\u00e3o em sua vida. \u00a0Assim, o processo de <em>coaching<\/em> pode ser focado no aumento de performance ou na mudan\u00e7a, transforma\u00e7\u00e3o e aprendizado do seu comportamento em rela\u00e7\u00e3o a diversos aspectos de sua vida.<\/p>\n<p style=\"text-align: justify;\">O Coach tem a miss\u00e3o de ajudar o coachee a ampliar sua percep\u00e7\u00e3o, seus pontos fortes, as competencias desenvolvidas pelas suas pr\u00f3prias experiencias de vida. E assim, te auxilia a superar os obst\u00e1culos e a conquistar seus objetivos, atrav\u00e9s de t\u00e9cnicas e ferramentas especif\u00edcos. Al\u00e9m disto, automaticamente acontece uma evolu\u00e7\u00e3o, aprimoramento e crescimento da qualidade de vida. \u00a0Estimula a autoestima, a autoconfian\u00e7a, a motiva\u00e7\u00e3o, de forma concreta e cont\u00ednua.<\/p>\n<p style=\"text-align: justify;\">O prop\u00f3sito de meu trabalho \u00a0est\u00e1 sempre na vis\u00e3o de que todo ser humano \u00e9 como uma pedra preciosa e com as ferramentas que ofere\u00e7o, voc\u00ea vai, ao lapidar suas compet\u00eancias, revelar e destacar seu pr\u00f3prio brilho. Realce agora mesmo o seu talento!<\/p>\n<p style=\"text-align: center;\"><a href=\"http:\/\/marigeuer.com\/equilibrio\/wp-content\/uploads\/2013\/10\/escrito.jpg\"><img loading=\"lazy\" decoding=\"async\" class=\"size-full wp-image-15 aligncenter\" src=\"http:\/\/marigeuer.com\/equilibrio\/wp-content\/uploads\/2013\/10\/escrito.jpg\" alt=\"escrito\" width=\"437\" height=\"115\" srcset=\"https:\/\/marigeuer.com\/equilibrio\/wp-content\/uploads\/2013\/10\/escrito.jpg 437w, https:\/\/marigeuer.com\/equilibrio\/wp-content\/uploads\/2013\/10\/escrito-300x78.jpg 300w\" sizes=\"auto, (max-width: 437px) 100vw, 437px\" \/><\/a><\/p>\n<h3><strong><span style=\"color: #000080;\">Os tr\u00eas suportes do <span style=\"text-decoration: underline;\">coaching<\/span>:<\/span><\/strong><\/h3>\n<ul>\n<li><strong>Metas<\/strong>: focar no que voc\u00ea quer e no como alcan\u00e7\u00e1-lo<\/li>\n<li><strong>Valores<\/strong>: saber os que s\u00e3o importantes para voc\u00ea e vivenci\u00e1-los no alcance das metas<\/li>\n<li><strong>Cren\u00e7as<\/strong>: desafiar opini\u00f5es limitantes gra\u00e7as ao fornecimento de tarefas que promovem feefback<\/li>\n<\/ul>\n<h3>\u00a0<strong>Agende uma avalia\u00e7\u00e3o de coaching <a title=\"Avalia\u00e7\u00e3o de Coaching\" href=\"http:\/\/marigeuer.com\/equilibrio\/agende-uma-sessao\/\" target=\"_blank\">AQUI<\/a><\/strong><\/h3>\n<p>Mude sua Vida para melhor!<\/p>\n<p>Mari Geuer<\/p>\n<p><a title=\"Coaching de Vida\" href=\"http:\/\/marigeuer.com\/equilibrio\/mari-geuer\/\" target=\"_blank\">Coach &#8211; Instrutora de Autoconhecimento<\/a><\/p>\n","protected":false},"excerpt":{"rendered":"<p>Com \u00e9 um processo de coaching? O coaching \u00e9 um processo onde envolve o dial\u00f3go entre o coach &#8230; <a class=\"more-link\" href=\"https:\/\/marigeuer.com\/equilibrio\/o-que-e-coaching\/\">Read More &raquo;<\/a><\/p>\n","protected":false},"author":7,"featured_media":0,"parent":0,"menu_order":0,"comment_status":"open","ping_status":"open","template":"","meta":{"sfsi_plus_gutenberg_text_before_share":"","sfsi_plus_gutenberg_show_text_before_share":"","sfsi_plus_gutenberg_icon_type":"","sfsi_plus_gutenberg_icon_alignemt":"","sfsi_plus_gutenburg_max_per_row":"","footnotes":""},"class_list":["post-4526","page","type-page","status-publish","hentry"],"yoast_head":"<!-- This site is optimized with the Yoast SEO plugin v27.2 - https:\/\/yoast.com\/product\/yoast-seo-wordpress\/ -->\n<title>O que \u00e9 Coaching? - Equil\u00edbrio Interior e Bem-Estar<\/title>\n<meta name=\"robots\" content=\"index, follow, max-snippet:-1, max-image-preview:large, max-video-preview:-1\" \/>\n<link rel=\"canonical\" href=\"https:\/\/marigeuer.com\/equilibrio\/o-que-e-coaching\/\" \/>\n<meta property=\"og:locale\" content=\"pt_PT\" \/>\n<meta property=\"og:type\" content=\"article\" \/>\n<meta property=\"og:title\" content=\"O que \u00e9 Coaching? - Equil\u00edbrio Interior e Bem-Estar\" \/>\n<meta property=\"og:description\" content=\"Com \u00e9 um processo de coaching? O coaching \u00e9 um processo onde envolve o dial\u00f3go entre o coach ... Read More &raquo;\" \/>\n<meta property=\"og:url\" content=\"https:\/\/marigeuer.com\/equilibrio\/o-que-e-coaching\/\" \/>\n<meta property=\"og:site_name\" content=\"Equil\u00edbrio Interior e Bem-Estar\" \/>\n<meta property=\"article:modified_time\" content=\"2014-07-22T20:55:19+00:00\" \/>\n<meta property=\"og:image\" content=\"http:\/\/marigeuer.com\/equilibrio\/wp-content\/uploads\/2013\/10\/escrito.jpg\" \/>\n<meta name=\"twitter:card\" content=\"summary_large_image\" \/>\n<meta name=\"twitter:label1\" content=\"Tempo estimado de leitura\" \/>\n\t<meta name=\"twitter:data1\" content=\"1 minuto\" \/>\n<script type=\"application\/ld+json\" class=\"yoast-schema-graph\">{\"@context\":\"https:\/\/schema.org\",\"@graph\":[{\"@type\":\"WebPage\",\"@id\":\"https:\/\/marigeuer.com\/equilibrio\/o-que-e-coaching\/\",\"url\":\"https:\/\/marigeuer.com\/equilibrio\/o-que-e-coaching\/\",\"name\":\"O que \u00e9 Coaching? - Equil\u00edbrio Interior e Bem-Estar\",\"isPartOf\":{\"@id\":\"https:\/\/marigeuer.com\/equilibrio\/#website\"},\"primaryImageOfPage\":{\"@id\":\"https:\/\/marigeuer.com\/equilibrio\/o-que-e-coaching\/#primaryimage\"},\"image\":{\"@id\":\"https:\/\/marigeuer.com\/equilibrio\/o-que-e-coaching\/#primaryimage\"},\"thumbnailUrl\":\"http:\/\/marigeuer.com\/equilibrio\/wp-content\/uploads\/2013\/10\/escrito.jpg\",\"datePublished\":\"2013-12-17T15:48:33+00:00\",\"dateModified\":\"2014-07-22T20:55:19+00:00\",\"breadcrumb\":{\"@id\":\"https:\/\/marigeuer.com\/equilibrio\/o-que-e-coaching\/#breadcrumb\"},\"inLanguage\":\"pt-PT\",\"potentialAction\":[{\"@type\":\"ReadAction\",\"target\":[\"https:\/\/marigeuer.com\/equilibrio\/o-que-e-coaching\/\"]}]},{\"@type\":\"ImageObject\",\"inLanguage\":\"pt-PT\",\"@id\":\"https:\/\/marigeuer.com\/equilibrio\/o-que-e-coaching\/#primaryimage\",\"url\":\"http:\/\/marigeuer.com\/equilibrio\/wp-content\/uploads\/2013\/10\/escrito.jpg\",\"contentUrl\":\"http:\/\/marigeuer.com\/equilibrio\/wp-content\/uploads\/2013\/10\/escrito.jpg\"},{\"@type\":\"BreadcrumbList\",\"@id\":\"https:\/\/marigeuer.com\/equilibrio\/o-que-e-coaching\/#breadcrumb\",\"itemListElement\":[{\"@type\":\"ListItem\",\"position\":1,\"name\":\"In\u00edcio\",\"item\":\"https:\/\/marigeuer.com\/equilibrio\/\"},{\"@type\":\"ListItem\",\"position\":2,\"name\":\"O que \u00e9 Coaching?\"}]},{\"@type\":\"WebSite\",\"@id\":\"https:\/\/marigeuer.com\/equilibrio\/#website\",\"url\":\"https:\/\/marigeuer.com\/equilibrio\/\",\"name\":\"Equil\u00edbrio Interior e Bem-Estar\",\"description\":\"Pr\u00e1ticas de Transforma\u00e7\u00f5es para voc\u00ea | Mari Geuer\",\"potentialAction\":[{\"@type\":\"SearchAction\",\"target\":{\"@type\":\"EntryPoint\",\"urlTemplate\":\"https:\/\/marigeuer.com\/equilibrio\/?s={search_term_string}\"},\"query-input\":{\"@type\":\"PropertyValueSpecification\",\"valueRequired\":true,\"valueName\":\"search_term_string\"}}],\"inLanguage\":\"pt-PT\"}]}<\/script>\n<!-- \/ Yoast SEO plugin. -->","yoast_head_json":{"title":"O que \u00e9 Coaching? - Equil\u00edbrio Interior e Bem-Estar","robots":{"index":"index","follow":"follow","max-snippet":"max-snippet:-1","max-image-preview":"max-image-preview:large","max-video-preview":"max-video-preview:-1"},"canonical":"https:\/\/marigeuer.com\/equilibrio\/o-que-e-coaching\/","og_locale":"pt_PT","og_type":"article","og_title":"O que \u00e9 Coaching? - Equil\u00edbrio Interior e Bem-Estar","og_description":"Com \u00e9 um processo de coaching? O coaching \u00e9 um processo onde envolve o dial\u00f3go entre o coach ... Read More &raquo;","og_url":"https:\/\/marigeuer.com\/equilibrio\/o-que-e-coaching\/","og_site_name":"Equil\u00edbrio Interior e Bem-Estar","article_modified_time":"2014-07-22T20:55:19+00:00","og_image":[{"url":"http:\/\/marigeuer.com\/equilibrio\/wp-content\/uploads\/2013\/10\/escrito.jpg","type":"","width":"","height":""}],"twitter_card":"summary_large_image","twitter_misc":{"Tempo estimado de leitura":"1 minuto"},"schema":{"@context":"https:\/\/schema.org","@graph":[{"@type":"WebPage","@id":"https:\/\/marigeuer.com\/equilibrio\/o-que-e-coaching\/","url":"https:\/\/marigeuer.com\/equilibrio\/o-que-e-coaching\/","name":"O que \u00e9 Coaching? - Equil\u00edbrio Interior e Bem-Estar","isPartOf":{"@id":"https:\/\/marigeuer.com\/equilibrio\/#website"},"primaryImageOfPage":{"@id":"https:\/\/marigeuer.com\/equilibrio\/o-que-e-coaching\/#primaryimage"},"image":{"@id":"https:\/\/marigeuer.com\/equilibrio\/o-que-e-coaching\/#primaryimage"},"thumbnailUrl":"http:\/\/marigeuer.com\/equilibrio\/wp-content\/uploads\/2013\/10\/escrito.jpg","datePublished":"2013-12-17T15:48:33+00:00","dateModified":"2014-07-22T20:55:19+00:00","breadcrumb":{"@id":"https:\/\/marigeuer.com\/equilibrio\/o-que-e-coaching\/#breadcrumb"},"inLanguage":"pt-PT","potentialAction":[{"@type":"ReadAction","target":["https:\/\/marigeuer.com\/equilibrio\/o-que-e-coaching\/"]}]},{"@type":"ImageObject","inLanguage":"pt-PT","@id":"https:\/\/marigeuer.com\/equilibrio\/o-que-e-coaching\/#primaryimage","url":"http:\/\/marigeuer.com\/equilibrio\/wp-content\/uploads\/2013\/10\/escrito.jpg","contentUrl":"http:\/\/marigeuer.com\/equilibrio\/wp-content\/uploads\/2013\/10\/escrito.jpg"},{"@type":"BreadcrumbList","@id":"https:\/\/marigeuer.com\/equilibrio\/o-que-e-coaching\/#breadcrumb","itemListElement":[{"@type":"ListItem","position":1,"name":"In\u00edcio","item":"https:\/\/marigeuer.com\/equilibrio\/"},{"@type":"ListItem","position":2,"name":"O que \u00e9 Coaching?"}]},{"@type":"WebSite","@id":"https:\/\/marigeuer.com\/equilibrio\/#website","url":"https:\/\/marigeuer.com\/equilibrio\/","name":"Equil\u00edbrio Interior e Bem-Estar","description":"Pr\u00e1ticas de Transforma\u00e7\u00f5es para voc\u00ea | Mari Geuer","potentialAction":[{"@type":"SearchAction","target":{"@type":"EntryPoint","urlTemplate":"https:\/\/marigeuer.com\/equilibrio\/?s={search_term_string}"},"query-input":{"@type":"PropertyValueSpecification","valueRequired":true,"valueName":"search_term_string"}}],"inLanguage":"pt-PT"}]}},"_links":{"self":[{"href":"https:\/\/marigeuer.com\/equilibrio\/wp-json\/wp\/v2\/pages\/4526","targetHints":{"allow":["GET"]}}],"collection":[{"href":"https:\/\/marigeuer.com\/equilibrio\/wp-json\/wp\/v2\/pages"}],"about":[{"href":"https:\/\/marigeuer.com\/equilibrio\/wp-json\/wp\/v2\/types\/page"}],"author":[{"embeddable":true,"href":"https:\/\/marigeuer.com\/equilibrio\/wp-json\/wp\/v2\/users\/7"}],"replies":[{"embeddable":true,"href":"https:\/\/marigeuer.com\/equilibrio\/wp-json\/wp\/v2\/comments?post=4526"}],"version-history":[{"count":4,"href":"https:\/\/marigeuer.com\/equilibrio\/wp-json\/wp\/v2\/pages\/4526\/revisions"}],"predecessor-version":[{"id":4825,"href":"https:\/\/marigeuer.com\/equilibrio\/wp-json\/wp\/v2\/pages\/4526\/revisions\/4825"}],"wp:attachment":[{"href":"https:\/\/marigeuer.com\/equilibrio\/wp-json\/wp\/v2\/media?parent=4526"}],"curies":[{"name":"wp","href":"https:\/\/api.w.org\/{rel}","templated":true}]}}