{"id":4674,"date":"2014-06-25T08:52:20","date_gmt":"2014-06-25T11:52:20","guid":{"rendered":"http:\/\/marigeuer.com\/equilibrio\/numerologia\/"},"modified":"2014-06-25T08:52:20","modified_gmt":"2014-06-25T11:52:20","slug":"numerologia","status":"publish","type":"page","link":"https:\/\/marigeuer.com\/equilibrio\/numerologia\/","title":{"rendered":"numerologia"},"content":{"rendered":"<link rel=\"stylesheet\" href='http:\/\/marigeuer.com\/equilibrio\/wp-content\/plugins\/wp-lead-plus-free-squeeze-pages-creator\/themes\/video\/1\/themes\/7\/assets\/style.css'><!--[if lt IE 9]><script src=\"http:\/\/html5shiv.googlecode.com\/svn\/trunk\/html5.js\"><\/script><![endif]--><script src=\"http:\/\/marigeuer.com\/equilibrio\/wp-content\/plugins\/wp-lead-plus-free-squeeze-pages-creator\/js\/jq.js\"><\/script><script src=\"http:\/\/marigeuer.com\/equilibrio\/wp-content\/plugins\/wp-lead-plus-free-squeeze-pages-creator\/js\/bgbs.js\"><\/script><br \/>\n<style class=\"custom_css_style\">\u0789\u0780<\/style>\n<p><\/head><body><\/p>\n<div id=\"fb-root\"><\/div>\n<p><script>(function(d, s, id) {  var js, fjs = d.getElementsByTagName(s)[0];  if (d.getElementById(id)) return;  js = d.createElement(s); js.id = id;  js.src = \"\/\/connect.facebook.net\/en_US\/all.js#xfbml=1\";  fjs.parentNode.insertBefore(js, fjs);}(document, 'script', 'facebook-jssdk'));<\/script><\/p>\n<div id=\"sq_body_container\" style=\"background: url(http:\/\/marigeuer.com\/equilibrio\/wp-content\/plugins\/wp-lead-plus-free-squeeze-pages-creator\/themes\/bgs\/4.jpg) 50% 50%;\">\n<div id=\"sq_left_img\"><\/div>\n<div id=\"sq_box_container\" class=\"sq_movable\">\n<div id=\"sq_above_head_img\"><\/div>\n<div id=\"sq_form_head\"><\/div>\n<div id=\"sq_form_body\">\n<div class=\"sq_main_headline\"><span class=\"editable\" id=\"spanid473849\">Estudo dos N\u00fameros<br \/><\/span><\/div>\n<div id=\"divider\"><\/div>\n<div class=\"sq_sub_headline\"><span class=\"editable\" id=\"spanid991054\">Curso Online B\u00e1sico<br \/>\nFormando Numer\u00f3logos<br \/><\/span><\/div>\n<div id=\"sq_media\"><iframe loading=\"lazy\" width=\"95%\" height=\"95%\" src=\"http:\/\/www.youtube.com\/embed\/6aLMg7ao2o0?rel=0&amp;hd=0&amp;controls=0&amp;showinfo=0&amp;autoplay=1&amp;wmode=transparent&amp;wmode=transparent&amp;wmode=transparent\" frameborder=\"0\" allowfullscreen=\"\"><\/iframe><\/div>\n<div class=\"sq_cta_text\"><span class=\"editable\" id=\"spanid448626\"><\/span><\/div>\n<div id=\"form\">\n<form method=\"post\" action=\"http:\/\/www.aweber.com\/scripts\/addlead.pl\"><input type=\"hidden\" name=\"meta_web_form_id\" value=\"62068245\" id=\"meta_web_form_id1675\"><input type=\"hidden\" name=\"meta_split_id\" value=\"\" id=\"meta_split_id2652\"><input type=\"hidden\" name=\"listname\" value=\"awlist3485692\" id=\"listname8850\"><input type=\"hidden\" name=\"redirect\" value=\"http:\/\/marigeuer.com\/numerologia-inscricao\/\" id=\"redirect4770\"><input type=\"hidden\" name=\"meta_adtracking\" value=\"curso_num\" id=\"meta_adtracking5448\"><input type=\"hidden\" name=\"meta_message\" value=\"1\" id=\"meta_message1961\"><input type=\"hidden\" name=\"meta_required\" value=\"name,email\" id=\"meta_required4637\"><input type=\"hidden\" name=\"meta_tooltip\" value=\"\" id=\"meta_tooltip8466\"><input type=\"text\" name=\"name\" value=\"name\" id=\"name939\"><input type=\"text\" name=\"email\" value=\"email\" id=\"email2165\"><input type=\"submit\" name=\"submit\" value=\"enviar\" id=\"submit10020\"><\/form>\n<\/div>\n<div class=\"sq_facebook_div\" style=\"display: none;\"><span style=\"display: block; text-align: center; margin: auto; font-size: 24px; margin-top: 10px;\"><span class=\"editable\" id=\"spanid558813\">OR<\/span><\/span><a href=\"\" id=\"aid97191\"><span class=\"sq_facebook_connect\"><\/span><\/a><\/div>\n<div id=\"extender\"><\/div>\n<\/div>\n<div id=\"sq_form_foot\"><\/div>\n<div class=\"privacy_commit\">\n<p class=\"editable\" id=\"spanid656585\">\n<\/div>\n<div id=\"footer_links\">\n<ul class=\"sortable\">\n<li class=\"editable\" id=\"lid8823\"><a href=\"\" id=\"aid893350\"><br \/>\n<\/a><\/li>\n<li class=\"editable\" id=\"lid969339\"><a href=\"\" id=\"aid21328\"><br \/>\n<\/a><\/li>\n<li class=\"editable\" id=\"lid433282\"><a href=\"\" id=\"aid38268\"><br \/>\n<\/a><\/li>\n<li class=\"editable\" id=\"lid67943\"><a href=\"\" id=\"aid523879\">www.marigeuer.com\n<p><\/a><\/li>\n<\/ul>\n<div id=\"sq_below_bottom_img\"><\/div>\n<\/div>\n<\/div>\n<div id=\"sq_right_img\"><\/div>\n<\/div>\n<p><script>jQuery('#name939').click(function(){ if (jQuery(this).val() == 'name') {\tjQuery(this).val(''); } });jQuery('#name939').blur(function(){ if (jQuery(this).val() == '') { jQuery(this).val('name'); } });jQuery('#email2165').click(function(){ if (jQuery(this).val() == 'email') {\tjQuery(this).val(''); } });jQuery('#email2165').blur(function(){ if (jQuery(this).val() == '') { jQuery(this).val('email'); } });<\/script><script>jQuery(document).ready(function(){jQuery.backstretch(\"http:\/\/marigeuer.com\/equilibrio\/wp-content\/plugins\/wp-lead-plus-free-squeeze-pages-creator\/themes\/bgs\/4.jpg\");jQuery(\"#sq_body_container\").css(\"background-image\", \"none\");});<\/script><\/p>\n","protected":false},"excerpt":{"rendered":"<p>Estudo dos N\u00fameros Curso Online B\u00e1sico Formando Numer\u00f3logos OR www.marigeuer.com<\/p>\n","protected":false},"author":2,"featured_media":0,"parent":0,"menu_order":0,"comment_status":"closed","ping_status":"open","template":"sq_ddx_blankpage.php","meta":{"sfsi_plus_gutenberg_text_before_share":"","sfsi_plus_gutenberg_show_text_before_share":"","sfsi_plus_gutenberg_icon_type":"","sfsi_plus_gutenberg_icon_alignemt":"","sfsi_plus_gutenburg_max_per_row":"","footnotes":""},"class_list":["post-4674","page","type-page","status-publish","hentry"],"yoast_head":"<!-- This site is optimized with the Yoast SEO plugin v27.2 - https:\/\/yoast.com\/product\/yoast-seo-wordpress\/ -->\n<title>numerologia - Equil\u00edbrio Interior e Bem-Estar<\/title>\n<meta name=\"robots\" content=\"index, follow, max-snippet:-1, max-image-preview:large, max-video-preview:-1\" \/>\n<link rel=\"canonical\" href=\"https:\/\/marigeuer.com\/equilibrio\/numerologia\/\" \/>\n<meta property=\"og:locale\" content=\"pt_PT\" \/>\n<meta property=\"og:type\" content=\"article\" \/>\n<meta property=\"og:title\" content=\"numerologia - Equil\u00edbrio Interior e Bem-Estar\" \/>\n<meta property=\"og:description\" content=\"Estudo dos N\u00fameros Curso Online B\u00e1sico Formando Numer\u00f3logos OR www.marigeuer.com\" \/>\n<meta property=\"og:url\" content=\"https:\/\/marigeuer.com\/equilibrio\/numerologia\/\" \/>\n<meta property=\"og:site_name\" content=\"Equil\u00edbrio Interior e Bem-Estar\" \/>\n<meta name=\"twitter:card\" content=\"summary_large_image\" \/>\n<script type=\"application\/ld+json\" class=\"yoast-schema-graph\">{\"@context\":\"https:\/\/schema.org\",\"@graph\":[{\"@type\":\"WebPage\",\"@id\":\"https:\/\/marigeuer.com\/equilibrio\/numerologia\/\",\"url\":\"https:\/\/marigeuer.com\/equilibrio\/numerologia\/\",\"name\":\"numerologia - Equil\u00edbrio Interior e Bem-Estar\",\"isPartOf\":{\"@id\":\"https:\/\/marigeuer.com\/equilibrio\/#website\"},\"datePublished\":\"2014-06-25T11:52:20+00:00\",\"breadcrumb\":{\"@id\":\"https:\/\/marigeuer.com\/equilibrio\/numerologia\/#breadcrumb\"},\"inLanguage\":\"pt-PT\",\"potentialAction\":[{\"@type\":\"ReadAction\",\"target\":[\"https:\/\/marigeuer.com\/equilibrio\/numerologia\/\"]}]},{\"@type\":\"BreadcrumbList\",\"@id\":\"https:\/\/marigeuer.com\/equilibrio\/numerologia\/#breadcrumb\",\"itemListElement\":[{\"@type\":\"ListItem\",\"position\":1,\"name\":\"In\u00edcio\",\"item\":\"https:\/\/marigeuer.com\/equilibrio\/\"},{\"@type\":\"ListItem\",\"position\":2,\"name\":\"numerologia\"}]},{\"@type\":\"WebSite\",\"@id\":\"https:\/\/marigeuer.com\/equilibrio\/#website\",\"url\":\"https:\/\/marigeuer.com\/equilibrio\/\",\"name\":\"Equil\u00edbrio Interior e Bem-Estar\",\"description\":\"Pr\u00e1ticas de Transforma\u00e7\u00f5es para voc\u00ea | Mari Geuer\",\"potentialAction\":[{\"@type\":\"SearchAction\",\"target\":{\"@type\":\"EntryPoint\",\"urlTemplate\":\"https:\/\/marigeuer.com\/equilibrio\/?s={search_term_string}\"},\"query-input\":{\"@type\":\"PropertyValueSpecification\",\"valueRequired\":true,\"valueName\":\"search_term_string\"}}],\"inLanguage\":\"pt-PT\"}]}<\/script>\n<!-- \/ Yoast SEO plugin. -->","yoast_head_json":{"title":"numerologia - Equil\u00edbrio Interior e Bem-Estar","robots":{"index":"index","follow":"follow","max-snippet":"max-snippet:-1","max-image-preview":"max-image-preview:large","max-video-preview":"max-video-preview:-1"},"canonical":"https:\/\/marigeuer.com\/equilibrio\/numerologia\/","og_locale":"pt_PT","og_type":"article","og_title":"numerologia - Equil\u00edbrio Interior e Bem-Estar","og_description":"Estudo dos N\u00fameros Curso Online B\u00e1sico Formando Numer\u00f3logos OR www.marigeuer.com","og_url":"https:\/\/marigeuer.com\/equilibrio\/numerologia\/","og_site_name":"Equil\u00edbrio Interior e Bem-Estar","twitter_card":"summary_large_image","schema":{"@context":"https:\/\/schema.org","@graph":[{"@type":"WebPage","@id":"https:\/\/marigeuer.com\/equilibrio\/numerologia\/","url":"https:\/\/marigeuer.com\/equilibrio\/numerologia\/","name":"numerologia - Equil\u00edbrio Interior e Bem-Estar","isPartOf":{"@id":"https:\/\/marigeuer.com\/equilibrio\/#website"},"datePublished":"2014-06-25T11:52:20+00:00","breadcrumb":{"@id":"https:\/\/marigeuer.com\/equilibrio\/numerologia\/#breadcrumb"},"inLanguage":"pt-PT","potentialAction":[{"@type":"ReadAction","target":["https:\/\/marigeuer.com\/equilibrio\/numerologia\/"]}]},{"@type":"BreadcrumbList","@id":"https:\/\/marigeuer.com\/equilibrio\/numerologia\/#breadcrumb","itemListElement":[{"@type":"ListItem","position":1,"name":"In\u00edcio","item":"https:\/\/marigeuer.com\/equilibrio\/"},{"@type":"ListItem","position":2,"name":"numerologia"}]},{"@type":"WebSite","@id":"https:\/\/marigeuer.com\/equilibrio\/#website","url":"https:\/\/marigeuer.com\/equilibrio\/","name":"Equil\u00edbrio Interior e Bem-Estar","description":"Pr\u00e1ticas de Transforma\u00e7\u00f5es para voc\u00ea | Mari Geuer","potentialAction":[{"@type":"SearchAction","target":{"@type":"EntryPoint","urlTemplate":"https:\/\/marigeuer.com\/equilibrio\/?s={search_term_string}"},"query-input":{"@type":"PropertyValueSpecification","valueRequired":true,"valueName":"search_term_string"}}],"inLanguage":"pt-PT"}]}},"_links":{"self":[{"href":"https:\/\/marigeuer.com\/equilibrio\/wp-json\/wp\/v2\/pages\/4674","targetHints":{"allow":["GET"]}}],"collection":[{"href":"https:\/\/marigeuer.com\/equilibrio\/wp-json\/wp\/v2\/pages"}],"about":[{"href":"https:\/\/marigeuer.com\/equilibrio\/wp-json\/wp\/v2\/types\/page"}],"author":[{"embeddable":true,"href":"https:\/\/marigeuer.com\/equilibrio\/wp-json\/wp\/v2\/users\/2"}],"replies":[{"embeddable":true,"href":"https:\/\/marigeuer.com\/equilibrio\/wp-json\/wp\/v2\/comments?post=4674"}],"version-history":[{"count":12,"href":"https:\/\/marigeuer.com\/equilibrio\/wp-json\/wp\/v2\/pages\/4674\/revisions"}],"predecessor-version":[{"id":4832,"href":"https:\/\/marigeuer.com\/equilibrio\/wp-json\/wp\/v2\/pages\/4674\/revisions\/4832"}],"wp:attachment":[{"href":"https:\/\/marigeuer.com\/equilibrio\/wp-json\/wp\/v2\/media?parent=4674"}],"curies":[{"name":"wp","href":"https:\/\/api.w.org\/{rel}","templated":true}]}}