{"id":52,"date":"2012-07-19T19:59:13","date_gmt":"2012-07-19T16:59:13","guid":{"rendered":"http:\/\/marigeuer.com\/blog\/?page_id=52"},"modified":"2016-02-10T11:29:15","modified_gmt":"2016-02-10T14:29:15","slug":"52-2","status":"publish","type":"page","link":"https:\/\/marigeuer.com\/equilibrio\/feng-shui\/52-2\/","title":{"rendered":"Consagra\u00e7\u00e3o do Aposento"},"content":{"rendered":"<h1>\u00a0Consagra\u00e7\u00e3o do Aposento<\/h1>\n<h1><\/h1>\n<p><img loading=\"lazy\" decoding=\"async\" class=\"alignleft wp-image-100\" title=\"audio\" src=\"http:\/\/marigeuer.com\/equilibrio\/wp-content\/uploads\/2012\/07\/aprender5.jpg\" alt=\"\" width=\"98\" height=\"108\" \/><\/p>\n<div>\n<p><span style=\"color: #ff0000;\">\u00a0<strong>Audio Mp3, para ouvir clique em:<\/strong><\/span><\/p>\n<p><span style=\"color: #ff0000;\"><strong><span style=\"color: #ff0000;\"><div id=\"mp3jWrap_0\" class=\"mjp-s-wrapper s-graphic unsel-mjp \" style=\"font-size:18px;\"><span id=\"playpause_wrap_mp3j_0\" class=\"wrap_inline_mp3j\" style=\"font-weight:700;\"><span class=\"group_wrap\"><span class=\"bars_mp3j\"><span class=\"loadB_mp3j\" id=\"load_mp3j_0\"><\/span><span class=\"posbarB_mp3j\" id=\"posbar_mp3j_0\"><\/span><\/span><span class=\"T_mp3j\" id=\"T_mp3j_0\" style=\"font-size:18px;\">Consagra\u00e7\u00e3o do Aposento<\/span><span class=\"indi_mp3j\" style=\"font-size:12.6px;\" id=\"statusMI_0\"><\/span><\/span><span class=\"gfxbutton_mp3j play-mjp\" id=\"playpause_mp3j_0\" style=\"font-size:18px;\">&nbsp;&nbsp;&nbsp;&nbsp;&nbsp;<\/span><span class=\"vol_mp3j\" id=\"vol_mp3j_0\"><\/span><\/span><\/div><span class=\"s-nosolution\" id=\"mp3j_nosolution_0\" style=\"display:none;\"><\/span><script>\nMP3jPLAYLISTS.inline_0 = [\n\t{ name: \"Consagra\u00e7\u00e3o do Aposento\", formats: [\"mp3\"], mp3: \"aHR0cDovL21hcmlnZXVlci5jb20vZXF1aWxpYnJpby93cC1jb250ZW50L3VwbG9hZHMvMjAxMi8wNy9jb25zYWdyYcOnw6NvLWRvLWFwb3NlbnRvLm1wMw==\", counterpart:\"\", artist: \"\", image: \"\", imgurl: \"\" }\n];\n<\/script>\n\n<script>MP3jPLAYERS[0] = { list: MP3jPLAYLISTS.inline_0, tr:0, type:'single', lstate:'', loop:false, play_txt:'&nbsp;&nbsp;&nbsp;&nbsp;&nbsp;', pause_txt:'&nbsp;&nbsp;&nbsp;&nbsp;&nbsp;', pp_title:'', autoplay:false, download:false, vol:100, height:'' };<\/script><\/span><\/strong><\/span><\/p>\n<p>Dentro do circulo infinito da Divina presen\u00e7a, que me envolve inteiramente, afirmo:<\/p>\n<div>\n<p>H\u00e1 uma s\u00f3 presen\u00e7a aqui, \u00e9 a da <strong>Harmonia<\/strong> que faz vibrar todos os cora\u00e7\u00f5es de felicidade e alegria. Quem quer que aqui entre, sentir\u00e1 as vibra\u00e7\u00f5es da Divina Harmonia.<\/p>\n<p>H\u00e1 uma s\u00f3 presen\u00e7a aqui \u00e9 a do <strong>Amor<\/strong>.<br \/>\nDeus \u00e9 Amor que envolve todos os seres num s\u00f3 sentimento de unidade.<br \/>\nEste recinto est\u00e1 cheio da presen\u00e7a do Amor.<br \/>\nNo Amor eu vivo, me movo e existo.<br \/>\nQuem quer que aqui entre, sentir\u00e1 a pura e santa presen\u00e7a do Amor.<\/p>\n<p>H\u00e1 uma s\u00f3 presen\u00e7a aqui, \u00e9 a da <strong>Justi\u00e7a<\/strong>.<br \/>\nA Justi\u00e7a reina neste recinto.<br \/>\nTodos os atos aqui praticados s\u00e3o regido e inspirados pela Justi\u00e7a.<br \/>\nQuem quer que aqui entre, sentir\u00e1 a presen\u00e7a da Justi\u00e7a.<\/p>\n<p>H\u00e1 uma s\u00f3 presen\u00e7a aqui, \u00e9 a <strong>presen\u00e7a de Deus, o Bem<\/strong>.<br \/>\nNenhum mal poder entrar aqui.<br \/>\nN\u00e3o h\u00e1 mal em Deus.<br \/>\nDeus, o Bem reside aqui.<br \/>\nQuem quer que aqui entre, sentir\u00e1 a presen\u00e7a Divina do Bem.<\/p>\n<p>H\u00e1 uma s\u00f3 presen\u00e7a aqui, \u00e9 a <strong>presen\u00e7a de Deus, a Vida<\/strong>.<br \/>\nDeus \u00e9 a vida essencial de todos os seres.<br \/>\n\u00c9 a sa\u00f9de do corpo e da mente.<br \/>\nQuem quer que aqui entre, sentir\u00e1 a Divina Presen\u00e7a da Vida e da Sa\u00fade.<\/p>\n<p>H\u00e1 uma s\u00f3 presen\u00e7a aqui, \u00e9 <strong>a presen\u00e7a de Deus, a Prosperidade<\/strong>.<br \/>\nDeus \u00e9 prosperidade pois ele faz tudo crescer e prosperar.<br \/>\nDeus se expressa na Prosperidade de tudo o que aqui \u00e9 empreendido em Seu Nome.<br \/>\nQuem quer que aqui entre, sentir\u00e1 a Divina Presen\u00e7a da Prosperidade e da Abund\u00e2ncia.<\/p>\n<p>Pelo s\u00edmbolo esot\u00e9rico das Asas Divinas, estou em vibra\u00e7\u00e3o harmoniosa com as correntes universais da Sabedoria, do Poder e da Alegria.<\/p>\n<p>A presen\u00e7a da Alegria Divina \u00e9 profundamente sentida por todos que aqui penetram.<br \/>\nNa mais perfeita comunh\u00e3o entre o meu Eu inferior e o meu Eu Superior, que \u00e9 Deus em mim, consagro este recinto \u00e0 perfeita express\u00e3o de todas as qualidades Divinas que h\u00e1 em mim e em todos os seres.<\/p>\n<p>As vibra\u00e7\u00f5es do meu Pensamento s\u00e3o for\u00e7as de Deus em mim, que aqui ficam armazenados e daqui se irradiam para todos os seres, constituindo este lugar um centro de emiss\u00e3o e recep\u00e7\u00e3o de tudo quanto \u00e9 Bom, Alegre e Pr\u00f3spero.<br \/>\n<strong>Ora\u00e7\u00e3o<\/strong><\/p>\n<p>Agrade\u00e7o-Te \u00f3 Deus, porque este recinto est\u00e1 cheio da Tua Presen\u00e7a.<\/p>\n<p>Agrade\u00e7o-Te, por que vivo e me movo por Ti.<\/p>\n<p>Agrade\u00e7o-Te, por que vivo em Tua Vida, Verdade, Sa\u00fade, Prosperidade, Paz, Sabedoria, Alegria e Amor.<\/p>\n<p>Agrade\u00e7o-Te, porque todos que entrarem aqui sentir\u00e3o a Tua Presen\u00e7a.<\/p>\n<p>Agrade\u00e7o-Te, porque estou em Harmonia, Amor, Verdade e Justi\u00e7a com todos os seres.&#8221;<\/p>\n<\/div>\n<p>&nbsp;<\/p>\n<p>Seja bem vindo ao meu blog, onde dou dicas de feng shui, numerologia, autoconhecimento, cursos e muito mais.<\/p>\n<p>D\u00favidas? Sugest\u00f5es? \u00c9 s\u00f3 deixar seu coment\u00e1rio aqui.<\/p>\n<p>&nbsp;<\/p>\n<\/div>\n","protected":false},"excerpt":{"rendered":"<p>\u00a0Consagra\u00e7\u00e3o do Aposento \u00a0Audio Mp3, para ouvir clique em: Consagra\u00e7\u00e3o do Aposento Dentro do circulo infinito da Divina &#8230; <a class=\"more-link\" href=\"https:\/\/marigeuer.com\/equilibrio\/feng-shui\/52-2\/\">Read More &raquo;<\/a><\/p>\n","protected":false},"author":2,"featured_media":0,"parent":18,"menu_order":0,"comment_status":"open","ping_status":"open","template":"","meta":{"sfsi_plus_gutenberg_text_before_share":"","sfsi_plus_gutenberg_show_text_before_share":"","sfsi_plus_gutenberg_icon_type":"","sfsi_plus_gutenberg_icon_alignemt":"","sfsi_plus_gutenburg_max_per_row":"","footnotes":""},"class_list":["post-52","page","type-page","status-publish","hentry"],"yoast_head":"<!-- This site is optimized with the Yoast SEO plugin v27.2 - https:\/\/yoast.com\/product\/yoast-seo-wordpress\/ -->\n<title>Consagra\u00e7\u00e3o do Aposento - Equil\u00edbrio Interior e Bem-Estar<\/title>\n<meta name=\"robots\" content=\"index, follow, max-snippet:-1, max-image-preview:large, max-video-preview:-1\" \/>\n<link rel=\"canonical\" href=\"https:\/\/marigeuer.com\/equilibrio\/feng-shui\/52-2\/\" \/>\n<meta property=\"og:locale\" content=\"pt_PT\" \/>\n<meta property=\"og:type\" content=\"article\" \/>\n<meta property=\"og:title\" content=\"Consagra\u00e7\u00e3o do Aposento - Equil\u00edbrio Interior e Bem-Estar\" \/>\n<meta property=\"og:description\" content=\"\u00a0Consagra\u00e7\u00e3o do Aposento \u00a0Audio Mp3, para ouvir clique em: Consagra\u00e7\u00e3o do Aposento Dentro do circulo infinito da Divina ... Read More &raquo;\" \/>\n<meta property=\"og:url\" content=\"https:\/\/marigeuer.com\/equilibrio\/feng-shui\/52-2\/\" \/>\n<meta property=\"og:site_name\" content=\"Equil\u00edbrio Interior e Bem-Estar\" \/>\n<meta property=\"article:modified_time\" content=\"2016-02-10T14:29:15+00:00\" \/>\n<meta property=\"og:image\" content=\"http:\/\/marigeuer.com\/equilibrio\/wp-content\/uploads\/2012\/07\/aprender5.jpg\" \/>\n<meta name=\"twitter:card\" content=\"summary_large_image\" \/>\n<meta name=\"twitter:label1\" content=\"Tempo estimado de leitura\" \/>\n\t<meta name=\"twitter:data1\" content=\"3 minutos\" \/>\n<script type=\"application\/ld+json\" class=\"yoast-schema-graph\">{\"@context\":\"https:\/\/schema.org\",\"@graph\":[{\"@type\":\"WebPage\",\"@id\":\"https:\/\/marigeuer.com\/equilibrio\/feng-shui\/52-2\/\",\"url\":\"https:\/\/marigeuer.com\/equilibrio\/feng-shui\/52-2\/\",\"name\":\"Consagra\u00e7\u00e3o do Aposento - Equil\u00edbrio Interior e Bem-Estar\",\"isPartOf\":{\"@id\":\"https:\/\/marigeuer.com\/equilibrio\/#website\"},\"primaryImageOfPage\":{\"@id\":\"https:\/\/marigeuer.com\/equilibrio\/feng-shui\/52-2\/#primaryimage\"},\"image\":{\"@id\":\"https:\/\/marigeuer.com\/equilibrio\/feng-shui\/52-2\/#primaryimage\"},\"thumbnailUrl\":\"http:\/\/marigeuer.com\/equilibrio\/wp-content\/uploads\/2012\/07\/aprender5.jpg\",\"datePublished\":\"2012-07-19T16:59:13+00:00\",\"dateModified\":\"2016-02-10T14:29:15+00:00\",\"breadcrumb\":{\"@id\":\"https:\/\/marigeuer.com\/equilibrio\/feng-shui\/52-2\/#breadcrumb\"},\"inLanguage\":\"pt-PT\",\"potentialAction\":[{\"@type\":\"ReadAction\",\"target\":[\"https:\/\/marigeuer.com\/equilibrio\/feng-shui\/52-2\/\"]}]},{\"@type\":\"ImageObject\",\"inLanguage\":\"pt-PT\",\"@id\":\"https:\/\/marigeuer.com\/equilibrio\/feng-shui\/52-2\/#primaryimage\",\"url\":\"http:\/\/marigeuer.com\/equilibrio\/wp-content\/uploads\/2012\/07\/aprender5.jpg\",\"contentUrl\":\"http:\/\/marigeuer.com\/equilibrio\/wp-content\/uploads\/2012\/07\/aprender5.jpg\"},{\"@type\":\"BreadcrumbList\",\"@id\":\"https:\/\/marigeuer.com\/equilibrio\/feng-shui\/52-2\/#breadcrumb\",\"itemListElement\":[{\"@type\":\"ListItem\",\"position\":1,\"name\":\"In\u00edcio\",\"item\":\"https:\/\/marigeuer.com\/equilibrio\/\"},{\"@type\":\"ListItem\",\"position\":2,\"name\":\"Feng Shui\",\"item\":\"https:\/\/marigeuer.com\/equilibrio\/feng-shui\/\"},{\"@type\":\"ListItem\",\"position\":3,\"name\":\"Consagra\u00e7\u00e3o do Aposento\"}]},{\"@type\":\"WebSite\",\"@id\":\"https:\/\/marigeuer.com\/equilibrio\/#website\",\"url\":\"https:\/\/marigeuer.com\/equilibrio\/\",\"name\":\"Equil\u00edbrio Interior e Bem-Estar\",\"description\":\"Pr\u00e1ticas de Transforma\u00e7\u00f5es para voc\u00ea | Mari Geuer\",\"potentialAction\":[{\"@type\":\"SearchAction\",\"target\":{\"@type\":\"EntryPoint\",\"urlTemplate\":\"https:\/\/marigeuer.com\/equilibrio\/?s={search_term_string}\"},\"query-input\":{\"@type\":\"PropertyValueSpecification\",\"valueRequired\":true,\"valueName\":\"search_term_string\"}}],\"inLanguage\":\"pt-PT\"}]}<\/script>\n<!-- \/ Yoast SEO plugin. -->","yoast_head_json":{"title":"Consagra\u00e7\u00e3o do Aposento - Equil\u00edbrio Interior e Bem-Estar","robots":{"index":"index","follow":"follow","max-snippet":"max-snippet:-1","max-image-preview":"max-image-preview:large","max-video-preview":"max-video-preview:-1"},"canonical":"https:\/\/marigeuer.com\/equilibrio\/feng-shui\/52-2\/","og_locale":"pt_PT","og_type":"article","og_title":"Consagra\u00e7\u00e3o do Aposento - Equil\u00edbrio Interior e Bem-Estar","og_description":"\u00a0Consagra\u00e7\u00e3o do Aposento \u00a0Audio Mp3, para ouvir clique em: Consagra\u00e7\u00e3o do Aposento Dentro do circulo infinito da Divina ... Read More &raquo;","og_url":"https:\/\/marigeuer.com\/equilibrio\/feng-shui\/52-2\/","og_site_name":"Equil\u00edbrio Interior e Bem-Estar","article_modified_time":"2016-02-10T14:29:15+00:00","og_image":[{"url":"http:\/\/marigeuer.com\/equilibrio\/wp-content\/uploads\/2012\/07\/aprender5.jpg","type":"","width":"","height":""}],"twitter_card":"summary_large_image","twitter_misc":{"Tempo estimado de leitura":"3 minutos"},"schema":{"@context":"https:\/\/schema.org","@graph":[{"@type":"WebPage","@id":"https:\/\/marigeuer.com\/equilibrio\/feng-shui\/52-2\/","url":"https:\/\/marigeuer.com\/equilibrio\/feng-shui\/52-2\/","name":"Consagra\u00e7\u00e3o do Aposento - Equil\u00edbrio Interior e Bem-Estar","isPartOf":{"@id":"https:\/\/marigeuer.com\/equilibrio\/#website"},"primaryImageOfPage":{"@id":"https:\/\/marigeuer.com\/equilibrio\/feng-shui\/52-2\/#primaryimage"},"image":{"@id":"https:\/\/marigeuer.com\/equilibrio\/feng-shui\/52-2\/#primaryimage"},"thumbnailUrl":"http:\/\/marigeuer.com\/equilibrio\/wp-content\/uploads\/2012\/07\/aprender5.jpg","datePublished":"2012-07-19T16:59:13+00:00","dateModified":"2016-02-10T14:29:15+00:00","breadcrumb":{"@id":"https:\/\/marigeuer.com\/equilibrio\/feng-shui\/52-2\/#breadcrumb"},"inLanguage":"pt-PT","potentialAction":[{"@type":"ReadAction","target":["https:\/\/marigeuer.com\/equilibrio\/feng-shui\/52-2\/"]}]},{"@type":"ImageObject","inLanguage":"pt-PT","@id":"https:\/\/marigeuer.com\/equilibrio\/feng-shui\/52-2\/#primaryimage","url":"http:\/\/marigeuer.com\/equilibrio\/wp-content\/uploads\/2012\/07\/aprender5.jpg","contentUrl":"http:\/\/marigeuer.com\/equilibrio\/wp-content\/uploads\/2012\/07\/aprender5.jpg"},{"@type":"BreadcrumbList","@id":"https:\/\/marigeuer.com\/equilibrio\/feng-shui\/52-2\/#breadcrumb","itemListElement":[{"@type":"ListItem","position":1,"name":"In\u00edcio","item":"https:\/\/marigeuer.com\/equilibrio\/"},{"@type":"ListItem","position":2,"name":"Feng Shui","item":"https:\/\/marigeuer.com\/equilibrio\/feng-shui\/"},{"@type":"ListItem","position":3,"name":"Consagra\u00e7\u00e3o do Aposento"}]},{"@type":"WebSite","@id":"https:\/\/marigeuer.com\/equilibrio\/#website","url":"https:\/\/marigeuer.com\/equilibrio\/","name":"Equil\u00edbrio Interior e Bem-Estar","description":"Pr\u00e1ticas de Transforma\u00e7\u00f5es para voc\u00ea | Mari Geuer","potentialAction":[{"@type":"SearchAction","target":{"@type":"EntryPoint","urlTemplate":"https:\/\/marigeuer.com\/equilibrio\/?s={search_term_string}"},"query-input":{"@type":"PropertyValueSpecification","valueRequired":true,"valueName":"search_term_string"}}],"inLanguage":"pt-PT"}]}},"_links":{"self":[{"href":"https:\/\/marigeuer.com\/equilibrio\/wp-json\/wp\/v2\/pages\/52","targetHints":{"allow":["GET"]}}],"collection":[{"href":"https:\/\/marigeuer.com\/equilibrio\/wp-json\/wp\/v2\/pages"}],"about":[{"href":"https:\/\/marigeuer.com\/equilibrio\/wp-json\/wp\/v2\/types\/page"}],"author":[{"embeddable":true,"href":"https:\/\/marigeuer.com\/equilibrio\/wp-json\/wp\/v2\/users\/2"}],"replies":[{"embeddable":true,"href":"https:\/\/marigeuer.com\/equilibrio\/wp-json\/wp\/v2\/comments?post=52"}],"version-history":[{"count":5,"href":"https:\/\/marigeuer.com\/equilibrio\/wp-json\/wp\/v2\/pages\/52\/revisions"}],"predecessor-version":[{"id":4857,"href":"https:\/\/marigeuer.com\/equilibrio\/wp-json\/wp\/v2\/pages\/52\/revisions\/4857"}],"up":[{"embeddable":true,"href":"https:\/\/marigeuer.com\/equilibrio\/wp-json\/wp\/v2\/pages\/18"}],"wp:attachment":[{"href":"https:\/\/marigeuer.com\/equilibrio\/wp-json\/wp\/v2\/media?parent=52"}],"curies":[{"name":"wp","href":"https:\/\/api.w.org\/{rel}","templated":true}]}}