{"id":5258,"date":"2014-09-10T12:09:39","date_gmt":"2014-09-10T15:09:39","guid":{"rendered":"http:\/\/marigeuer.com\/equilibrio\/?page_id=5258"},"modified":"2022-05-30T08:52:31","modified_gmt":"2022-05-30T11:52:31","slug":"loja-da-mente","status":"publish","type":"page","link":"https:\/\/marigeuer.com\/equilibrio\/loja-da-mente\/","title":{"rendered":"Loja da Mente &#8211; Sua Hipnose Online"},"content":{"rendered":"<h4 style=\"text-align: center;\"><span style=\"color: #000000;\">Conhe\u00e7a LOJA DA MENTE a nossa <strong>Loja Virtual:<\/strong><\/span><\/h4>\n<h3 style=\"text-align: center;\"><span style=\"color: #000080;\">\u00a0<span style=\"color: #000000;\">Produtos Digitais para <\/span><\/span><\/h3>\n<h2 style=\"text-align: center;\"><span style=\"color: #000080;\">Atrair a Prosperidade, a Abund\u00e2ncia, Relacionamentos e uma Vida Saud\u00e1vel<\/span><\/h2>\n<div id=\"shopify-section-feature-row\" class=\"shopify-section index-section\">\n<div class=\"page-width feature-row\">\n<div class=\"feature-row\">\n<div class=\"feature-row__item feature-row__text feature-row__text--left\">\n<h2 class=\"h3\">Programe Sua Mente!<\/h2>\n<div class=\"rte-setting featured-row__subtext\">\n<p>Seus relacionamentos, sua sa\u00fade, seus n\u00edveis de prosperidade financeira e muito mais s\u00e3o controlados pela sua mente.<\/p>\n<p>Ouvindo diariamente estas reprograma\u00e7\u00f5es mentais voc\u00ea projetar\u00e1 um novo futuro para sua vida, repleto de conquistas positivas.<\/p>\n<\/div>\n<\/div>\n<\/div>\n<\/div>\n<\/div>\n<div id=\"shopify-section-slideshow\" class=\"shopify-section index-section index-section--flush\"><\/div>\n<h2 style=\"text-align: justify;\"><span style=\"color: #000080;\">Praticar o Perd\u00e3o<\/span><\/h2>\n<p style=\"text-align: justify;\">O perd\u00e3o \u00e9 uma poderosa ferramenta de liberta\u00e7\u00e3o. Quando perdoamos aos outros e a n\u00f3s mesmos, estamos permitindo que o fluxo da prosperidade, sa\u00fade e amor em nossas vidas seja liberado. Desenvolvida pelo Chris Allmeida, a Reprograma\u00e7\u00e3o Mental Praticar o Perd\u00e3o \u00e9 um &#8220;rem\u00e9dio para alma&#8221; e ajudar\u00e1 voc\u00ea a deixar para traz tudo aquilo que j\u00e1 passou para recome\u00e7ar uma nova vida.<\/p>\n<p style=\"text-align: justify;\">\n<h2 style=\"text-align: justify;\"><span style=\"color: #000080;\">Super Combo Lei da Atra\u00e7\u00e3o<\/span><\/h2>\n<p style=\"text-align: justify;\">Um pacote completo de reprograma\u00e7\u00f5es mentais baseados na \u201cLei da Atra\u00e7\u00e3o\u201d.<br \/>\nO que voc\u00ea deseja conquistar? Um emprego melhor? A casa dos seus sonhos? As melhores Roupas? Ou dinheiro ilimitado? Tudo isto j\u00e1 \u00e9 seu e te pertence. Voc\u00ea precisa apenas tomar posse.<\/p>\n<h2 style=\"text-align: justify;\"><span style=\"color: #000080;\"><a href=\"https:\/\/forms.gle\/m3adDSPFeM6roCSM6\"><img loading=\"lazy\" decoding=\"async\" class=\"alignleft size-thumbnail wp-image-7129\" src=\"http:\/\/marigeuer.com\/equilibrio\/wp-content\/uploads\/2014\/09\/enfim-emagreci-150x150.jpg\" alt=\"\" width=\"150\" height=\"150\" srcset=\"https:\/\/marigeuer.com\/equilibrio\/wp-content\/uploads\/2014\/09\/enfim-emagreci-150x150.jpg 150w, https:\/\/marigeuer.com\/equilibrio\/wp-content\/uploads\/2014\/09\/enfim-emagreci-300x300.jpg 300w, https:\/\/marigeuer.com\/equilibrio\/wp-content\/uploads\/2014\/09\/enfim-emagreci-768x768.jpg 768w, https:\/\/marigeuer.com\/equilibrio\/wp-content\/uploads\/2014\/09\/enfim-emagreci-1024x1024.jpg 1024w, https:\/\/marigeuer.com\/equilibrio\/wp-content\/uploads\/2014\/09\/enfim-emagreci-940x940.jpg 940w, https:\/\/marigeuer.com\/equilibrio\/wp-content\/uploads\/2014\/09\/enfim-emagreci.jpg 1134w\" sizes=\"auto, (max-width: 150px) 100vw, 150px\" \/><\/a>Enfim, Emagreci &#8211; Emagre\u00e7a em 8 Semana<\/span><\/h2>\n<p style=\"text-align: justify;\"><b>Esque\u00e7a tudo o que voc\u00ea j\u00e1 ouviu sobre emagrecimento!<\/b><br \/>\nSejamos sinceros: A obesidade ou a compuls\u00e3o alimentar est\u00e1 em 90% dos casos relacionada com a sua atitude mental, com a sua condi\u00e7\u00e3o emocional. \u00c9 esta condi\u00e7\u00e3o emocional que garantir\u00e1 para ti a manuten\u00e7\u00e3o de h\u00e1bitos saud\u00e1veis e evitar\u00e1 que voc\u00ea caia novamente na compuls\u00e3o alimentar. Pare de sofrer e de ficar buscando m\u00e9todos e receitas milagrosas para emagrecer..<\/p>\n<p style=\"text-align: justify;\"><span style=\"line-height: 1.5;\">S\u00e3o 8 \u00e1udios, gravados pelo Chris Allmeida, com aproximadamente 30 minutos de dura\u00e7\u00e3o cada.<\/span>Para obter os melhores resultados com este fant\u00e1stico programa de hipnose para emagrecimento, cada \u00e1udio dever\u00e1 ser ouvido 1 vez por dia ao longo da semana correspondente.<br \/>\nConfira:<\/p>\n<ul>\n<li style=\"text-align: justify;\">1\u00ba Semana &#8211; Modificando Cren\u00e7as<\/li>\n<li style=\"text-align: justify;\">2\u00b0 Semana &#8211; Modificando H\u00e1bitos<\/li>\n<li style=\"text-align: justify;\">3\u00b0 Semana &#8211; Reeduca\u00e7\u00e3o Alimentar<\/li>\n<li style=\"text-align: justify;\">4\u00b0 Semana &#8211; Disposi\u00e7\u00e3o e Energia<\/li>\n<li style=\"text-align: justify;\">5\u00ba Semana &#8211; Eliminando Traumas<\/li>\n<li style=\"text-align: justify;\">6\u00b0 Semana &#8211; AutoEstima<\/li>\n<li style=\"text-align: justify;\">7\u00b0 Semana &#8211; Dar mais um passo<\/li>\n<li style=\"text-align: justify;\">8\u00b0 Semana &#8211; Conquistando a Disciplina<\/li>\n<\/ul>\n<h2 style=\"text-align: justify;\"><span style=\"color: #000080;\">Desenvolvendo a Autoconfian\u00e7a<\/span><\/h2>\n<p style=\"text-align: justify;\"><b>A Autoconfian\u00e7a \u00e9 a base para o sucesso pessoal.<\/b><br \/>\nPessoas que acreditam nelas mesmas est\u00e3o mais propensas a arriscar e conquistar seus objetivos. J\u00e1 o indiv\u00edduo inseguro espera que os ventos sejam mais favor\u00e1veis, que as condi\u00e7\u00f5es seja mais adequadas, que o momento seja mais oportuno\u2026\u00a0O pr\u00f3ximo passo <b>para manifestar sua autoconfian\u00e7a \u00e9 <span style=\"text-decoration: underline;\">trabalhar seus conte\u00fados mentais negativos<\/span><\/b>.<\/p>\n<h2><span style=\"color: #000080;\">Potencia Masculina<\/span><\/h2>\n<p style=\"text-align: justify;\">Para homens! Melhore o seu desempenho na cama sem fazer uso de medicamentos ou drogas de efeito imediato, mas que trar\u00e3o preju\u00edzos ao longo do tempo para sua sa\u00fade. Um pacote completo para elevar o seu desempenho sexual ao n\u00edvel m\u00e1ximo.<\/p>\n<h3 style=\"text-align: justify;\">Conhe\u00e7a outras\u00a0<em>Reprograma\u00e7\u00f5es Mentais<\/em>\u00a0que v\u00e3o auxiliar voc\u00ea:<\/h3>\n<ul>\n<li>Como Eliminar o Stress e Fadiga \u2013 Faxina Mental<\/li>\n<li>Como Emagrecer<\/li>\n<li>Como Superar a Timidez<\/li>\n<li>Como Superar o Medo de Dirigir<\/li>\n<li>Como ter Sucesso em Exames de Vestibulares e Concursos<\/li>\n<li>Como prosperar e obter uma mente milion\u00e1ria<\/li>\n<li>Autoconfian\u00e7a para falar em p\u00fablico<\/li>\n<li>Curso de Telepsiquismo<\/li>\n<li>Abrindo as Portas da Criatividade<\/li>\n<li>Fortalecimento da Capacidade de Concentra\u00e7\u00e3o<\/li>\n<li>Viagem Interior<\/li>\n<li>Lei da Atra\u00e7\u00e3o \u2013 realize os seus sonhos<\/li>\n<li>Acabe com a Autosabotagem\u00a0e muito mais<\/li>\n<\/ul>\n<h2>Mapa Numerologico Pessoal<\/h2>\n<p>Voc\u00ea j\u00e1 se perguntou:\u00a0Quem sou eu? De onde vim? O que estou fazendo aqui e para onde vou depois da morte?\u00a0Pois \u00e9, estas d\u00favidas o ser humano sempre procurou as respostas, sempre buscou saber de sua origem e de sua ess\u00eancia. \u00c9 o conhecer-se a si mesmo, o autoconhecimento.\u00a0Atrav\u00e9s do mapa de numerologia, voc\u00ea conseguir\u00e1 n\u00e3o s\u00f3 saber as respostas a essas indaga\u00e7\u00f5es, como muitas outras; \u00a0<a title=\"Mapa Pessoal\" href=\"http:\/\/marigeuer.com\/equilibrio\/numerologia-cabalistica\/numerologia-cabalistica-mapa-pessoal\/\" target=\"_blank\" rel=\"noopener noreferrer\">\u00a0CLIQUE AQUI\u00a0<\/a><\/p>\n<div class=\"grid__item small--one-half medium-up--one-third\"><\/div>\n<h1><\/h1>\n","protected":false},"excerpt":{"rendered":"<p>Conhe\u00e7a LOJA DA MENTE a nossa Loja Virtual: \u00a0Produtos Digitais para Atrair a Prosperidade, a Abund\u00e2ncia, Relacionamentos e &#8230; <a class=\"more-link\" href=\"https:\/\/marigeuer.com\/equilibrio\/loja-da-mente\/\">Read More &raquo;<\/a><\/p>\n","protected":false},"author":2,"featured_media":0,"parent":0,"menu_order":0,"comment_status":"open","ping_status":"open","template":"","meta":{"sfsi_plus_gutenberg_text_before_share":"","sfsi_plus_gutenberg_show_text_before_share":"","sfsi_plus_gutenberg_icon_type":"","sfsi_plus_gutenberg_icon_alignemt":"","sfsi_plus_gutenburg_max_per_row":"","footnotes":""},"class_list":["post-5258","page","type-page","status-publish","hentry"],"yoast_head":"<!-- This site is optimized with the Yoast SEO plugin v27.2 - https:\/\/yoast.com\/product\/yoast-seo-wordpress\/ -->\n<title>Loja da Mente - Sua Hipnose Online - Equil\u00edbrio Interior e Bem-Estar<\/title>\n<meta name=\"description\" content=\"Conhe\u00e7a LOJA DA MENTE a nossa Loja Virtual: Produtos Digitais para Atrair a Prosperidade, a Abundancia,\u00a0Relacionamentos e uma Vida Saud\u00e1vel\" \/>\n<meta name=\"robots\" content=\"index, nofollow, max-snippet:-1, max-image-preview:large, max-video-preview:-1\" \/>\n<link rel=\"canonical\" href=\"https:\/\/marigeuer.com\/equilibrio\/loja-da-mente\/\" \/>\n<meta property=\"og:locale\" content=\"pt_PT\" \/>\n<meta property=\"og:type\" content=\"article\" \/>\n<meta property=\"og:title\" content=\"Loja da Mente\" \/>\n<meta property=\"og:description\" content=\"Conhe\u00e7a LOJA DA MENTE a nossa Loja Virtual: Produtos Digitais para Atrair a Prosperidade, a Abundancia,\u00a0Relacionamentos e uma Vida Saud\u00e1vel\" \/>\n<meta property=\"og:url\" content=\"https:\/\/marigeuer.com\/equilibrio\/loja-da-mente\/\" \/>\n<meta property=\"og:site_name\" content=\"Equil\u00edbrio Interior e Bem-Estar\" \/>\n<meta property=\"article:modified_time\" content=\"2022-05-30T11:52:31+00:00\" \/>\n<meta property=\"og:image\" content=\"http:\/\/marigeuer.com\/equilibrio\/wp-content\/uploads\/2014\/09\/LOJA-DA-MENTE_180x.png\" \/>\n<meta name=\"twitter:card\" content=\"summary_large_image\" \/>\n<meta name=\"twitter:label1\" content=\"Tempo estimado de leitura\" \/>\n\t<meta name=\"twitter:data1\" content=\"3 minutos\" \/>\n<script type=\"application\/ld+json\" class=\"yoast-schema-graph\">{\"@context\":\"https:\/\/schema.org\",\"@graph\":[{\"@type\":\"WebPage\",\"@id\":\"https:\/\/marigeuer.com\/equilibrio\/loja-da-mente\/\",\"url\":\"https:\/\/marigeuer.com\/equilibrio\/loja-da-mente\/\",\"name\":\"Loja da Mente - Sua Hipnose Online - Equil\u00edbrio Interior e Bem-Estar\",\"isPartOf\":{\"@id\":\"https:\/\/marigeuer.com\/equilibrio\/#website\"},\"primaryImageOfPage\":{\"@id\":\"https:\/\/marigeuer.com\/equilibrio\/loja-da-mente\/#primaryimage\"},\"image\":{\"@id\":\"https:\/\/marigeuer.com\/equilibrio\/loja-da-mente\/#primaryimage\"},\"thumbnailUrl\":\"http:\/\/marigeuer.com\/equilibrio\/wp-content\/uploads\/2014\/09\/enfim-emagreci-150x150.jpg\",\"datePublished\":\"2014-09-10T15:09:39+00:00\",\"dateModified\":\"2022-05-30T11:52:31+00:00\",\"description\":\"Conhe\u00e7a LOJA DA MENTE a nossa Loja Virtual: Produtos Digitais para Atrair a Prosperidade, a Abundancia,\u00a0Relacionamentos e uma Vida Saud\u00e1vel\",\"breadcrumb\":{\"@id\":\"https:\/\/marigeuer.com\/equilibrio\/loja-da-mente\/#breadcrumb\"},\"inLanguage\":\"pt-PT\",\"potentialAction\":[{\"@type\":\"ReadAction\",\"target\":[\"https:\/\/marigeuer.com\/equilibrio\/loja-da-mente\/\"]}]},{\"@type\":\"ImageObject\",\"inLanguage\":\"pt-PT\",\"@id\":\"https:\/\/marigeuer.com\/equilibrio\/loja-da-mente\/#primaryimage\",\"url\":\"http:\/\/marigeuer.com\/equilibrio\/wp-content\/uploads\/2014\/09\/enfim-emagreci-150x150.jpg\",\"contentUrl\":\"http:\/\/marigeuer.com\/equilibrio\/wp-content\/uploads\/2014\/09\/enfim-emagreci-150x150.jpg\"},{\"@type\":\"BreadcrumbList\",\"@id\":\"https:\/\/marigeuer.com\/equilibrio\/loja-da-mente\/#breadcrumb\",\"itemListElement\":[{\"@type\":\"ListItem\",\"position\":1,\"name\":\"In\u00edcio\",\"item\":\"https:\/\/marigeuer.com\/equilibrio\/\"},{\"@type\":\"ListItem\",\"position\":2,\"name\":\"Loja da Mente &#8211; Sua Hipnose Online\"}]},{\"@type\":\"WebSite\",\"@id\":\"https:\/\/marigeuer.com\/equilibrio\/#website\",\"url\":\"https:\/\/marigeuer.com\/equilibrio\/\",\"name\":\"Equil\u00edbrio Interior e Bem-Estar\",\"description\":\"Pr\u00e1ticas de Transforma\u00e7\u00f5es para voc\u00ea | Mari Geuer\",\"potentialAction\":[{\"@type\":\"SearchAction\",\"target\":{\"@type\":\"EntryPoint\",\"urlTemplate\":\"https:\/\/marigeuer.com\/equilibrio\/?s={search_term_string}\"},\"query-input\":{\"@type\":\"PropertyValueSpecification\",\"valueRequired\":true,\"valueName\":\"search_term_string\"}}],\"inLanguage\":\"pt-PT\"}]}<\/script>\n<!-- \/ Yoast SEO plugin. -->","yoast_head_json":{"title":"Loja da Mente - Sua Hipnose Online - Equil\u00edbrio Interior e Bem-Estar","description":"Conhe\u00e7a LOJA DA MENTE a nossa Loja Virtual: Produtos Digitais para Atrair a Prosperidade, a Abundancia,\u00a0Relacionamentos e uma Vida Saud\u00e1vel","robots":{"index":"index","follow":"nofollow","max-snippet":"max-snippet:-1","max-image-preview":"max-image-preview:large","max-video-preview":"max-video-preview:-1"},"canonical":"https:\/\/marigeuer.com\/equilibrio\/loja-da-mente\/","og_locale":"pt_PT","og_type":"article","og_title":"Loja da Mente","og_description":"Conhe\u00e7a LOJA DA MENTE a nossa Loja Virtual: Produtos Digitais para Atrair a Prosperidade, a Abundancia,\u00a0Relacionamentos e uma Vida Saud\u00e1vel","og_url":"https:\/\/marigeuer.com\/equilibrio\/loja-da-mente\/","og_site_name":"Equil\u00edbrio Interior e Bem-Estar","article_modified_time":"2022-05-30T11:52:31+00:00","og_image":[{"url":"http:\/\/marigeuer.com\/equilibrio\/wp-content\/uploads\/2014\/09\/LOJA-DA-MENTE_180x.png","type":"","width":"","height":""}],"twitter_card":"summary_large_image","twitter_misc":{"Tempo estimado de leitura":"3 minutos"},"schema":{"@context":"https:\/\/schema.org","@graph":[{"@type":"WebPage","@id":"https:\/\/marigeuer.com\/equilibrio\/loja-da-mente\/","url":"https:\/\/marigeuer.com\/equilibrio\/loja-da-mente\/","name":"Loja da Mente - Sua Hipnose Online - Equil\u00edbrio Interior e Bem-Estar","isPartOf":{"@id":"https:\/\/marigeuer.com\/equilibrio\/#website"},"primaryImageOfPage":{"@id":"https:\/\/marigeuer.com\/equilibrio\/loja-da-mente\/#primaryimage"},"image":{"@id":"https:\/\/marigeuer.com\/equilibrio\/loja-da-mente\/#primaryimage"},"thumbnailUrl":"http:\/\/marigeuer.com\/equilibrio\/wp-content\/uploads\/2014\/09\/enfim-emagreci-150x150.jpg","datePublished":"2014-09-10T15:09:39+00:00","dateModified":"2022-05-30T11:52:31+00:00","description":"Conhe\u00e7a LOJA DA MENTE a nossa Loja Virtual: Produtos Digitais para Atrair a Prosperidade, a Abundancia,\u00a0Relacionamentos e uma Vida Saud\u00e1vel","breadcrumb":{"@id":"https:\/\/marigeuer.com\/equilibrio\/loja-da-mente\/#breadcrumb"},"inLanguage":"pt-PT","potentialAction":[{"@type":"ReadAction","target":["https:\/\/marigeuer.com\/equilibrio\/loja-da-mente\/"]}]},{"@type":"ImageObject","inLanguage":"pt-PT","@id":"https:\/\/marigeuer.com\/equilibrio\/loja-da-mente\/#primaryimage","url":"http:\/\/marigeuer.com\/equilibrio\/wp-content\/uploads\/2014\/09\/enfim-emagreci-150x150.jpg","contentUrl":"http:\/\/marigeuer.com\/equilibrio\/wp-content\/uploads\/2014\/09\/enfim-emagreci-150x150.jpg"},{"@type":"BreadcrumbList","@id":"https:\/\/marigeuer.com\/equilibrio\/loja-da-mente\/#breadcrumb","itemListElement":[{"@type":"ListItem","position":1,"name":"In\u00edcio","item":"https:\/\/marigeuer.com\/equilibrio\/"},{"@type":"ListItem","position":2,"name":"Loja da Mente &#8211; Sua Hipnose Online"}]},{"@type":"WebSite","@id":"https:\/\/marigeuer.com\/equilibrio\/#website","url":"https:\/\/marigeuer.com\/equilibrio\/","name":"Equil\u00edbrio Interior e Bem-Estar","description":"Pr\u00e1ticas de Transforma\u00e7\u00f5es para voc\u00ea | Mari Geuer","potentialAction":[{"@type":"SearchAction","target":{"@type":"EntryPoint","urlTemplate":"https:\/\/marigeuer.com\/equilibrio\/?s={search_term_string}"},"query-input":{"@type":"PropertyValueSpecification","valueRequired":true,"valueName":"search_term_string"}}],"inLanguage":"pt-PT"}]}},"_links":{"self":[{"href":"https:\/\/marigeuer.com\/equilibrio\/wp-json\/wp\/v2\/pages\/5258","targetHints":{"allow":["GET"]}}],"collection":[{"href":"https:\/\/marigeuer.com\/equilibrio\/wp-json\/wp\/v2\/pages"}],"about":[{"href":"https:\/\/marigeuer.com\/equilibrio\/wp-json\/wp\/v2\/types\/page"}],"author":[{"embeddable":true,"href":"https:\/\/marigeuer.com\/equilibrio\/wp-json\/wp\/v2\/users\/2"}],"replies":[{"embeddable":true,"href":"https:\/\/marigeuer.com\/equilibrio\/wp-json\/wp\/v2\/comments?post=5258"}],"version-history":[{"count":35,"href":"https:\/\/marigeuer.com\/equilibrio\/wp-json\/wp\/v2\/pages\/5258\/revisions"}],"predecessor-version":[{"id":8638,"href":"https:\/\/marigeuer.com\/equilibrio\/wp-json\/wp\/v2\/pages\/5258\/revisions\/8638"}],"wp:attachment":[{"href":"https:\/\/marigeuer.com\/equilibrio\/wp-json\/wp\/v2\/media?parent=5258"}],"curies":[{"name":"wp","href":"https:\/\/api.w.org\/{rel}","templated":true}]}}