{"id":6278,"date":"2017-01-17T09:52:55","date_gmt":"2017-01-17T12:52:55","guid":{"rendered":"http:\/\/marigeuer.com\/equilibrio\/?page_id=6278"},"modified":"2017-04-27T17:46:22","modified_gmt":"2017-04-27T20:46:22","slug":"palestras-cursos-vivencias","status":"publish","type":"page","link":"https:\/\/marigeuer.com\/equilibrio\/palestras-cursos-vivencias\/","title":{"rendered":"Palestras | Cursos | Vivencias"},"content":{"rendered":"<h3><span style=\"color: #ff6600;\"><strong>PALESTRA &#8211; SUA CASA \u00c9 O SEU REFLEXO<\/strong><\/span><\/h3>\n<p>Saiba porque sua casa reflete aquilo que voc\u00ea est\u00e1 vivendo neste momento em sua vida. Voc\u00ea \u00e9 um acumulador de objetos, deixa suas coisas espalhadas pela casa? Ou voc\u00ea \u00e9 aquele que gosta de deixar tudo muito organizado e arrumado ao extremo? Saiba como isso tudo afeta positivo e negativamente em sua casa e na sua vida<\/p>\n<p><strong>Publico-alvo<\/strong>: Para todas as pessoas interessadas em \u00a0equilibrar e harmonizar sua vida, sua casa e seu ambiente de trabalho.<\/p>\n<p><strong>Dura\u00e7\u00e3o da Palestra<\/strong>: 1h<\/p>\n<p>&nbsp;<\/p>\n<p>&nbsp;<\/p>\n<h3><span style=\"color: #ff6600;\"><strong>EDUCA\u00c7\u00c3O FINANCEIRA<\/strong><\/span><\/h3>\n<h3><span style=\"color: #ff6600;\"><strong><strong>UMA FERRAMENTA IMPORTANTE QUE PODE MUDAR A SUA VIDA<\/strong><\/strong><\/span><\/h3>\n<p>Essa palestra mostra como a Educa\u00e7\u00e3o Financeira \u00e9 vista, qual a sua import\u00e2ncia e porque ela pode realmente fazer muita diferen\u00e7a na vida das pessoas.\u00a0Uma administra\u00e7\u00e3o financeira eficiente \u00e9 capaz de proporcionar estabilidade nos relacionamentos, melhor qualidade de vida e, especialmente, a realiza\u00e7\u00e3o de sonhos. A partir de uma abordagem comportamental do tema, esta palestra oferece motiva\u00e7\u00e3o e t\u00e9cnica para que as pessoas possam reavaliar sua rela\u00e7\u00e3o com o dinheiro e encontrar, por m\u00e9ritos pr\u00f3prios, os caminhos para sua independ\u00eancia financeira.<\/p>\n<p><strong>Publico-alvo<\/strong>: Para todas as pessoas interessadas em educa\u00e7\u00e3o financeira e em equilibrar suas finan\u00e7as<\/p>\n<p><strong>Dura\u00e7\u00e3o da Palestra<\/strong>: 1h<\/p>\n<h3><span style=\"color: #ff6600;\"><strong>COMO SAIR DAS D\u00cdVIDAS<\/strong><\/span><\/h3>\n<p>D\u00edvidas trazem s\u00e9rios problemas, principalmente nas \u00e1reas familiar e profissional.<\/p>\n<p>Nesta palestra s\u00e3o ensinadas t\u00e9cnicas de negocia\u00e7\u00e3o para sair da situa\u00e7\u00e3o do endividamento. Com essas t\u00e9cnicas o participante aprender\u00e1 a retomar o controle de sua vida financeira e melhorar sua qualidade de vida e rela\u00e7\u00f5es no dia a dia.<\/p>\n<p><strong>Publico-alvo<\/strong>: Para todas as pessoas interessadas em educa\u00e7\u00e3o financeira, que querem aprender a planejar e organizar suas receitas e d\u00edvidas de maneira sustent\u00e1vel.<\/p>\n<div>\n<p><strong>Dura\u00e7\u00e3o da Palestra<\/strong>: 1h<\/p>\n<h3><\/h3>\n<h3><span style=\"color: #ff6600;\"><strong>REALIZE SEUS SONHOS COM O PODER MENTAL<\/strong><\/span><\/h3>\n<p>O passo-a-passo de metas bem elaboradas e os segredos da sua for\u00e7a mental no processo da realiza\u00e7\u00e3o de seus projetos.<\/p>\n<\/div>\n<div>\n<p><strong>Publico-alvo<\/strong>: Para todas as pessoas interessadas em educa\u00e7\u00e3o financeira e em equilibrar suas finan\u00e7as<\/p>\n<p><strong>Dura\u00e7\u00e3o da Palestra<\/strong>: 1h<\/p>\n<p><strong>Workshop \u2013 dura\u00e7\u00e3o<\/strong>:16h (4\u00a0encontros)<\/p>\n<h3><\/h3>\n<p>&nbsp;<\/p>\n<h3><span style=\"color: #ff6600;\">WORKSHOP ORGANIZE SUA CASA COM O \u00a0FENG SHUI<\/span><\/h3>\n<p><strong>Ch\u00e1 da Tarde com Feng Shui<\/strong><\/p>\n<p>Este \u00e9 um encontro descontra\u00eddo, onde reunimos alguns amigos para um bate papo\u00a0sobre o Feng Shui.<\/p>\n<p>Falaremos sobre o conceito do Feng Shui, dicas para harmonizar e equilibrar o seu lar com felicidade, prosperidade, sa\u00fade, amor e sucesso.<\/p>\n<p>Nesta reuni\u00e3o solicitamos que cada um do participante traga a planta baixa (ou um esbo\u00e7o) da sua casa que vamos desenhar o bagu\u00e1 dentro da planta para mostrar onde fica cada \u00e1rea do bagu\u00e1 e o que pode ser feito para cada caso.<\/p>\n<p><strong>No Espa\u00e7o Equilibrio Interior<\/strong><\/p>\n<p><strong>4 horas<\/strong> \u2013 Minimo de 5 pessoas<\/p>\n<p><strong>Valor <\/strong>por pessoa R$ 75,00<\/p>\n<p><strong>Inclui:<\/strong> apostila e o ccha da tarde<\/p>\n<p><strong>Hor\u00e1rio<\/strong>: das 13h30 \u2013 17h30<\/p>\n<h4><strong>No seu condominio, empresa, comunidade:\u00a0<\/strong><\/h4>\n<p><strong>O espa\u00e7o ou grupo de amigos se responsabiliza pelo ch\u00e1 da tarde!<\/strong><\/p>\n<p><strong>4 horas<\/strong> \u2013 Minimo de 5 pessoas<\/p>\n<p><strong>Inclui:<\/strong> apostila e o ccha da tarde<\/p>\n<p><strong>Hor\u00e1rio<\/strong>: das 13h30 \u2013 17h30<\/p>\n<p>Necess\u00e1rias mesas de apoio para as plantas de cada participante<\/p>\n<p>Pode ser uma tarde durante a semana ou at\u00e9 mesmo no s\u00e1bado.<\/p>\n<p>&nbsp;<\/p>\n<h3><span style=\"color: #ff6600;\"><strong>CURSO LIVRE DE FENG SHUI | Iniciantes<\/strong><\/span><\/h3>\n<p>O Curso inclui:<\/p>\n<ul>\n<li>O que \u00e9 Feng Shui? Conceitos<\/li>\n<li>Como aplicar o Feng Shui para harmoniza\u00e7\u00e3o de ambientes<\/li>\n<li>Bagu\u00e1 e sua aplica\u00e7\u00e3o na planta<\/li>\n<li>Os cinco elementos<\/li>\n<li>Chi<\/li>\n<li>Yin Yang<\/li>\n<li>As cores<\/li>\n<li>Objetos utilizados para curas de ambientes<\/li>\n<li>Curas<\/li>\n<\/ul>\n<p><strong>Carga Hor\u00e1ria<\/strong> : <strong><span style=\"color: #ff6600;\">14 horas (intensivo)\u00a0<\/span><\/strong><\/p>\n<p><strong>Valor : R$\u00a0350,00<\/strong><\/p>\n<p><strong>Inclui:<\/strong> apostila, certificado<\/p>\n<h2 style=\"text-align: center;\"><strong><span style=\"color: #ff9900;\">Agende uma palestra ou workshop em sua comunidade, condominio, escola, empresa, grupo de amigas<\/span><\/strong><\/h2>\n<h3 style=\"text-align: center;\">contato &#8211; Mari Geuer<\/h3>\n<h3 style=\"text-align: center;\">f. 19 &#8211; 99214.6726<\/h3>\n<h3 style=\"text-align: center;\">contato@marigeuer.com<\/h3>\n<\/div>\n","protected":false},"excerpt":{"rendered":"<p>PALESTRA &#8211; SUA CASA \u00c9 O SEU REFLEXO Saiba porque sua casa reflete aquilo que voc\u00ea est\u00e1 vivendo &#8230; <a class=\"more-link\" href=\"https:\/\/marigeuer.com\/equilibrio\/palestras-cursos-vivencias\/\">Read More &raquo;<\/a><\/p>\n","protected":false},"author":2,"featured_media":6279,"parent":0,"menu_order":0,"comment_status":"closed","ping_status":"closed","template":"","meta":{"sfsi_plus_gutenberg_text_before_share":"","sfsi_plus_gutenberg_show_text_before_share":"","sfsi_plus_gutenberg_icon_type":"","sfsi_plus_gutenberg_icon_alignemt":"","sfsi_plus_gutenburg_max_per_row":"","footnotes":""},"class_list":["post-6278","page","type-page","status-publish","has-post-thumbnail","hentry"],"yoast_head":"<!-- This site is optimized with the Yoast SEO plugin v27.2 - https:\/\/yoast.com\/product\/yoast-seo-wordpress\/ -->\n<title>Palestras | Cursos | Vivencias - Equil\u00edbrio Interior e Bem-Estar<\/title>\n<meta name=\"robots\" content=\"index, follow, max-snippet:-1, max-image-preview:large, max-video-preview:-1\" \/>\n<link rel=\"canonical\" href=\"https:\/\/marigeuer.com\/equilibrio\/palestras-cursos-vivencias\/\" \/>\n<meta property=\"og:locale\" content=\"pt_PT\" \/>\n<meta property=\"og:type\" content=\"article\" \/>\n<meta property=\"og:title\" content=\"Palestras | Cursos | Vivencias - Equil\u00edbrio Interior e Bem-Estar\" \/>\n<meta property=\"og:description\" content=\"PALESTRA &#8211; SUA CASA \u00c9 O SEU REFLEXO Saiba porque sua casa reflete aquilo que voc\u00ea est\u00e1 vivendo ... Read More &raquo;\" \/>\n<meta property=\"og:url\" content=\"https:\/\/marigeuer.com\/equilibrio\/palestras-cursos-vivencias\/\" \/>\n<meta property=\"og:site_name\" content=\"Equil\u00edbrio Interior e Bem-Estar\" \/>\n<meta property=\"article:modified_time\" content=\"2017-04-27T20:46:22+00:00\" \/>\n<meta property=\"og:image\" content=\"https:\/\/marigeuer.com\/equilibrio\/wp-content\/uploads\/2017\/01\/palestra-e1484657522240.jpg\" \/>\n\t<meta property=\"og:image:width\" content=\"250\" \/>\n\t<meta property=\"og:image:height\" content=\"177\" \/>\n\t<meta property=\"og:image:type\" content=\"image\/jpeg\" \/>\n<meta name=\"twitter:card\" content=\"summary_large_image\" \/>\n<meta name=\"twitter:label1\" content=\"Tempo estimado de leitura\" \/>\n\t<meta name=\"twitter:data1\" content=\"3 minutos\" \/>\n<script type=\"application\/ld+json\" class=\"yoast-schema-graph\">{\"@context\":\"https:\/\/schema.org\",\"@graph\":[{\"@type\":\"WebPage\",\"@id\":\"https:\/\/marigeuer.com\/equilibrio\/palestras-cursos-vivencias\/\",\"url\":\"https:\/\/marigeuer.com\/equilibrio\/palestras-cursos-vivencias\/\",\"name\":\"Palestras | Cursos | Vivencias - Equil\u00edbrio Interior e Bem-Estar\",\"isPartOf\":{\"@id\":\"https:\/\/marigeuer.com\/equilibrio\/#website\"},\"primaryImageOfPage\":{\"@id\":\"https:\/\/marigeuer.com\/equilibrio\/palestras-cursos-vivencias\/#primaryimage\"},\"image\":{\"@id\":\"https:\/\/marigeuer.com\/equilibrio\/palestras-cursos-vivencias\/#primaryimage\"},\"thumbnailUrl\":\"https:\/\/marigeuer.com\/equilibrio\/wp-content\/uploads\/2017\/01\/palestra-e1484657522240.jpg\",\"datePublished\":\"2017-01-17T12:52:55+00:00\",\"dateModified\":\"2017-04-27T20:46:22+00:00\",\"breadcrumb\":{\"@id\":\"https:\/\/marigeuer.com\/equilibrio\/palestras-cursos-vivencias\/#breadcrumb\"},\"inLanguage\":\"pt-PT\",\"potentialAction\":[{\"@type\":\"ReadAction\",\"target\":[\"https:\/\/marigeuer.com\/equilibrio\/palestras-cursos-vivencias\/\"]}]},{\"@type\":\"ImageObject\",\"inLanguage\":\"pt-PT\",\"@id\":\"https:\/\/marigeuer.com\/equilibrio\/palestras-cursos-vivencias\/#primaryimage\",\"url\":\"https:\/\/marigeuer.com\/equilibrio\/wp-content\/uploads\/2017\/01\/palestra-e1484657522240.jpg\",\"contentUrl\":\"https:\/\/marigeuer.com\/equilibrio\/wp-content\/uploads\/2017\/01\/palestra-e1484657522240.jpg\",\"width\":250,\"height\":177,\"caption\":\"Executives Sitting in Seminar, Woman Standing Facing Group, Gesturing to Screen --- Image by \u00a9 Eric Audras\/PhotoAlto\/Corbis\"},{\"@type\":\"BreadcrumbList\",\"@id\":\"https:\/\/marigeuer.com\/equilibrio\/palestras-cursos-vivencias\/#breadcrumb\",\"itemListElement\":[{\"@type\":\"ListItem\",\"position\":1,\"name\":\"In\u00edcio\",\"item\":\"https:\/\/marigeuer.com\/equilibrio\/\"},{\"@type\":\"ListItem\",\"position\":2,\"name\":\"Palestras | Cursos | Vivencias\"}]},{\"@type\":\"WebSite\",\"@id\":\"https:\/\/marigeuer.com\/equilibrio\/#website\",\"url\":\"https:\/\/marigeuer.com\/equilibrio\/\",\"name\":\"Equil\u00edbrio Interior e Bem-Estar\",\"description\":\"Pr\u00e1ticas de Transforma\u00e7\u00f5es para voc\u00ea | Mari Geuer\",\"potentialAction\":[{\"@type\":\"SearchAction\",\"target\":{\"@type\":\"EntryPoint\",\"urlTemplate\":\"https:\/\/marigeuer.com\/equilibrio\/?s={search_term_string}\"},\"query-input\":{\"@type\":\"PropertyValueSpecification\",\"valueRequired\":true,\"valueName\":\"search_term_string\"}}],\"inLanguage\":\"pt-PT\"}]}<\/script>\n<!-- \/ Yoast SEO plugin. -->","yoast_head_json":{"title":"Palestras | Cursos | Vivencias - Equil\u00edbrio Interior e Bem-Estar","robots":{"index":"index","follow":"follow","max-snippet":"max-snippet:-1","max-image-preview":"max-image-preview:large","max-video-preview":"max-video-preview:-1"},"canonical":"https:\/\/marigeuer.com\/equilibrio\/palestras-cursos-vivencias\/","og_locale":"pt_PT","og_type":"article","og_title":"Palestras | Cursos | Vivencias - Equil\u00edbrio Interior e Bem-Estar","og_description":"PALESTRA &#8211; SUA CASA \u00c9 O SEU REFLEXO Saiba porque sua casa reflete aquilo que voc\u00ea est\u00e1 vivendo ... Read More &raquo;","og_url":"https:\/\/marigeuer.com\/equilibrio\/palestras-cursos-vivencias\/","og_site_name":"Equil\u00edbrio Interior e Bem-Estar","article_modified_time":"2017-04-27T20:46:22+00:00","og_image":[{"width":250,"height":177,"url":"https:\/\/marigeuer.com\/equilibrio\/wp-content\/uploads\/2017\/01\/palestra-e1484657522240.jpg","type":"image\/jpeg"}],"twitter_card":"summary_large_image","twitter_misc":{"Tempo estimado de leitura":"3 minutos"},"schema":{"@context":"https:\/\/schema.org","@graph":[{"@type":"WebPage","@id":"https:\/\/marigeuer.com\/equilibrio\/palestras-cursos-vivencias\/","url":"https:\/\/marigeuer.com\/equilibrio\/palestras-cursos-vivencias\/","name":"Palestras | Cursos | Vivencias - Equil\u00edbrio Interior e Bem-Estar","isPartOf":{"@id":"https:\/\/marigeuer.com\/equilibrio\/#website"},"primaryImageOfPage":{"@id":"https:\/\/marigeuer.com\/equilibrio\/palestras-cursos-vivencias\/#primaryimage"},"image":{"@id":"https:\/\/marigeuer.com\/equilibrio\/palestras-cursos-vivencias\/#primaryimage"},"thumbnailUrl":"https:\/\/marigeuer.com\/equilibrio\/wp-content\/uploads\/2017\/01\/palestra-e1484657522240.jpg","datePublished":"2017-01-17T12:52:55+00:00","dateModified":"2017-04-27T20:46:22+00:00","breadcrumb":{"@id":"https:\/\/marigeuer.com\/equilibrio\/palestras-cursos-vivencias\/#breadcrumb"},"inLanguage":"pt-PT","potentialAction":[{"@type":"ReadAction","target":["https:\/\/marigeuer.com\/equilibrio\/palestras-cursos-vivencias\/"]}]},{"@type":"ImageObject","inLanguage":"pt-PT","@id":"https:\/\/marigeuer.com\/equilibrio\/palestras-cursos-vivencias\/#primaryimage","url":"https:\/\/marigeuer.com\/equilibrio\/wp-content\/uploads\/2017\/01\/palestra-e1484657522240.jpg","contentUrl":"https:\/\/marigeuer.com\/equilibrio\/wp-content\/uploads\/2017\/01\/palestra-e1484657522240.jpg","width":250,"height":177,"caption":"Executives Sitting in Seminar, Woman Standing Facing Group, Gesturing to Screen --- Image by \u00a9 Eric Audras\/PhotoAlto\/Corbis"},{"@type":"BreadcrumbList","@id":"https:\/\/marigeuer.com\/equilibrio\/palestras-cursos-vivencias\/#breadcrumb","itemListElement":[{"@type":"ListItem","position":1,"name":"In\u00edcio","item":"https:\/\/marigeuer.com\/equilibrio\/"},{"@type":"ListItem","position":2,"name":"Palestras | Cursos | Vivencias"}]},{"@type":"WebSite","@id":"https:\/\/marigeuer.com\/equilibrio\/#website","url":"https:\/\/marigeuer.com\/equilibrio\/","name":"Equil\u00edbrio Interior e Bem-Estar","description":"Pr\u00e1ticas de Transforma\u00e7\u00f5es para voc\u00ea | Mari Geuer","potentialAction":[{"@type":"SearchAction","target":{"@type":"EntryPoint","urlTemplate":"https:\/\/marigeuer.com\/equilibrio\/?s={search_term_string}"},"query-input":{"@type":"PropertyValueSpecification","valueRequired":true,"valueName":"search_term_string"}}],"inLanguage":"pt-PT"}]}},"_links":{"self":[{"href":"https:\/\/marigeuer.com\/equilibrio\/wp-json\/wp\/v2\/pages\/6278","targetHints":{"allow":["GET"]}}],"collection":[{"href":"https:\/\/marigeuer.com\/equilibrio\/wp-json\/wp\/v2\/pages"}],"about":[{"href":"https:\/\/marigeuer.com\/equilibrio\/wp-json\/wp\/v2\/types\/page"}],"author":[{"embeddable":true,"href":"https:\/\/marigeuer.com\/equilibrio\/wp-json\/wp\/v2\/users\/2"}],"replies":[{"embeddable":true,"href":"https:\/\/marigeuer.com\/equilibrio\/wp-json\/wp\/v2\/comments?post=6278"}],"version-history":[{"count":4,"href":"https:\/\/marigeuer.com\/equilibrio\/wp-json\/wp\/v2\/pages\/6278\/revisions"}],"predecessor-version":[{"id":6426,"href":"https:\/\/marigeuer.com\/equilibrio\/wp-json\/wp\/v2\/pages\/6278\/revisions\/6426"}],"wp:featuredmedia":[{"embeddable":true,"href":"https:\/\/marigeuer.com\/equilibrio\/wp-json\/wp\/v2\/media\/6279"}],"wp:attachment":[{"href":"https:\/\/marigeuer.com\/equilibrio\/wp-json\/wp\/v2\/media?parent=6278"}],"curies":[{"name":"wp","href":"https:\/\/api.w.org\/{rel}","templated":true}]}}