{"id":6294,"date":"2017-01-18T09:36:21","date_gmt":"2017-01-18T12:36:21","guid":{"rendered":"http:\/\/marigeuer.com\/equilibrio\/?page_id=6294"},"modified":"2022-05-30T08:46:30","modified_gmt":"2022-05-30T11:46:30","slug":"terapia-financeira","status":"publish","type":"page","link":"https:\/\/marigeuer.com\/equilibrio\/terapia-financeira\/","title":{"rendered":"Terapia Financeira"},"content":{"rendered":"<h2><strong><a href=\"http:\/\/marigeuer.com\/equilibrio\/wp-content\/uploads\/2017\/01\/health_coaches.png\"><img loading=\"lazy\" decoding=\"async\" class=\"aligncenter size-full wp-image-133\" src=\"http:\/\/marigeuer.com\/equilibrio\/wp-content\/uploads\/2017\/01\/health_coaches.png\" alt=\"health_coaches\" width=\"900\" height=\"600\" \/><\/a><\/strong><\/h2>\n<p class=\"text1\">Descubra a maneira como voc\u00ea tem se relacionado com o <strong>Dinheiro<\/strong> e <strong>quais as cren\u00e7as<\/strong> que voc\u00ea tem levado por esses anos todos a respeito da prosperidade e riqueza financeira.<\/p>\n<h3 class=\"text1\"><strong>O QUE \u00c9 TERAPIA FINANCEIRA<\/strong><\/h3>\n<p><strong>Emergencial (4 sess\u00f5es)<\/strong>: Trata-se de consultoria pessoal, com o objetivo de orientar o cliente no planejamento de suas finan\u00e7as pessoais, seja com o prop\u00f3sito de quitar de maneira correta seus compromissos financeiros atrasados ou n\u00e3o, seja para garantir o melhor uso de seus recursos para realiza\u00e7\u00e3o de projetos futuros.<\/p>\n<p><strong>Completa (10 sess\u00f5es)<\/strong>: Aqui al\u00e9m do planejamento \u00a0de suas finan\u00e7as voc\u00ea vai descobrir qual o seu modelo financeiro e vai trabalhar com uma nova mentalidade para abordar e decidir da melhor forma seus assuntos financeiros. Mude sua vida financeira para melhor!<\/p>\n<h3 class=\"text1\"><strong>P\u00daBLICO-ALVO<\/strong><\/h3>\n<p>Indiv\u00edduos em busca do melhor uso de seus recursos financeiro, atrav\u00e9s de mudan\u00e7as comportamentais.<\/p>\n<h3 class=\"text1\"><strong>ETAPAS<\/strong><\/h3>\n<ul>\n<li><strong>Levantamento e an\u00e1lise das despesas e receitas<\/strong><\/li>\n<li>COmo est\u00e1 sua Roda Financeira<\/li>\n<li>Estabelecimento de prioridades para os gastos.<\/li>\n<li>Defini\u00e7\u00e3o de cortes necess\u00e1rios.<\/li>\n<li>Orienta\u00e7\u00e3o quanto \u00e0 quita\u00e7\u00e3o de d\u00edvidas.<\/li>\n<li><strong>Defini\u00e7\u00e3o e or\u00e7amento de seus sonhos<\/strong><\/li>\n<li>Levantamento\u00a0e <strong>Elimina\u00e7\u00e3o de Cren\u00e7as Limitantes<\/strong> em rela\u00e7\u00e3o a <strong>prosperidade financeira<\/strong><\/li>\n<li>Acompanhamento, ajustes, avalia\u00e7\u00e3o final<\/li>\n<\/ul>\n<h3><strong>METODOLOGIA<\/strong><\/h3>\n<p>O processo \u00a0da Terapia Financeira \u00e9 baseada na mudan\u00e7a de comportamento e<strong>\u00a0Educa\u00e7\u00e3o<\/strong><\/p>\n<p><strong>Financeira e PNL<\/strong>. Todo o trabalho \u00e9 realizado em sess\u00f5es com dura\u00e7\u00e3o de 1 horas cada, em car\u00e1ter de absoluto sigilo. O atendimento pode ser <strong>online<\/strong> ou <strong>presencial.<\/strong><\/p>\n<h3 class=\"text1\"><strong>DURA\u00c7AO<\/strong><\/h3>\n<p>Na primeira sess\u00e3o, define-se o n\u00famero de encontros necess\u00e1rios \u2013 de acordo com cada caso.<\/p>\n<h3><strong>AGENDA<\/strong><\/h3>\n<p><strong>Agendamento com a coach e terapeuta\u00a0<a href=\"http:\/\/marigeuer.com\/equilibrio\/terapia-financeira\" target=\"_blank\" rel=\"noopener\">MARI GEUER<\/a>:<\/strong><\/p>\n<ul>\n<li><strong>email<\/strong>: contato@marigeuer.com<\/li>\n<li><strong>skype<\/strong>: marigeuer<\/li>\n<li><strong>fone<\/strong>: +31 624150147<\/li>\n<\/ul>\n<p><img loading=\"lazy\" decoding=\"async\" class=\"alignnone wp-image-17 size-full\" src=\"http:\/\/marigeuer.com\/equilibrio\/wp-content\/uploads\/2017\/01\/logo.png\" alt=\"logo\" width=\"176\" height=\"114\" \/><\/p>\n<p><b>Coach e Educadora Financeira<\/b><\/p>\n<p>Conhe\u00e7a minhas redes sociais:<\/p>\n<p><a href=\"https:\/\/www.facebook.com\/marigeuer\" target=\"_blank\" rel=\"noopener\"><img decoding=\"async\" src=\"http:\/\/marigeuer.com\/equilibrio\/wp-content\/uploads\/2017\/01\/facebook.gif\" alt=\"Facebook\" \/><\/a>\u00a0<a href=\"http:\/\/twitter.com\/marigeuer\" target=\"_blank\" rel=\"noopener\"><img decoding=\"async\" src=\"http:\/\/marigeuer.com\/equilibrio\/wp-content\/uploads\/2017\/01\/twitter.gif\" alt=\"Twitter\" \/><\/a>\u00a0<a href=\"http:\/\/youtube.com\/marigeuer\" target=\"_blank\" rel=\"noopener\"><img decoding=\"async\" src=\"http:\/\/marigeuer.com\/equilibrio\/wp-content\/uploads\/2017\/01\/youtube.gif\" alt=\"Google Plus\" \/><\/a>\u00a0<img decoding=\"async\" src=\"http:\/\/marigeuer.com\/equilibrio\/wp-content\/uploads\/2017\/01\/linkedin.gif\" alt=\"Youtube\" \/>\u00a0<\/p>\n","protected":false},"excerpt":{"rendered":"<p>Descubra a maneira como voc\u00ea tem se relacionado com o Dinheiro e quais as cren\u00e7as que voc\u00ea tem &#8230; <a class=\"more-link\" href=\"https:\/\/marigeuer.com\/equilibrio\/terapia-financeira\/\">Read More &raquo;<\/a><\/p>\n","protected":false},"author":2,"featured_media":4192,"parent":0,"menu_order":0,"comment_status":"closed","ping_status":"closed","template":"","meta":{"sfsi_plus_gutenberg_text_before_share":"","sfsi_plus_gutenberg_show_text_before_share":"","sfsi_plus_gutenberg_icon_type":"","sfsi_plus_gutenberg_icon_alignemt":"","sfsi_plus_gutenburg_max_per_row":"","footnotes":""},"class_list":["post-6294","page","type-page","status-publish","has-post-thumbnail","hentry"],"yoast_head":"<!-- This site is optimized with the Yoast SEO plugin v27.2 - https:\/\/yoast.com\/product\/yoast-seo-wordpress\/ -->\n<title>Terapia Financeira - Equil\u00edbrio Interior e Bem-Estar<\/title>\n<meta name=\"robots\" content=\"index, follow, max-snippet:-1, max-image-preview:large, max-video-preview:-1\" \/>\n<link rel=\"canonical\" href=\"https:\/\/marigeuer.com\/equilibrio\/terapia-financeira\/\" \/>\n<meta property=\"og:locale\" content=\"pt_PT\" \/>\n<meta property=\"og:type\" content=\"article\" \/>\n<meta property=\"og:title\" content=\"Terapia Financeira - Equil\u00edbrio Interior e Bem-Estar\" \/>\n<meta property=\"og:description\" content=\"Descubra a maneira como voc\u00ea tem se relacionado com o Dinheiro e quais as cren\u00e7as que voc\u00ea tem ... Read More &raquo;\" \/>\n<meta property=\"og:url\" content=\"https:\/\/marigeuer.com\/equilibrio\/terapia-financeira\/\" \/>\n<meta property=\"og:site_name\" content=\"Equil\u00edbrio Interior e Bem-Estar\" \/>\n<meta property=\"article:modified_time\" content=\"2022-05-30T11:46:30+00:00\" \/>\n<meta property=\"og:image\" content=\"https:\/\/marigeuer.com\/equilibrio\/wp-content\/uploads\/2013\/09\/saudefinanceira1-347-ex-1.jpg\" \/>\n\t<meta property=\"og:image:width\" content=\"400\" \/>\n\t<meta property=\"og:image:height\" content=\"300\" \/>\n\t<meta property=\"og:image:type\" content=\"image\/jpeg\" \/>\n<meta name=\"twitter:card\" content=\"summary_large_image\" \/>\n<meta name=\"twitter:label1\" content=\"Tempo estimado de leitura\" \/>\n\t<meta name=\"twitter:data1\" content=\"1 minuto\" \/>\n<script type=\"application\/ld+json\" class=\"yoast-schema-graph\">{\"@context\":\"https:\/\/schema.org\",\"@graph\":[{\"@type\":\"WebPage\",\"@id\":\"https:\/\/marigeuer.com\/equilibrio\/terapia-financeira\/\",\"url\":\"https:\/\/marigeuer.com\/equilibrio\/terapia-financeira\/\",\"name\":\"Terapia Financeira - Equil\u00edbrio Interior e Bem-Estar\",\"isPartOf\":{\"@id\":\"https:\/\/marigeuer.com\/equilibrio\/#website\"},\"primaryImageOfPage\":{\"@id\":\"https:\/\/marigeuer.com\/equilibrio\/terapia-financeira\/#primaryimage\"},\"image\":{\"@id\":\"https:\/\/marigeuer.com\/equilibrio\/terapia-financeira\/#primaryimage\"},\"thumbnailUrl\":\"https:\/\/marigeuer.com\/equilibrio\/wp-content\/uploads\/2013\/09\/saudefinanceira1-347-ex-1.jpg\",\"datePublished\":\"2017-01-18T12:36:21+00:00\",\"dateModified\":\"2022-05-30T11:46:30+00:00\",\"breadcrumb\":{\"@id\":\"https:\/\/marigeuer.com\/equilibrio\/terapia-financeira\/#breadcrumb\"},\"inLanguage\":\"pt-PT\",\"potentialAction\":[{\"@type\":\"ReadAction\",\"target\":[\"https:\/\/marigeuer.com\/equilibrio\/terapia-financeira\/\"]}]},{\"@type\":\"ImageObject\",\"inLanguage\":\"pt-PT\",\"@id\":\"https:\/\/marigeuer.com\/equilibrio\/terapia-financeira\/#primaryimage\",\"url\":\"https:\/\/marigeuer.com\/equilibrio\/wp-content\/uploads\/2013\/09\/saudefinanceira1-347-ex-1.jpg\",\"contentUrl\":\"https:\/\/marigeuer.com\/equilibrio\/wp-content\/uploads\/2013\/09\/saudefinanceira1-347-ex-1.jpg\",\"width\":400,\"height\":300},{\"@type\":\"BreadcrumbList\",\"@id\":\"https:\/\/marigeuer.com\/equilibrio\/terapia-financeira\/#breadcrumb\",\"itemListElement\":[{\"@type\":\"ListItem\",\"position\":1,\"name\":\"In\u00edcio\",\"item\":\"https:\/\/marigeuer.com\/equilibrio\/\"},{\"@type\":\"ListItem\",\"position\":2,\"name\":\"Terapia Financeira\"}]},{\"@type\":\"WebSite\",\"@id\":\"https:\/\/marigeuer.com\/equilibrio\/#website\",\"url\":\"https:\/\/marigeuer.com\/equilibrio\/\",\"name\":\"Equil\u00edbrio Interior e Bem-Estar\",\"description\":\"Pr\u00e1ticas de Transforma\u00e7\u00f5es para voc\u00ea | Mari Geuer\",\"potentialAction\":[{\"@type\":\"SearchAction\",\"target\":{\"@type\":\"EntryPoint\",\"urlTemplate\":\"https:\/\/marigeuer.com\/equilibrio\/?s={search_term_string}\"},\"query-input\":{\"@type\":\"PropertyValueSpecification\",\"valueRequired\":true,\"valueName\":\"search_term_string\"}}],\"inLanguage\":\"pt-PT\"}]}<\/script>\n<!-- \/ Yoast SEO plugin. -->","yoast_head_json":{"title":"Terapia Financeira - Equil\u00edbrio Interior e Bem-Estar","robots":{"index":"index","follow":"follow","max-snippet":"max-snippet:-1","max-image-preview":"max-image-preview:large","max-video-preview":"max-video-preview:-1"},"canonical":"https:\/\/marigeuer.com\/equilibrio\/terapia-financeira\/","og_locale":"pt_PT","og_type":"article","og_title":"Terapia Financeira - Equil\u00edbrio Interior e Bem-Estar","og_description":"Descubra a maneira como voc\u00ea tem se relacionado com o Dinheiro e quais as cren\u00e7as que voc\u00ea tem ... Read More &raquo;","og_url":"https:\/\/marigeuer.com\/equilibrio\/terapia-financeira\/","og_site_name":"Equil\u00edbrio Interior e Bem-Estar","article_modified_time":"2022-05-30T11:46:30+00:00","og_image":[{"width":400,"height":300,"url":"https:\/\/marigeuer.com\/equilibrio\/wp-content\/uploads\/2013\/09\/saudefinanceira1-347-ex-1.jpg","type":"image\/jpeg"}],"twitter_card":"summary_large_image","twitter_misc":{"Tempo estimado de leitura":"1 minuto"},"schema":{"@context":"https:\/\/schema.org","@graph":[{"@type":"WebPage","@id":"https:\/\/marigeuer.com\/equilibrio\/terapia-financeira\/","url":"https:\/\/marigeuer.com\/equilibrio\/terapia-financeira\/","name":"Terapia Financeira - Equil\u00edbrio Interior e Bem-Estar","isPartOf":{"@id":"https:\/\/marigeuer.com\/equilibrio\/#website"},"primaryImageOfPage":{"@id":"https:\/\/marigeuer.com\/equilibrio\/terapia-financeira\/#primaryimage"},"image":{"@id":"https:\/\/marigeuer.com\/equilibrio\/terapia-financeira\/#primaryimage"},"thumbnailUrl":"https:\/\/marigeuer.com\/equilibrio\/wp-content\/uploads\/2013\/09\/saudefinanceira1-347-ex-1.jpg","datePublished":"2017-01-18T12:36:21+00:00","dateModified":"2022-05-30T11:46:30+00:00","breadcrumb":{"@id":"https:\/\/marigeuer.com\/equilibrio\/terapia-financeira\/#breadcrumb"},"inLanguage":"pt-PT","potentialAction":[{"@type":"ReadAction","target":["https:\/\/marigeuer.com\/equilibrio\/terapia-financeira\/"]}]},{"@type":"ImageObject","inLanguage":"pt-PT","@id":"https:\/\/marigeuer.com\/equilibrio\/terapia-financeira\/#primaryimage","url":"https:\/\/marigeuer.com\/equilibrio\/wp-content\/uploads\/2013\/09\/saudefinanceira1-347-ex-1.jpg","contentUrl":"https:\/\/marigeuer.com\/equilibrio\/wp-content\/uploads\/2013\/09\/saudefinanceira1-347-ex-1.jpg","width":400,"height":300},{"@type":"BreadcrumbList","@id":"https:\/\/marigeuer.com\/equilibrio\/terapia-financeira\/#breadcrumb","itemListElement":[{"@type":"ListItem","position":1,"name":"In\u00edcio","item":"https:\/\/marigeuer.com\/equilibrio\/"},{"@type":"ListItem","position":2,"name":"Terapia Financeira"}]},{"@type":"WebSite","@id":"https:\/\/marigeuer.com\/equilibrio\/#website","url":"https:\/\/marigeuer.com\/equilibrio\/","name":"Equil\u00edbrio Interior e Bem-Estar","description":"Pr\u00e1ticas de Transforma\u00e7\u00f5es para voc\u00ea | Mari Geuer","potentialAction":[{"@type":"SearchAction","target":{"@type":"EntryPoint","urlTemplate":"https:\/\/marigeuer.com\/equilibrio\/?s={search_term_string}"},"query-input":{"@type":"PropertyValueSpecification","valueRequired":true,"valueName":"search_term_string"}}],"inLanguage":"pt-PT"}]}},"_links":{"self":[{"href":"https:\/\/marigeuer.com\/equilibrio\/wp-json\/wp\/v2\/pages\/6294","targetHints":{"allow":["GET"]}}],"collection":[{"href":"https:\/\/marigeuer.com\/equilibrio\/wp-json\/wp\/v2\/pages"}],"about":[{"href":"https:\/\/marigeuer.com\/equilibrio\/wp-json\/wp\/v2\/types\/page"}],"author":[{"embeddable":true,"href":"https:\/\/marigeuer.com\/equilibrio\/wp-json\/wp\/v2\/users\/2"}],"replies":[{"embeddable":true,"href":"https:\/\/marigeuer.com\/equilibrio\/wp-json\/wp\/v2\/comments?post=6294"}],"version-history":[{"count":10,"href":"https:\/\/marigeuer.com\/equilibrio\/wp-json\/wp\/v2\/pages\/6294\/revisions"}],"predecessor-version":[{"id":8618,"href":"https:\/\/marigeuer.com\/equilibrio\/wp-json\/wp\/v2\/pages\/6294\/revisions\/8618"}],"wp:featuredmedia":[{"embeddable":true,"href":"https:\/\/marigeuer.com\/equilibrio\/wp-json\/wp\/v2\/media\/4192"}],"wp:attachment":[{"href":"https:\/\/marigeuer.com\/equilibrio\/wp-json\/wp\/v2\/media?parent=6294"}],"curies":[{"name":"wp","href":"https:\/\/api.w.org\/{rel}","templated":true}]}}