{"id":6536,"date":"2017-07-21T15:56:10","date_gmt":"2017-07-21T18:56:10","guid":{"rendered":"http:\/\/marigeuer.com\/equilibrio\/?page_id=6536"},"modified":"2021-05-17T04:17:44","modified_gmt":"2021-05-17T07:17:44","slug":"servicos-feng-shui","status":"publish","type":"page","link":"https:\/\/marigeuer.com\/equilibrio\/servicos-feng-shui\/","title":{"rendered":"SERVI\u00c7OS FENG SHUI"},"content":{"rendered":"<h2>Feng Shui &#8211; Servi\u00e7os<\/h2>\n<p>No cora\u00e7\u00e3o do Feng Shui est\u00e1 a compreens\u00e3o da natureza, particularmente com base no conceito de que a terra est\u00e1 viva e cheia de qi, ou de energia.\u00a0Feng Shui lembra-nos que tudo est\u00e1 ligado, e que o nosso ambiente f\u00edsico tem um impacto significativo em nossa mente, corpo e esp\u00edrito.<\/p>\n<p>Feng Shui \u00e9 uma filosofia chinesa que estuda a influ\u00eancia de um ambiente com o nosso bem-estar, a forma como os locais onde vivemos e trabalhamos se refletem no modo como nos sentimos.<\/p>\n<p><img loading=\"lazy\" decoding=\"async\" src=\"http:\/\/marigeuer.com\/equilibrio\/wp-content\/uploads\/2017\/07\/edras.jpg\" alt=\"\" width=\"277\" height=\"182\" \/><\/p>\n<p>O Feng Shui traz um fluxo positivo de energia que \u00e9 seu. Esse fluxo positivo \u00e9 o que d\u00e1 for\u00e7as \u00a0para voc\u00ea, sua casa ou empresa, e aqueles que vivem, trabalham ou s\u00e3o recebidos em seu ambiente.<\/p>\n<p>A energia existente das nossas casas \u00e9 frequentemente um reflexo do nosso estilo de vida e estado de alma (\u00e9 o nosso &#8220;espelho&#8221;).<\/p>\n<h1>Consultoria Feng Shui<\/h1>\n<h4 style=\"text-align: center;\">A Consultoria de Feng Shui em seu ambiente tem como objetivo:<\/h4>\n<h4 style=\"text-align: center;\">o Diagn\u00f3stico, a Cura, a Inspira\u00e7\u00e3o, a Motiva\u00e7\u00e3o, a Harmoniza\u00e7\u00e3o, o Equil\u00edbrio e a Transforma\u00e7\u00e3o<\/h4>\n<h3><strong>Benef\u00edcios<\/strong><\/h3>\n<p>Feng Shui contribui como um todo em cada um de n\u00f3s e assim, observamos a melhora da sa\u00fade, da prosperidade e dos relacionamentos;<\/p>\n<ul>\n<li>Estimula a criatividade;<\/li>\n<li>Auxilia na evolu\u00e7\u00e3o pessoal;<\/li>\n<li>Limpa os canais energ\u00e9ticos negativos que provocam doen\u00e7as e desequil\u00edbrios nos moradores;<\/li>\n<li>Permite que novas e boas oportunidades profissionais aconte\u00e7am.<\/li>\n<\/ul>\n<p style=\"text-align: center;\"><strong>VOC\u00ca EST\u00c1 PRONTO PARA TIRAR O MELHOR PROVEITO DA SUA VIDA?<\/strong><\/p>\n<p><img loading=\"lazy\" decoding=\"async\" src=\"http:\/\/marigeuer.com\/equilibrio\/wp-content\/uploads\/2017\/07\/gorgeous-design-ideas-off-white-living-room-13-great-attention-to-detail-in-this-very-small-living-room-space-with-l-shaped-sofa-e1500923839130.jpg\" alt=\"feng shui consultoria\" width=\"600\" height=\"401\" \/><\/p>\n<blockquote><p>Para que sua alma se sinta equilibrada e feliz, \u00e9 essencial encontrar um lugar no planeta onde voc\u00ea se sinta verdadeiramente em casa.\u00a0&#8230; A natureza alimenta a alma.\u00a0Nossas casas nos separar\u00e3o da natureza ou nos conectar\u00e3o com ela.\u00a0&#8211; Denise Linn,<em>Feng Shui para a Alma<\/em><\/p><\/blockquote>\n<h2>Residencial<\/h2>\n<p>Voc\u00ea se sente confort\u00e1vel e paz quando entra em sua casa ou escrit\u00f3rio? Ou voc\u00ea sente como se algo estivesse faltando?<\/p>\n<p>Durante a primeira consulta vamos verificar quais suas metas e quais as \u00e1reas de conflito em sua casa, vida e fam\u00edlia.<\/p>\n<p>A partir desta avalia\u00e7\u00e3o irei trabalhar \u00a0para que possamos \u00a0melhorar e potencializar muitos aspectos da vida, tais como neg\u00f3cios, amigos, fam\u00edlias prosperidade, sa\u00fade e sorte.<\/p>\n<p>Mudando a localiza\u00e7\u00e3o dos objetos do seu ambiente; utilizando a cromoterapia, a aromaterapia e, a utiliza\u00e7\u00e3o de talism\u00e3s, faz com que a energia vital (QI ou CHI) flua suavemente sem bloqueios nos ambientes que comp\u00f5em nossa casa.<\/p>\n<p>Meu objetivo \u00e9 fazer com que todas as \u00e1reas da sua casa se sentacompletamente equilibrado e esta mudan\u00e7a ser\u00e1 refletida imediatamente. Considere uma &#8220;terapia&#8221; de Decora\u00e7\u00e3o porque o resultado final \u00a0vai te trazer paz, felicidade e harmonia.<\/p>\n<p>A maior mudan\u00e7a vem de dentro. \u00c9 uma experi\u00eancia de melhoria de vida. Sua casa deve refletir sua personalidade.<\/p>\n<h2><strong>Consultoria no local:\u00a0<\/strong><\/h2>\n<p>A\u00a0<strong>consultoria residencial<\/strong>\u00a0\u00e9 feita em duas a tr\u00eas visitas no local.<\/p>\n<h5><em><strong>ENTREVISTA <\/strong><\/em><\/h5>\n<p>A\u00a0<strong>primeira visita<\/strong>\u00a0\u00e9 para fazer uma an\u00e1lise do local, conversar com o cliente\u00a0 para saber o hist\u00f3rico do local, identificar os problemas atuais do ambiente.<\/p>\n<p>Neste momento \u00e9 solicitado uma\u00a0<strong>planta baixa do im\u00f3vel<\/strong>, para an\u00e1lise e estudo de\u00a0<strong>radiestesia<\/strong>.<\/p>\n<p><em><strong>RELAT\u00d3RIO<\/strong><\/em><\/p>\n<p>Ap\u00f3s aproximadamente 10 dias \u00e9 feito uma nova visita para\u00a0<strong>entrega do relat\u00f3rio<\/strong>e esclarecimentos. Este relat\u00f3rio consiste num laudo t\u00e9cnico com sugest\u00f5es de curas para os ambientes.<\/p>\n<p><strong><em>ACOMPANHAMENTO<\/em><\/strong><\/p>\n<p>Ap\u00f3s a entrega do relat\u00f3rio \u00e9 feita mais uma visita no local para acompanhamento das modifica\u00e7\u00f5es.<\/p>\n<p>D\u00favidas por skype ou whatsapp : com hora marcada<a role=\"button\" href=\"http:\/\/marigeuer.com\/equilibrio\/contato\/\" target=\"_blank\" rel=\"noopener noreferrer\"><br \/>\nEntre em contato<br \/>\n<\/a><\/p>\n<h2>Consultoria online<\/h2>\n<p><strong>Dados completos<\/strong>\u00a0: Nome completo, endere\u00e7o, quanto tempo mora no local e se o m\u00f3vel j\u00e1 pertenceu a outras pessoas (favor relatar se tem algum fato relevante acontecido), envio de fotos do local (externa e interna), croqui ou planta baixa do im\u00f3vel.\u00a0Ser\u00e1 enviado<strong>\u00a0relat\u00f3rio<\/strong>\u00a0de aproximadamente 25 p\u00e1ginas, por email no formato .pdf\u00a0<strong>Prazo de entrega<\/strong>\u00a0do relat\u00f3rio 10 dias ap\u00f3s o recebimento dos dados necess\u00e1rios.\u00a0Ap\u00f3s o recebimento \u00e9 marcado um hor\u00e1rio para uma a duas\u00a0<strong>consultorias<\/strong>\u00a0 via whatsapp ou skype, para que o cliente possa tirar as d\u00favidas necess\u00e1rias. E na implanta\u00e7\u00e3o do processo de\u00a0<strong>Feng Shui<\/strong>,\u00a0 cliente tamb\u00e9m poder\u00e1 entrar em contato via e-mail, caso ainda tenha mais alguma d\u00favida.<\/p>\n<h3 data-fontsize=\"25\" data-lineheight=\"24\">Benef\u00edcios virtuais do Feng Shui:<\/h3>\n<ul>\n<li>Posso ajudar os clientes em qualquer lugar, independentemente da dist\u00e2ncia via Skype.<\/li>\n<li>Voc\u00ea obt\u00e9m todos os benef\u00edcios de uma consulta ao vivo com um \u00f3timo valor e conveni\u00eancia.<\/li>\n<li>Voc\u00ea recebe todas as minhas recomenda\u00e7\u00f5es no momento da sua consulta via Skype.<\/li>\n<li>Voc\u00ea recebe meu boletim informativo mensal gratuito &#8220;Equilibrio Interior&#8221; com dicas, promo\u00e7\u00f5es e hist\u00f3rias inspiradoras do Feng Shui!<\/li>\n<li>Voc\u00ea pode obter uma \u00fanica sess\u00e3o ou pacote que inclui uma sess\u00e3o de acompanhamento uma vez que voc\u00ea implementou suas altera\u00e7\u00f5es para que possamos ajustar e editar sua narrativa com meu apoio!<\/li>\n<\/ul>\n<p><a role=\"button\" href=\"http:\/\/marigeuer.com\/equilibrio\/category\/feng-shui-artigos\/\"><br \/>\nLeia mais sobre Feng Shui<br \/>\n<\/a><\/p>\n<h2>Limpeza Energ\u00e9tica<\/h2>\n<p><img loading=\"lazy\" decoding=\"async\" src=\"http:\/\/marigeuer.com\/equilibrio\/wp-content\/uploads\/2016\/09\/banner-consultora-casaviva_marigeuer-e1474646926375.png\" alt=\"\" width=\"250\" height=\"250\" \/><\/p>\n<h2>Empresarial<\/h2>\n<p>O Feng Shui nas empresas tem por objetivo criar um ambiente de trabalho confort\u00e1vel onde as pessoas possam <strong>trabalhar com elevado rendimento<\/strong> e com o menor desperd\u00edcio da energia, pois sabe-se que muitas vezes a quantidade de horas que passamos no local de trabalho \u00e9 muito maior do que o tempo que passamos em nossa resid\u00eancia.<\/p>\n<p>Ao aplicar o\u00a0<a href=\"http:\/\/marigeuer.com\/equilibrio\/category\/feng-shui-artigos\/\">Feng Shui<\/a>, os colaboradores encontram o ambiente de trabalho, mais harmonioso e saud\u00e1vel, <strong>reduzindo o estresse, cansa\u00e7o e desentendimento; aumentando a satisfa\u00e7\u00e3o<\/strong>, valoriza\u00e7\u00e3o e aprecia\u00e7\u00e3o do seu desempenho bem como um sentimento de maior controle, confian\u00e7a e realiza\u00e7\u00e3o com sucesso e prosperidade na carreira.<\/p>\n<p>A\u00a0<strong>consultoria\u00a0do Feng Shui<\/strong>\u00a0pode auxiliar a empresa na <strong>distribui\u00e7\u00e3o ideal dos departamentos da empresa<\/strong>, em fun\u00e7\u00e3o de suas caracter\u00edsticas, no posicionamento e orienta\u00e7\u00e3o do mobili\u00e1rio em rela\u00e7\u00e3o ao cargo exercido por cada funcion\u00e1rio, escolha das cores e elementos de decora\u00e7\u00e3o mais adequados para a energia de cada ambiente. Para <strong>estabelecimentos comerciais<\/strong>, o consultor ir\u00e1 indicar a melhor localiza\u00e7\u00e3o para o caixa, estoque, contabilidade, mesas, cozinha, a cor adequada para o ramo de atividade, etc.<\/p>\n<p>Desta forma, al\u00e9m de <strong>melhorar a produtividade e os relacionamentos, a lideran\u00e7a torna-se mais eficaz, h\u00e1 um aumento da efici\u00eancia na utiliza\u00e7\u00e3o do edif\u00edcio, espa\u00e7o e equipamentos e consequentemente um maior rendimento, mais vendas, clientes fieis, aumento dos lucros<\/strong>, consequentemente o uso do Feng Shui nas empresas traz sucesso e\u00a0prosperidade\u00a0para todos os envolvidos. Mesmo para quem n\u00e3o sabe ou n\u00e3o acredita, o ambiente torna-se mais calmo e as pessoas mais bem dispostas.<\/p>\n<p>Solicite um or\u00e7amento \u2013 <a href=\"mailto:contato@marigeuer.com\">contato@marigeuer.com<\/a><\/p>\n<p><a role=\"button\" href=\"http:\/\/marigeuer.com\/equilibrio\/category\/feng-shui-artigos\/5-elementos\/\"><br \/>\nO Feng Shui e os cincos elementos na Empresa<br \/>\n<\/a><\/p>\n<h2>Mari Geuer<\/h2>\n<p><strong>Mari Geuer<\/strong>, atua como coach \u2013 Instrutora de Desenvolvimento Pessoal, Consultora e Facilitadora de Curso de Feng Shui h\u00e1 mais de 10 anos, tamb\u00e9m fa\u00e7o atendimentos com a Mesa Radionica de Ambientes e Pessoal, numerologia Cabal\u00edstica,<\/p>\n<p>Ao estudar o Feng Shui,\u00a0\u00a0inspirei-me no conceito de que nossos ambientes servem como espelhos simb\u00f3licos e o que se reflete \u00e9 a nossa narrativa pessoal.\u00a0Sua casa ou empresa ou qualquer espa\u00e7o f\u00edsico tem uma hist\u00f3ria, a sua hist\u00f3ria.\u00a0Essa \u00e9 a premissa a partir da qual o Espa\u00e7o Equilibrio Interior nasceu.<\/p>\n<p>Meu foco \u00e9 que o bem-estar e a decora\u00e7\u00e3o \u00a0de ambientes possam apoiar e facilitar a harmonia e o equil\u00edbrio de seu ambiente e de seus habitantes.<\/p>\n<p>Atendimentos por skype e presencial<\/p>\n<p>Forma\u00e7\u00e3o Acad\u00eamica em Ciencias Economica (Puc-Campinas);\u00a0Terapias Complementares (Sintonia Alfa, Cromoterapia, Chakras, Radiestesia, Radi\u00f4nica, \u00a0Magnifield Healing, Homeostase Quantica, EFT, Reiki);\u00a0Feng Shui Chapeu Preto e dos Ancestrais;\u00a0Decora\u00e7\u00e3o de Interiores;\u00a0Practitioner Programa\u00e7\u00e3o Neurolingu\u00edstica (PNL);\u00a0Coaching com Abordagem Sist\u00eamica da PNL;\u00a0Numerologia Cabalistica (Academia Brasileira de Numerologia Cabalistica);\u00a0Instrutor de Autoconhecimento Unidarma;\u00a0Palestrante e Facilitadora de Cursos Livres;\u00a0Educa\u00e7\u00e3o Financeira<\/p>\n<p><strong>Contatos:<\/strong><\/p>\n<p><strong>Sykpe<\/strong>\u00a0: marigeuer<\/p>\n<p><strong>email<\/strong>\u00a0: contato@marigeuer.com<\/p>\n","protected":false},"excerpt":{"rendered":"<p>Feng Shui &#8211; Servi\u00e7os No cora\u00e7\u00e3o do Feng Shui est\u00e1 a compreens\u00e3o da natureza, particularmente com base no &#8230; <a class=\"more-link\" href=\"https:\/\/marigeuer.com\/equilibrio\/servicos-feng-shui\/\">Read More &raquo;<\/a><\/p>\n","protected":false},"author":2,"featured_media":0,"parent":0,"menu_order":0,"comment_status":"closed","ping_status":"closed","template":"","meta":{"sfsi_plus_gutenberg_text_before_share":"","sfsi_plus_gutenberg_show_text_before_share":"","sfsi_plus_gutenberg_icon_type":"","sfsi_plus_gutenberg_icon_alignemt":"","sfsi_plus_gutenburg_max_per_row":"","footnotes":""},"class_list":["post-6536","page","type-page","status-publish","hentry"],"yoast_head":"<!-- This site is optimized with the Yoast SEO plugin v27.2 - https:\/\/yoast.com\/product\/yoast-seo-wordpress\/ -->\n<title>SERVI\u00c7OS FENG SHUI - Equil\u00edbrio Interior e Bem-Estar<\/title>\n<meta name=\"robots\" content=\"index, follow, max-snippet:-1, max-image-preview:large, max-video-preview:-1\" \/>\n<link rel=\"canonical\" href=\"https:\/\/marigeuer.com\/equilibrio\/servicos-feng-shui\/\" \/>\n<meta property=\"og:locale\" content=\"pt_PT\" \/>\n<meta property=\"og:type\" content=\"article\" \/>\n<meta property=\"og:title\" content=\"SERVI\u00c7OS FENG SHUI - Equil\u00edbrio Interior e Bem-Estar\" \/>\n<meta property=\"og:description\" content=\"Feng Shui &#8211; Servi\u00e7os No cora\u00e7\u00e3o do Feng Shui est\u00e1 a compreens\u00e3o da natureza, particularmente com base no ... Read More &raquo;\" \/>\n<meta property=\"og:url\" content=\"https:\/\/marigeuer.com\/equilibrio\/servicos-feng-shui\/\" \/>\n<meta property=\"og:site_name\" content=\"Equil\u00edbrio Interior e Bem-Estar\" \/>\n<meta property=\"article:modified_time\" content=\"2021-05-17T07:17:44+00:00\" \/>\n<meta property=\"og:image\" content=\"http:\/\/marigeuer.com\/equilibrio\/wp-content\/uploads\/2017\/07\/edras.jpg\" \/>\n<meta name=\"twitter:card\" content=\"summary_large_image\" \/>\n<meta name=\"twitter:label1\" content=\"Tempo estimado de leitura\" \/>\n\t<meta name=\"twitter:data1\" content=\"7 minutos\" \/>\n<script type=\"application\/ld+json\" class=\"yoast-schema-graph\">{\"@context\":\"https:\/\/schema.org\",\"@graph\":[{\"@type\":\"WebPage\",\"@id\":\"https:\/\/marigeuer.com\/equilibrio\/servicos-feng-shui\/\",\"url\":\"https:\/\/marigeuer.com\/equilibrio\/servicos-feng-shui\/\",\"name\":\"SERVI\u00c7OS FENG SHUI - Equil\u00edbrio Interior e Bem-Estar\",\"isPartOf\":{\"@id\":\"https:\/\/marigeuer.com\/equilibrio\/#website\"},\"primaryImageOfPage\":{\"@id\":\"https:\/\/marigeuer.com\/equilibrio\/servicos-feng-shui\/#primaryimage\"},\"image\":{\"@id\":\"https:\/\/marigeuer.com\/equilibrio\/servicos-feng-shui\/#primaryimage\"},\"thumbnailUrl\":\"http:\/\/marigeuer.com\/equilibrio\/wp-content\/uploads\/2017\/07\/edras.jpg\",\"datePublished\":\"2017-07-21T18:56:10+00:00\",\"dateModified\":\"2021-05-17T07:17:44+00:00\",\"breadcrumb\":{\"@id\":\"https:\/\/marigeuer.com\/equilibrio\/servicos-feng-shui\/#breadcrumb\"},\"inLanguage\":\"pt-PT\",\"potentialAction\":[{\"@type\":\"ReadAction\",\"target\":[\"https:\/\/marigeuer.com\/equilibrio\/servicos-feng-shui\/\"]}]},{\"@type\":\"ImageObject\",\"inLanguage\":\"pt-PT\",\"@id\":\"https:\/\/marigeuer.com\/equilibrio\/servicos-feng-shui\/#primaryimage\",\"url\":\"http:\/\/marigeuer.com\/equilibrio\/wp-content\/uploads\/2017\/07\/edras.jpg\",\"contentUrl\":\"http:\/\/marigeuer.com\/equilibrio\/wp-content\/uploads\/2017\/07\/edras.jpg\"},{\"@type\":\"BreadcrumbList\",\"@id\":\"https:\/\/marigeuer.com\/equilibrio\/servicos-feng-shui\/#breadcrumb\",\"itemListElement\":[{\"@type\":\"ListItem\",\"position\":1,\"name\":\"In\u00edcio\",\"item\":\"https:\/\/marigeuer.com\/equilibrio\/\"},{\"@type\":\"ListItem\",\"position\":2,\"name\":\"SERVI\u00c7OS FENG SHUI\"}]},{\"@type\":\"WebSite\",\"@id\":\"https:\/\/marigeuer.com\/equilibrio\/#website\",\"url\":\"https:\/\/marigeuer.com\/equilibrio\/\",\"name\":\"Equil\u00edbrio Interior e Bem-Estar\",\"description\":\"Pr\u00e1ticas de Transforma\u00e7\u00f5es para voc\u00ea | Mari Geuer\",\"potentialAction\":[{\"@type\":\"SearchAction\",\"target\":{\"@type\":\"EntryPoint\",\"urlTemplate\":\"https:\/\/marigeuer.com\/equilibrio\/?s={search_term_string}\"},\"query-input\":{\"@type\":\"PropertyValueSpecification\",\"valueRequired\":true,\"valueName\":\"search_term_string\"}}],\"inLanguage\":\"pt-PT\"}]}<\/script>\n<!-- \/ Yoast SEO plugin. -->","yoast_head_json":{"title":"SERVI\u00c7OS FENG SHUI - Equil\u00edbrio Interior e Bem-Estar","robots":{"index":"index","follow":"follow","max-snippet":"max-snippet:-1","max-image-preview":"max-image-preview:large","max-video-preview":"max-video-preview:-1"},"canonical":"https:\/\/marigeuer.com\/equilibrio\/servicos-feng-shui\/","og_locale":"pt_PT","og_type":"article","og_title":"SERVI\u00c7OS FENG SHUI - Equil\u00edbrio Interior e Bem-Estar","og_description":"Feng Shui &#8211; Servi\u00e7os No cora\u00e7\u00e3o do Feng Shui est\u00e1 a compreens\u00e3o da natureza, particularmente com base no ... Read More &raquo;","og_url":"https:\/\/marigeuer.com\/equilibrio\/servicos-feng-shui\/","og_site_name":"Equil\u00edbrio Interior e Bem-Estar","article_modified_time":"2021-05-17T07:17:44+00:00","og_image":[{"url":"http:\/\/marigeuer.com\/equilibrio\/wp-content\/uploads\/2017\/07\/edras.jpg","type":"","width":"","height":""}],"twitter_card":"summary_large_image","twitter_misc":{"Tempo estimado de leitura":"7 minutos"},"schema":{"@context":"https:\/\/schema.org","@graph":[{"@type":"WebPage","@id":"https:\/\/marigeuer.com\/equilibrio\/servicos-feng-shui\/","url":"https:\/\/marigeuer.com\/equilibrio\/servicos-feng-shui\/","name":"SERVI\u00c7OS FENG SHUI - Equil\u00edbrio Interior e Bem-Estar","isPartOf":{"@id":"https:\/\/marigeuer.com\/equilibrio\/#website"},"primaryImageOfPage":{"@id":"https:\/\/marigeuer.com\/equilibrio\/servicos-feng-shui\/#primaryimage"},"image":{"@id":"https:\/\/marigeuer.com\/equilibrio\/servicos-feng-shui\/#primaryimage"},"thumbnailUrl":"http:\/\/marigeuer.com\/equilibrio\/wp-content\/uploads\/2017\/07\/edras.jpg","datePublished":"2017-07-21T18:56:10+00:00","dateModified":"2021-05-17T07:17:44+00:00","breadcrumb":{"@id":"https:\/\/marigeuer.com\/equilibrio\/servicos-feng-shui\/#breadcrumb"},"inLanguage":"pt-PT","potentialAction":[{"@type":"ReadAction","target":["https:\/\/marigeuer.com\/equilibrio\/servicos-feng-shui\/"]}]},{"@type":"ImageObject","inLanguage":"pt-PT","@id":"https:\/\/marigeuer.com\/equilibrio\/servicos-feng-shui\/#primaryimage","url":"http:\/\/marigeuer.com\/equilibrio\/wp-content\/uploads\/2017\/07\/edras.jpg","contentUrl":"http:\/\/marigeuer.com\/equilibrio\/wp-content\/uploads\/2017\/07\/edras.jpg"},{"@type":"BreadcrumbList","@id":"https:\/\/marigeuer.com\/equilibrio\/servicos-feng-shui\/#breadcrumb","itemListElement":[{"@type":"ListItem","position":1,"name":"In\u00edcio","item":"https:\/\/marigeuer.com\/equilibrio\/"},{"@type":"ListItem","position":2,"name":"SERVI\u00c7OS FENG SHUI"}]},{"@type":"WebSite","@id":"https:\/\/marigeuer.com\/equilibrio\/#website","url":"https:\/\/marigeuer.com\/equilibrio\/","name":"Equil\u00edbrio Interior e Bem-Estar","description":"Pr\u00e1ticas de Transforma\u00e7\u00f5es para voc\u00ea | Mari Geuer","potentialAction":[{"@type":"SearchAction","target":{"@type":"EntryPoint","urlTemplate":"https:\/\/marigeuer.com\/equilibrio\/?s={search_term_string}"},"query-input":{"@type":"PropertyValueSpecification","valueRequired":true,"valueName":"search_term_string"}}],"inLanguage":"pt-PT"}]}},"_links":{"self":[{"href":"https:\/\/marigeuer.com\/equilibrio\/wp-json\/wp\/v2\/pages\/6536","targetHints":{"allow":["GET"]}}],"collection":[{"href":"https:\/\/marigeuer.com\/equilibrio\/wp-json\/wp\/v2\/pages"}],"about":[{"href":"https:\/\/marigeuer.com\/equilibrio\/wp-json\/wp\/v2\/types\/page"}],"author":[{"embeddable":true,"href":"https:\/\/marigeuer.com\/equilibrio\/wp-json\/wp\/v2\/users\/2"}],"replies":[{"embeddable":true,"href":"https:\/\/marigeuer.com\/equilibrio\/wp-json\/wp\/v2\/comments?post=6536"}],"version-history":[{"count":51,"href":"https:\/\/marigeuer.com\/equilibrio\/wp-json\/wp\/v2\/pages\/6536\/revisions"}],"predecessor-version":[{"id":8476,"href":"https:\/\/marigeuer.com\/equilibrio\/wp-json\/wp\/v2\/pages\/6536\/revisions\/8476"}],"wp:attachment":[{"href":"https:\/\/marigeuer.com\/equilibrio\/wp-json\/wp\/v2\/media?parent=6536"}],"curies":[{"name":"wp","href":"https:\/\/api.w.org\/{rel}","templated":true}]}}